{"id":3763,"date":"2024-11-20T17:28:20","date_gmt":"2024-11-20T17:28:20","guid":{"rendered":"https:\/\/tempus-agency.com\/?post_type=product&#038;p=3763"},"modified":"2024-11-20T17:28:20","modified_gmt":"2024-11-20T17:28:20","slug":"imbus-kljuc-metricki","status":"publish","type":"product","link":"https:\/\/tempus-agency.com\/en\/product\/imbus-kljuc-metricki\/","title":{"rendered":"Allen Key \u2013 Metric"},"content":{"rendered":"<p><strong>Main Material:<\/strong> Chrome-Vanadium Steel<br \/>\n<strong>Operation Mode:<\/strong> Mechanical<\/p>","protected":false},"excerpt":{"rendered":"<p>Glavni materijal: Hrom-vanadijum \u010delik Na\u010din rada: Mehani\u010dki<\/p>","protected":false},"featured_media":3764,"comment_status":"closed","ping_status":"closed","template":"","meta":[],"product_brand":[],"product_cat":[24],"product_tag":[],"class_list":{"0":"post-3763","1":"product","2":"type-product","3":"status-publish","4":"has-post-thumbnail","6":"product_cat-uncategorized","8":"first","9":"instock","10":"shipping-taxable","11":"purchasable","12":"product-type-simple"},"_links":{"self":[{"href":"https:\/\/tempus-agency.com\/en\/wp-json\/wp\/v2\/product\/3763","targetHints":{"allow":["GET"]}}],"collection":[{"href":"https:\/\/tempus-agency.com\/en\/wp-json\/wp\/v2\/product"}],"about":[{"href":"https:\/\/tempus-agency.com\/en\/wp-json\/wp\/v2\/types\/product"}],"replies":[{"embeddable":true,"href":"https:\/\/tempus-agency.com\/en\/wp-json\/wp\/v2\/comments?post=3763"}],"wp:featuredmedia":[{"embeddable":true,"href":"https:\/\/tempus-agency.com\/en\/wp-json\/wp\/v2\/media\/3764"}],"wp:attachment":[{"href":"https:\/\/tempus-agency.com\/en\/wp-json\/wp\/v2\/media?parent=3763"}],"wp:term":[{"taxonomy":"product_brand","embeddable":true,"href":"https:\/\/tempus-agency.com\/en\/wp-json\/wp\/v2\/product_brand?post=3763"},{"taxonomy":"product_cat","embeddable":true,"href":"https:\/\/tempus-agency.com\/en\/wp-json\/wp\/v2\/product_cat?post=3763"},{"taxonomy":"product_tag","embeddable":true,"href":"https:\/\/tempus-agency.com\/en\/wp-json\/wp\/v2\/product_tag?post=3763"}],"curies":[{"name":"wp","href":"https:\/\/api.w.org\/{rel}","templated":true}]}}