{"id":3741,"date":"2024-11-20T17:09:51","date_gmt":"2024-11-20T17:09:51","guid":{"rendered":"https:\/\/tempus-agency.com\/?post_type=product&#038;p=3741"},"modified":"2024-11-20T17:09:51","modified_gmt":"2024-11-20T17:09:51","slug":"profesionalni-set-za-sisanje-sa-usb-punjenjem-za-muskarce","status":"publish","type":"product","link":"https:\/\/tempus-agency.com\/en\/product\/profesionalni-set-za-sisanje-sa-usb-punjenjem-za-muskarce\/","title":{"rendered":"Professional Hair Clipping Set with USB Charging for Men"},"content":{"rendered":"<p><strong>Power Supply:<\/strong> USB charging (built-in battery)<br \/>\n<strong>Housing Material:<\/strong> ABS plastic<br \/>\n<strong>Battery Features:<\/strong> Rechargeable battery<br \/>\n<strong>Battery Type:<\/strong> Lithium battery<br \/>\n<strong>Battery Capacity (mAh):<\/strong> 600 mAh<\/p>","protected":false},"excerpt":{"rendered":"<p>Napajanje: USB punjenje (ugra\u0111ena baterija) Materijal ku\u0107i\u0161ta: ABS plastika Svojstva baterije: Punjiva baterija Tip baterije: Litijumska baterija Kapacitet baterije (mAh): 600 mAh<\/p>","protected":false},"featured_media":3742,"comment_status":"closed","ping_status":"closed","template":"","meta":[],"product_brand":[],"product_cat":[24],"product_tag":[],"class_list":{"0":"post-3741","1":"product","2":"type-product","3":"status-publish","4":"has-post-thumbnail","6":"product_cat-uncategorized","8":"first","9":"instock","10":"shipping-taxable","11":"purchasable","12":"product-type-simple"},"_links":{"self":[{"href":"https:\/\/tempus-agency.com\/en\/wp-json\/wp\/v2\/product\/3741","targetHints":{"allow":["GET"]}}],"collection":[{"href":"https:\/\/tempus-agency.com\/en\/wp-json\/wp\/v2\/product"}],"about":[{"href":"https:\/\/tempus-agency.com\/en\/wp-json\/wp\/v2\/types\/product"}],"replies":[{"embeddable":true,"href":"https:\/\/tempus-agency.com\/en\/wp-json\/wp\/v2\/comments?post=3741"}],"wp:featuredmedia":[{"embeddable":true,"href":"https:\/\/tempus-agency.com\/en\/wp-json\/wp\/v2\/media\/3742"}],"wp:attachment":[{"href":"https:\/\/tempus-agency.com\/en\/wp-json\/wp\/v2\/media?parent=3741"}],"wp:term":[{"taxonomy":"product_brand","embeddable":true,"href":"https:\/\/tempus-agency.com\/en\/wp-json\/wp\/v2\/product_brand?post=3741"},{"taxonomy":"product_cat","embeddable":true,"href":"https:\/\/tempus-agency.com\/en\/wp-json\/wp\/v2\/product_cat?post=3741"},{"taxonomy":"product_tag","embeddable":true,"href":"https:\/\/tempus-agency.com\/en\/wp-json\/wp\/v2\/product_tag?post=3741"}],"curies":[{"name":"wp","href":"https:\/\/api.w.org\/{rel}","templated":true}]}}