{"id":3716,"date":"2024-11-19T19:30:25","date_gmt":"2024-11-19T19:30:25","guid":{"rendered":"https:\/\/tempus-agency.com\/?post_type=product&#038;p=3716"},"modified":"2024-11-19T19:30:25","modified_gmt":"2024-11-19T19:30:25","slug":"3-u-1-visenamjenski-usb-kabl-za-punjenje","status":"publish","type":"product","link":"https:\/\/tempus-agency.com\/en\/product\/3-u-1-visenamjenski-usb-kabl-za-punjenje\/","title":{"rendered":"3-in-1 Multifunctional USB Charging Cable"},"content":{"rendered":"<p><strong>Shape:<\/strong> Round<br \/>\n<strong>Finish Type:<\/strong> Matte<br \/>\n<strong>Connector Polarity:<\/strong> Male to Male<br \/>\n<strong>Material:<\/strong> Nylon<br \/>\n<strong>Input Connector Type:<\/strong> USB<br \/>\n<strong>Output Connector Type:<\/strong> Lightning<br \/>\n<strong>Input Power:<\/strong> 5\u201310 W<br \/>\n<strong>Output Power:<\/strong> 5\u201310 W<br \/>\n<strong>Power Supply Mode:<\/strong> USB charging<br \/>\n<strong>Operating Voltage:<\/strong> \u226436V<br \/>\n<strong>Brand:<\/strong> OLISHEN<br \/>\n<strong>Battery Features:<\/strong> No battery<\/p>","protected":false},"excerpt":{"rendered":"<p>Oblik: Okrugao Tip zavr\u0161ne obrade: Mat Polaritet konektora: Mu\u0161ki na mu\u0161ki Materijal: Najlon Tip ulaznog konektora: USB Tip izlaznog konektora: Lightning Ulazna snaga: 5\u201310 W Izlazna snaga: 5\u201310 W Na\u010din napajanja: USB punjenje Radni napon: \u226436V Brend: OLISHEN Svojstva baterije: Bez baterije<\/p>","protected":false},"featured_media":3718,"comment_status":"closed","ping_status":"closed","template":"","meta":[],"product_brand":[],"product_cat":[24],"product_tag":[],"class_list":{"0":"post-3716","1":"product","2":"type-product","3":"status-publish","4":"has-post-thumbnail","6":"product_cat-uncategorized","8":"first","9":"instock","10":"shipping-taxable","11":"purchasable","12":"product-type-simple"},"_links":{"self":[{"href":"https:\/\/tempus-agency.com\/en\/wp-json\/wp\/v2\/product\/3716","targetHints":{"allow":["GET"]}}],"collection":[{"href":"https:\/\/tempus-agency.com\/en\/wp-json\/wp\/v2\/product"}],"about":[{"href":"https:\/\/tempus-agency.com\/en\/wp-json\/wp\/v2\/types\/product"}],"replies":[{"embeddable":true,"href":"https:\/\/tempus-agency.com\/en\/wp-json\/wp\/v2\/comments?post=3716"}],"wp:featuredmedia":[{"embeddable":true,"href":"https:\/\/tempus-agency.com\/en\/wp-json\/wp\/v2\/media\/3718"}],"wp:attachment":[{"href":"https:\/\/tempus-agency.com\/en\/wp-json\/wp\/v2\/media?parent=3716"}],"wp:term":[{"taxonomy":"product_brand","embeddable":true,"href":"https:\/\/tempus-agency.com\/en\/wp-json\/wp\/v2\/product_brand?post=3716"},{"taxonomy":"product_cat","embeddable":true,"href":"https:\/\/tempus-agency.com\/en\/wp-json\/wp\/v2\/product_cat?post=3716"},{"taxonomy":"product_tag","embeddable":true,"href":"https:\/\/tempus-agency.com\/en\/wp-json\/wp\/v2\/product_tag?post=3716"}],"curies":[{"name":"wp","href":"https:\/\/api.w.org\/{rel}","templated":true}]}}