{"id":3714,"date":"2024-11-19T19:26:26","date_gmt":"2024-11-19T19:26:26","guid":{"rendered":"https:\/\/tempus-agency.com\/?post_type=product&#038;p=3714"},"modified":"2024-11-19T19:26:26","modified_gmt":"2024-11-19T19:26:26","slug":"bezicne-slusalice-2","status":"publish","type":"product","link":"https:\/\/tempus-agency.com\/en\/product\/bezicne-slusalice-2\/","title":{"rendered":"Wireless Headphones"},"content":{"rendered":"<p><strong>Battery Features:<\/strong> Rechargeable battery<br \/>\n<strong>Battery Type:<\/strong> Lithium-polymer battery<br \/>\n<strong>Wireless Connection Features:<\/strong> Wireless<br \/>\n<strong>Water Resistance Level:<\/strong> Not waterproof<br \/>\n<strong>Control Method:<\/strong> Push button<br \/>\n<strong>Headphone Features:<\/strong> Volume control<br \/>\n<strong>Control Type:<\/strong> Call control<br \/>\n<strong>Cable Features:<\/strong> Cable-free<br \/>\n<strong>Earbud Style:<\/strong> Closed design<br \/>\n<strong>Microphone Type:<\/strong> Condenser microphone<br \/>\n<strong>Headphone Jack:<\/strong> 3.5 mm<br \/>\n<strong>Compatible Device:<\/strong> Tablet<br \/>\n<strong>Accessories:<\/strong> Cable<br \/>\n<strong>Recommended Usage:<\/strong> Exercise<br \/>\n<strong>Theme:<\/strong> Movies, TV shows, video games<br \/>\n<strong>Battery Capacity:<\/strong> 200 mAh<br \/>\n<strong>Voltage:<\/strong> See product details<br \/>\n<strong>Charging Port:<\/strong> Type-C charging port<br \/>\n<strong>Supports Fast Charging:<\/strong> No<br \/>\n<strong>Includes Charger:<\/strong> No<br \/>\n<strong>Maximum Rated Power:<\/strong> 0.84 W<br \/>\n<strong>Minimum Rated Power:<\/strong> 0.042 W<\/p>","protected":false},"excerpt":{"rendered":"<p>Svojstva baterije: Punjiva baterija Tip baterije: Litijum-polimer baterija Karakteristike be\u017ei\u010dne veze: Be\u017ei\u010dne Nivo otpornosti na vodu: Nije vodootporne Na\u010din upravljanja: Tipka na pritisak Karakteristike slu\u0161alica: Kontrola ja\u010dine zvuka Tip kontrole: Kontrola poziva Karakteristike kabla: Bez kabla Stil nau\u0161nica: Zatvorenog dizajna Tip mikrofona: Kondenzatorski mikrofon Priklju\u010dak za slu\u0161alice: 3.5 mm Kompatibilni ure\u0111aj: Tablet Pribor: Kabl Preporu\u010deni [&hellip;]<\/p>\n","protected":false},"featured_media":3715,"comment_status":"closed","ping_status":"closed","template":"","meta":[],"product_brand":[],"product_cat":[24],"product_tag":[],"class_list":{"0":"post-3714","1":"product","2":"type-product","3":"status-publish","4":"has-post-thumbnail","6":"product_cat-uncategorized","8":"first","9":"instock","10":"shipping-taxable","11":"purchasable","12":"product-type-simple"},"_links":{"self":[{"href":"https:\/\/tempus-agency.com\/en\/wp-json\/wp\/v2\/product\/3714","targetHints":{"allow":["GET"]}}],"collection":[{"href":"https:\/\/tempus-agency.com\/en\/wp-json\/wp\/v2\/product"}],"about":[{"href":"https:\/\/tempus-agency.com\/en\/wp-json\/wp\/v2\/types\/product"}],"replies":[{"embeddable":true,"href":"https:\/\/tempus-agency.com\/en\/wp-json\/wp\/v2\/comments?post=3714"}],"wp:featuredmedia":[{"embeddable":true,"href":"https:\/\/tempus-agency.com\/en\/wp-json\/wp\/v2\/media\/3715"}],"wp:attachment":[{"href":"https:\/\/tempus-agency.com\/en\/wp-json\/wp\/v2\/media?parent=3714"}],"wp:term":[{"taxonomy":"product_brand","embeddable":true,"href":"https:\/\/tempus-agency.com\/en\/wp-json\/wp\/v2\/product_brand?post=3714"},{"taxonomy":"product_cat","embeddable":true,"href":"https:\/\/tempus-agency.com\/en\/wp-json\/wp\/v2\/product_cat?post=3714"},{"taxonomy":"product_tag","embeddable":true,"href":"https:\/\/tempus-agency.com\/en\/wp-json\/wp\/v2\/product_tag?post=3714"}],"curies":[{"name":"wp","href":"https:\/\/api.w.org\/{rel}","templated":true}]}}