{"id":3711,"date":"2024-11-19T19:22:54","date_gmt":"2024-11-19T19:22:54","guid":{"rendered":"https:\/\/tempus-agency.com\/?post_type=product&#038;p=3711"},"modified":"2024-11-19T19:22:55","modified_gmt":"2024-11-19T19:22:55","slug":"bezicne-slusalice","status":"publish","type":"product","link":"https:\/\/tempus-agency.com\/en\/product\/bezicne-slusalice\/","title":{"rendered":"Wireless Headphones"},"content":{"rendered":"<p><strong>Battery Features:<\/strong> Rechargeable battery<br \/>\n<strong>Rechargeable Battery:<\/strong> Lithium-polymer battery<br \/>\n<strong>Control Method:<\/strong> Push button<br \/>\n<strong>Headphone Features:<\/strong> Wireless<br \/>\n<strong>Control Type:<\/strong> Volume control<br \/>\n<strong>Wireless Connection Type:<\/strong> Wireless<br \/>\n<strong>Cable Features:<\/strong> Cable-free<br \/>\n<strong>Earbud Style:<\/strong> Open design<br \/>\n<strong>Age Group:<\/strong> Adults<br \/>\n<strong>Water Resistance Level:<\/strong> Not waterproof<br \/>\n<strong>Microphone Type:<\/strong> Condenser microphone<br \/>\n<strong>Theme:<\/strong> Anime, animals, TV shows, video games, cartoons<br \/>\n<strong>Compatible Device:<\/strong> Mobile phones<br \/>\n<strong>Recommended Usage:<\/strong> Gaming<br \/>\n<strong>Accessories:<\/strong> Cable<br \/>\n<strong>Headphone Jack:<\/strong> No jack<\/p>","protected":false},"excerpt":{"rendered":"<p>Svojstva baterije: Punjiva baterija Punjiva baterija: Litijum-polimer baterija Na\u010din upravljanja: Tipka na pritisak Karakteristike slu\u0161alica: Be\u017ei\u010dne Tip kontrole: Kontrola ja\u010dine zvuka Tip be\u017ei\u010dne veze: Be\u017ei\u010dna Karakteristike kabla: Bez kabla Stil nau\u0161nica: Otvorenog dizajna Starosna grupa: Odrasli Nivo otpornosti na vodu: Nije vodootporne Tip mikrofona: Kondenzatorski mikrofon Tema: Anime, \u017eivotinje, TV serije, video igre, crtani filmovi [&hellip;]<\/p>\n","protected":false},"featured_media":3712,"comment_status":"closed","ping_status":"closed","template":"","meta":[],"product_brand":[],"product_cat":[24],"product_tag":[],"class_list":{"0":"post-3711","1":"product","2":"type-product","3":"status-publish","4":"has-post-thumbnail","6":"product_cat-uncategorized","8":"first","9":"instock","10":"shipping-taxable","11":"purchasable","12":"product-type-simple"},"_links":{"self":[{"href":"https:\/\/tempus-agency.com\/en\/wp-json\/wp\/v2\/product\/3711","targetHints":{"allow":["GET"]}}],"collection":[{"href":"https:\/\/tempus-agency.com\/en\/wp-json\/wp\/v2\/product"}],"about":[{"href":"https:\/\/tempus-agency.com\/en\/wp-json\/wp\/v2\/types\/product"}],"replies":[{"embeddable":true,"href":"https:\/\/tempus-agency.com\/en\/wp-json\/wp\/v2\/comments?post=3711"}],"wp:featuredmedia":[{"embeddable":true,"href":"https:\/\/tempus-agency.com\/en\/wp-json\/wp\/v2\/media\/3712"}],"wp:attachment":[{"href":"https:\/\/tempus-agency.com\/en\/wp-json\/wp\/v2\/media?parent=3711"}],"wp:term":[{"taxonomy":"product_brand","embeddable":true,"href":"https:\/\/tempus-agency.com\/en\/wp-json\/wp\/v2\/product_brand?post=3711"},{"taxonomy":"product_cat","embeddable":true,"href":"https:\/\/tempus-agency.com\/en\/wp-json\/wp\/v2\/product_cat?post=3711"},{"taxonomy":"product_tag","embeddable":true,"href":"https:\/\/tempus-agency.com\/en\/wp-json\/wp\/v2\/product_tag?post=3711"}],"curies":[{"name":"wp","href":"https:\/\/api.w.org\/{rel}","templated":true}]}}