{"id":3708,"date":"2024-11-19T19:17:54","date_gmt":"2024-11-19T19:17:54","guid":{"rendered":"https:\/\/tempus-agency.com\/?post_type=product&#038;p=3708"},"modified":"2024-11-19T19:17:54","modified_gmt":"2024-11-19T19:17:54","slug":"carobne-led-svjetiljke-sa-zelenim-tkaninskim-listovima","status":"publish","type":"product","link":"https:\/\/tempus-agency.com\/en\/product\/carobne-led-svjetiljke-sa-zelenim-tkaninskim-listovima\/","title":{"rendered":"Magic LED Lamps with Green Fabric Leaves"},"content":{"rendered":"<ol>\n<li>The battery-operated light string features multiple LED lights, perfect for enhancing any decorative project.<\/li>\n<li>A transparent, compact battery box is easy to hide and requires 2 AA batteries.<\/li>\n<li>Ideal for gifts, party decorations, etc. The colorful fabric leaves are exceptionally beautiful and visually appealing.<\/li>\n<\/ol>\n<p><strong>Specification:<\/strong><\/p>\n<ul>\n<li><strong>Product Type:<\/strong> Light string with fabric leaves<\/li>\n<li><strong>Material:<\/strong> Plastic<\/li>\n<li><strong>Cable Length of Light Source:<\/strong> Approximately 200 cm \/ 78.74 inches (manual measurement, slight deviations possible)<\/li>\n<li><strong>Battery Type:<\/strong> 2 AA batteries (not included)<\/li>\n<\/ul>\n<p><strong>Package Includes:<\/strong><\/p>\n<p>1 x LED Light String<\/p>","protected":false},"excerpt":{"rendered":"<p>Svjetlosni niz na baterije sadr\u017ei vi\u0161e LED svjetiljki, savr\u0161enih kao dodatak za osvjetljenje u bilo kojem dekorativnom projektu. Providna i mala kutija za baterije lako se sakriva, zahtijeva 2 AA baterije. Pogodno za poklone, dekoraciju zabava itd. \u0160areni listovi su izuzetno lijepi i estetski privla\u010dni. Specifikacija: Tip proizvoda: Svjetlosni niz sa listovima od tkanine Materijal: [&hellip;]<\/p>\n","protected":false},"featured_media":3710,"comment_status":"closed","ping_status":"closed","template":"","meta":[],"product_brand":[],"product_cat":[24],"product_tag":[],"class_list":{"0":"post-3708","1":"product","2":"type-product","3":"status-publish","4":"has-post-thumbnail","6":"product_cat-uncategorized","8":"first","9":"instock","10":"shipping-taxable","11":"purchasable","12":"product-type-simple"},"_links":{"self":[{"href":"https:\/\/tempus-agency.com\/en\/wp-json\/wp\/v2\/product\/3708","targetHints":{"allow":["GET"]}}],"collection":[{"href":"https:\/\/tempus-agency.com\/en\/wp-json\/wp\/v2\/product"}],"about":[{"href":"https:\/\/tempus-agency.com\/en\/wp-json\/wp\/v2\/types\/product"}],"replies":[{"embeddable":true,"href":"https:\/\/tempus-agency.com\/en\/wp-json\/wp\/v2\/comments?post=3708"}],"wp:featuredmedia":[{"embeddable":true,"href":"https:\/\/tempus-agency.com\/en\/wp-json\/wp\/v2\/media\/3710"}],"wp:attachment":[{"href":"https:\/\/tempus-agency.com\/en\/wp-json\/wp\/v2\/media?parent=3708"}],"wp:term":[{"taxonomy":"product_brand","embeddable":true,"href":"https:\/\/tempus-agency.com\/en\/wp-json\/wp\/v2\/product_brand?post=3708"},{"taxonomy":"product_cat","embeddable":true,"href":"https:\/\/tempus-agency.com\/en\/wp-json\/wp\/v2\/product_cat?post=3708"},{"taxonomy":"product_tag","embeddable":true,"href":"https:\/\/tempus-agency.com\/en\/wp-json\/wp\/v2\/product_tag?post=3708"}],"curies":[{"name":"wp","href":"https:\/\/api.w.org\/{rel}","templated":true}]}}