{"id":3704,"date":"2024-11-19T19:13:11","date_gmt":"2024-11-19T19:13:11","guid":{"rendered":"https:\/\/tempus-agency.com\/?post_type=product&#038;p=3704"},"modified":"2024-11-19T19:13:12","modified_gmt":"2024-11-19T19:13:12","slug":"univerzalni-putni-adapter-sa-dvostrukim-usb-portovima","status":"publish","type":"product","link":"https:\/\/tempus-agency.com\/en\/product\/univerzalni-putni-adapter-sa-dvostrukim-usb-portovima\/","title":{"rendered":"Universal Travel Adapter with Dual USB Ports"},"content":{"rendered":"<p><strong>Power Supply Mode:<\/strong> Mains power<br \/>\n<strong>Operating Voltage:<\/strong> 85V\u2013265V<br \/>\n<strong>Socket Types:<\/strong> American socket, British socket, Australian socket, European socket<br \/>\n<strong>Battery Features:<\/strong> No battery<\/p>","protected":false},"excerpt":{"rendered":"<p>Na\u010din napajanja: Napajanje iz mre\u017ee Radni napon: 85V\u2013265V Tip uti\u010dnice: Ameri\u010dka uti\u010dnica, britanska uti\u010dnica, australijska uti\u010dnica, evropska uti\u010dnica Svojstva baterije: Bez baterije<\/p>","protected":false},"featured_media":3707,"comment_status":"closed","ping_status":"closed","template":"","meta":[],"product_brand":[],"product_cat":[24],"product_tag":[],"class_list":{"0":"post-3704","1":"product","2":"type-product","3":"status-publish","4":"has-post-thumbnail","6":"product_cat-uncategorized","8":"first","9":"instock","10":"shipping-taxable","11":"purchasable","12":"product-type-simple"},"_links":{"self":[{"href":"https:\/\/tempus-agency.com\/en\/wp-json\/wp\/v2\/product\/3704","targetHints":{"allow":["GET"]}}],"collection":[{"href":"https:\/\/tempus-agency.com\/en\/wp-json\/wp\/v2\/product"}],"about":[{"href":"https:\/\/tempus-agency.com\/en\/wp-json\/wp\/v2\/types\/product"}],"replies":[{"embeddable":true,"href":"https:\/\/tempus-agency.com\/en\/wp-json\/wp\/v2\/comments?post=3704"}],"wp:featuredmedia":[{"embeddable":true,"href":"https:\/\/tempus-agency.com\/en\/wp-json\/wp\/v2\/media\/3707"}],"wp:attachment":[{"href":"https:\/\/tempus-agency.com\/en\/wp-json\/wp\/v2\/media?parent=3704"}],"wp:term":[{"taxonomy":"product_brand","embeddable":true,"href":"https:\/\/tempus-agency.com\/en\/wp-json\/wp\/v2\/product_brand?post=3704"},{"taxonomy":"product_cat","embeddable":true,"href":"https:\/\/tempus-agency.com\/en\/wp-json\/wp\/v2\/product_cat?post=3704"},{"taxonomy":"product_tag","embeddable":true,"href":"https:\/\/tempus-agency.com\/en\/wp-json\/wp\/v2\/product_tag?post=3704"}],"curies":[{"name":"wp","href":"https:\/\/api.w.org\/{rel}","templated":true}]}}