{"id":3701,"date":"2024-11-19T19:08:26","date_gmt":"2024-11-19T19:08:26","guid":{"rendered":"https:\/\/tempus-agency.com\/?post_type=product&#038;p=3701"},"modified":"2024-11-19T19:08:26","modified_gmt":"2024-11-19T19:08:26","slug":"visenamjenska-cob-magnetna-radna-lampa","status":"publish","type":"product","link":"https:\/\/tempus-agency.com\/en\/product\/visenamjenska-cob-magnetna-radna-lampa\/","title":{"rendered":"Multifunctional COB Magnetic Work Light"},"content":{"rendered":"<p><strong>Accessories:<\/strong> USB cable<br \/>\n<strong>Maximum Light Intensity:<\/strong> 150 (ne uklju\u010duju\u0107i 150) \u2013 350 lumena (uklju\u010duju\u0107i 350)<br \/>\n<strong>Power Supply Mode:<\/strong> USB charging<br \/>\n<strong>Operating Voltage:<\/strong> \u226436V<br \/>\n<strong>Battery Features:<\/strong> Rechargeable battery<br \/>\n<strong>Rechargeable Battery:<\/strong> Lithium battery \u2013 18650 series<br \/>\n<strong>Number of Modes:<\/strong> 4<br \/>\n<strong>Interface Type:<\/strong> Type-C<br \/>\n<strong>Battery Capacity (mAh):<\/strong> 400 mAh<br \/>\n<strong>Material:<\/strong> ABS<br \/>\n<strong>Range:<\/strong> 0\u2013200 m<br \/>\n<strong>Light Source:<\/strong> Standardni LED (1 W ili manje)<\/p>","protected":false},"excerpt":{"rendered":"<p>Pribor: USB kabl Maksimalna ja\u010dina svjetlosti: 150 (ne uklju\u010duju\u0107i 150) \u2013 350 lumena (uklju\u010duju\u0107i 350) Na\u010din napajanja: USB punjenje Radni napon: \u226436V Svojstva baterije: Punjiva baterija Punjiva baterija: Litijumska baterija &#8211; Serija 18650 Broj modova: 4 Tip interfejsa: Type-C Kapacitet baterije (mAh): 400 mAh Materijal: ABS Domet: 0\u2013200 m Izvor svjetlosti: Standardni LED (1 W [&hellip;]<\/p>\n","protected":false},"featured_media":3702,"comment_status":"closed","ping_status":"closed","template":"","meta":[],"product_brand":[],"product_cat":[24],"product_tag":[],"class_list":{"0":"post-3701","1":"product","2":"type-product","3":"status-publish","4":"has-post-thumbnail","6":"product_cat-uncategorized","8":"first","9":"instock","10":"shipping-taxable","11":"purchasable","12":"product-type-simple"},"_links":{"self":[{"href":"https:\/\/tempus-agency.com\/en\/wp-json\/wp\/v2\/product\/3701","targetHints":{"allow":["GET"]}}],"collection":[{"href":"https:\/\/tempus-agency.com\/en\/wp-json\/wp\/v2\/product"}],"about":[{"href":"https:\/\/tempus-agency.com\/en\/wp-json\/wp\/v2\/types\/product"}],"replies":[{"embeddable":true,"href":"https:\/\/tempus-agency.com\/en\/wp-json\/wp\/v2\/comments?post=3701"}],"wp:featuredmedia":[{"embeddable":true,"href":"https:\/\/tempus-agency.com\/en\/wp-json\/wp\/v2\/media\/3702"}],"wp:attachment":[{"href":"https:\/\/tempus-agency.com\/en\/wp-json\/wp\/v2\/media?parent=3701"}],"wp:term":[{"taxonomy":"product_brand","embeddable":true,"href":"https:\/\/tempus-agency.com\/en\/wp-json\/wp\/v2\/product_brand?post=3701"},{"taxonomy":"product_cat","embeddable":true,"href":"https:\/\/tempus-agency.com\/en\/wp-json\/wp\/v2\/product_cat?post=3701"},{"taxonomy":"product_tag","embeddable":true,"href":"https:\/\/tempus-agency.com\/en\/wp-json\/wp\/v2\/product_tag?post=3701"}],"curies":[{"name":"wp","href":"https:\/\/api.w.org\/{rel}","templated":true}]}}