{"id":4194,"date":"2024-12-16T19:42:38","date_gmt":"2024-12-16T19:42:38","guid":{"rendered":"https:\/\/tempus-agency.com\/?page_id=4194"},"modified":"2024-12-19T14:19:04","modified_gmt":"2024-12-19T14:19:04","slug":"agencije-na-kruzerima","status":"publish","type":"page","link":"https:\/\/tempus-agency.com\/en\/agencije-na-kruzerima\/","title":{"rendered":"Agencije na kruzerima"},"content":{"rendered":"<div data-elementor-type=\"wp-page\" data-elementor-id=\"4194\" class=\"elementor elementor-4194\" data-elementor-post-type=\"page\">\n\t\t\t\t<div class=\"elementor-element elementor-element-1eafdb5 e-con-full e-flex e-con e-child\" data-id=\"1eafdb5\" data-element_type=\"container\" data-e-type=\"container\">\n\t\t\t\t<div class=\"elementor-element elementor-element-1a24cfd elementor-widget elementor-widget-heading\" data-id=\"1a24cfd\" data-element_type=\"widget\" data-e-type=\"widget\" data-widget_type=\"heading.default\">\n\t\t\t\t<div class=\"elementor-widget-container\">\n\t\t\t\t\t<h2 class=\"elementor-heading-title elementor-size-default\">CRUISE SHIP RECRUITMENT AGENCY LIST<\/h2>\t\t\t\t<\/div>\n\t\t\t\t<\/div>\n\t\t\t\t<div class=\"elementor-element elementor-element-7df4a6f elementor-widget elementor-widget-image\" data-id=\"7df4a6f\" data-element_type=\"widget\" data-e-type=\"widget\" data-widget_type=\"image.default\">\n\t\t\t\t<div class=\"elementor-widget-container\">\n\t\t\t\t\t\t\t\t\t\t\t\t\t\t\t<img decoding=\"async\" src=\"https:\/\/tempus-agency.com\/wp-content\/uploads\/elementor\/thumbs\/logotempus-1-qg30mifo8bytvrui5kj9nirecr5dip3vurbql9f4ag.png\" title=\"logotempus.png\" alt=\"logotempus.png\" loading=\"lazy\" \/>\t\t\t\t\t\t\t\t\t\t\t\t\t\t\t<\/div>\n\t\t\t\t<\/div>\n\t\t\t\t<\/div>\n\t\t<div class=\"elementor-element elementor-element-1c5d883 e-con-full e-flex e-con e-parent\" data-id=\"1c5d883\" data-element_type=\"container\" data-e-type=\"container\">\n\t\t\t\t<div class=\"elementor-element elementor-element-c05145d elementor-widget__width-inherit elementor-widget elementor-widget-heading\" data-id=\"c05145d\" data-element_type=\"widget\" data-e-type=\"widget\" data-widget_type=\"heading.default\">\n\t\t\t\t<div class=\"elementor-widget-container\">\n\t\t\t\t\t<h2 class=\"elementor-heading-title elementor-size-default\">How to Find the Right Recruitment Agency\n\n\n<\/h2>\t\t\t\t<\/div>\n\t\t\t\t<\/div>\n\t\t\t\t<div class=\"elementor-element elementor-element-2b43d9e elementor-widget__width-inherit elementor-widget elementor-widget-text-editor\" data-id=\"2b43d9e\" data-element_type=\"widget\" data-e-type=\"widget\" data-widget_type=\"text-editor.default\">\n\t\t\t\t<div class=\"elementor-widget-container\">\n\t\t\t\t\t\t\t\t\t<p>Finding the right recruitment agency is a crucial step in securing a job on a cruise ship. Most\npositions on cruise ships require you to apply through specialized agencies, so knowing\nwhere to look is essential. While selecting the right agency can be challenging, a list of\ntrusted and active agencies can significantly simplify the entire application process. The\nagencies listed here have been verified and are safe to use.<\/p>\t\t\t\t\t\t\t\t<\/div>\n\t\t\t\t<\/div>\n\t\t\t\t<\/div>\n\t\t<div class=\"elementor-element elementor-element-956f48a e-con-full e-flex e-con e-parent\" data-id=\"956f48a\" data-element_type=\"container\" data-e-type=\"container\">\n\t\t\t\t<div class=\"elementor-element elementor-element-4c7c90e elementor-widget__width-inherit elementor-widget elementor-widget-heading\" data-id=\"4c7c90e\" data-element_type=\"widget\" data-e-type=\"widget\" data-widget_type=\"heading.default\">\n\t\t\t\t<div class=\"elementor-widget-container\">\n\t\t\t\t\t<h2 class=\"elementor-heading-title elementor-size-default\">How to Choose the Right Agency\n\n<\/h2>\t\t\t\t<\/div>\n\t\t\t\t<\/div>\n\t\t\t\t<div class=\"elementor-element elementor-element-6a2fc36 elementor-widget elementor-widget-text-editor\" data-id=\"6a2fc36\" data-element_type=\"widget\" data-e-type=\"widget\" data-widget_type=\"text-editor.default\">\n\t\t\t\t<div class=\"elementor-widget-container\">\n\t\t\t\t\t\t\t\t\t<p>At the top of the list are global agencies that hire candidates from all parts of the world.\nBelow them, agencies are grouped by continents, as most agencies recruit people from the\nsame continent or similar geographic regions. For instance, the &quot;See Chefs&quot; agency based in\nMalta hires candidates from all over Europe, so applicants don\u2019t need to be from Malta to\napply.\nFields marked as &quot;N\/A&quot; indicate that such information isn\u2019t available online. If an agency is\nnot listed, it means its reliability is not guaranteed, and caution should be exercised when\nchoosing it.<\/p>\t\t\t\t\t\t\t\t<\/div>\n\t\t\t\t<\/div>\n\t\t\t\t<\/div>\n\t\t<div class=\"elementor-element elementor-element-ff7b0f7 e-con-full e-flex e-con e-parent\" data-id=\"ff7b0f7\" data-element_type=\"container\" data-e-type=\"container\">\n\t\t\t\t<div class=\"elementor-element elementor-element-e631f87 elementor-widget__width-inherit elementor-widget elementor-widget-heading\" data-id=\"e631f87\" data-element_type=\"widget\" data-e-type=\"widget\" data-widget_type=\"heading.default\">\n\t\t\t\t<div class=\"elementor-widget-container\">\n\t\t\t\t\t<h2 class=\"elementor-heading-title elementor-size-default\">How to Select the Best Agency for You\n\n<\/h2>\t\t\t\t<\/div>\n\t\t\t\t<\/div>\n\t\t\t\t<div class=\"elementor-element elementor-element-1d004e0 elementor-widget elementor-widget-text-editor\" data-id=\"1d004e0\" data-element_type=\"widget\" data-e-type=\"widget\" data-widget_type=\"text-editor.default\">\n\t\t\t\t<div class=\"elementor-widget-container\">\n\t\t\t\t\t\t\t\t\t<p>It is recommended to carefully review the agencies from your continent and compare them\nbased on the terms and types of jobs they offer. This step is crucial as it helps find the agency\nthat best suits your needs and experience.<\/p>\t\t\t\t\t\t\t\t<\/div>\n\t\t\t\t<\/div>\n\t\t\t\t<\/div>\n\t\t<div class=\"elementor-element elementor-element-9755a40 e-con-full e-flex e-con e-parent\" data-id=\"9755a40\" data-element_type=\"container\" data-e-type=\"container\">\n\t\t\t\t<div class=\"elementor-element elementor-element-e373cdf elementor-widget__width-inherit elementor-widget elementor-widget-heading\" data-id=\"e373cdf\" data-element_type=\"widget\" data-e-type=\"widget\" data-widget_type=\"heading.default\">\n\t\t\t\t<div class=\"elementor-widget-container\">\n\t\t\t\t\t<h2 class=\"elementor-heading-title elementor-size-default\">Where to Find Cruise Job Listings\n<\/h2>\t\t\t\t<\/div>\n\t\t\t\t<\/div>\n\t\t\t\t<div class=\"elementor-element elementor-element-cdf5d97 elementor-widget elementor-widget-text-editor\" data-id=\"cdf5d97\" data-element_type=\"widget\" data-e-type=\"widget\" data-widget_type=\"text-editor.default\">\n\t\t\t\t<div class=\"elementor-widget-container\">\n\t\t\t\t\t\t\t\t\t<p>To keep track of current cruise ship job postings, the following websites are recommended:<\/p><ul><li>All Cruise Jobs<\/li><li>Cruise Job Finder<\/li><li>Cruise Ship Job<\/li><\/ul>\t\t\t\t\t\t\t\t<\/div>\n\t\t\t\t<\/div>\n\t\t\t\t<\/div>\n\t\t<div class=\"elementor-element elementor-element-61eae50 e-con-full e-flex e-con e-parent\" data-id=\"61eae50\" data-element_type=\"container\" data-e-type=\"container\">\n\t\t\t\t<div class=\"elementor-element elementor-element-031bce9 elementor-widget__width-inherit elementor-widget elementor-widget-heading\" data-id=\"031bce9\" data-element_type=\"widget\" data-e-type=\"widget\" data-widget_type=\"heading.default\">\n\t\t\t\t<div class=\"elementor-widget-container\">\n\t\t\t\t\t<h2 class=\"elementor-heading-title elementor-size-default\">Jobs via Concessionaires\n<\/h2>\t\t\t\t<\/div>\n\t\t\t\t<\/div>\n\t\t\t\t<div class=\"elementor-element elementor-element-b0449ba elementor-widget elementor-widget-text-editor\" data-id=\"b0449ba\" data-element_type=\"widget\" data-e-type=\"widget\" data-widget_type=\"text-editor.default\">\n\t\t\t\t<div class=\"elementor-widget-container\">\n\t\t\t\t\t\t\t\t\t<p>Many cruise ship positions, such as those in gift shops, casinos, spa centers, and photography\ndepartments, are often filled through concessionaire companies. These companies partner\nwith cruise lines and independently recruit, train, and deploy staff to the ships. It is worth\nnoting that many concessionaire companies work with multiple cruise lines.\u00a0<\/p><p><span style=\"color: var( --e-global-color-text ); text-align: var(--text-align);\">When browsing recruitment websites, pay attention to terms like:\u00a0<\/span><span style=\"color: var( --e-global-color-text ); text-align: var(--text-align);\">Business Partners\n(Carnival Cruise Lines), Other Services\u00a0<\/span><span style=\"color: var( --e-global-color-text ); text-align: var(--text-align);\">(Royal Caribbean), Other Departments (Princess\nCruises), and Additional Onboard Positions (Disney Cruise Line).<\/span><\/p>\t\t\t\t\t\t\t\t<\/div>\n\t\t\t\t<\/div>\n\t\t\t\t<\/div>\n\t\t<div class=\"elementor-element elementor-element-6289126 e-con-full e-flex e-con e-parent\" data-id=\"6289126\" data-element_type=\"container\" data-e-type=\"container\">\n\t\t\t\t<div class=\"elementor-element elementor-element-e25627f elementor-widget__width-inherit elementor-widget elementor-widget-heading\" data-id=\"e25627f\" data-element_type=\"widget\" data-e-type=\"widget\" data-widget_type=\"heading.default\">\n\t\t\t\t<div class=\"elementor-widget-container\">\n\t\t\t\t\t<h2 class=\"elementor-heading-title elementor-size-default\">Leading Concessionaire Companies in the Cruise Industry<\/h2>\t\t\t\t<\/div>\n\t\t\t\t<\/div>\n\t\t\t\t<div class=\"elementor-element elementor-element-af925a5 elementor-widget elementor-widget-text-editor\" data-id=\"af925a5\" data-element_type=\"widget\" data-e-type=\"widget\" data-widget_type=\"text-editor.default\">\n\t\t\t\t<div class=\"elementor-widget-container\">\n\t\t\t\t\t\t\t\t\t<ul>\n<li>Carnival Cruise Lines<\/li>\n<li>Royal Caribbean<\/li>\n<li>Princess Cruises<\/li>\n<li>Disney Cruise Line<\/li>\n<\/ul>\n<p>For more information on business partners and how to apply for specific jobs, it is\nrecommended to follow the links to the official pages of these companies.<\/p>\t\t\t\t\t\t\t\t<\/div>\n\t\t\t\t<\/div>\n\t\t\t\t<\/div>\n\t\t<div class=\"elementor-element elementor-element-df480e3 e-flex e-con-boxed e-con e-parent\" data-id=\"df480e3\" data-element_type=\"container\" data-e-type=\"container\">\n\t\t\t\t\t<div class=\"e-con-inner\">\n\t\t\t\t<div class=\"elementor-element elementor-element-53c9c3d elementor-widget elementor-widget-image\" data-id=\"53c9c3d\" data-element_type=\"widget\" data-e-type=\"widget\" data-widget_type=\"image.default\">\n\t\t\t\t<div class=\"elementor-widget-container\">\n\t\t\t\t\t\t\t\t\t\t\t\t\t\t\t<img fetchpriority=\"high\" decoding=\"async\" width=\"1180\" height=\"2560\" src=\"https:\/\/tempus-agency.com\/wp-content\/uploads\/2024\/12\/Recruitment-Agency-List-2-ia96no_page-0001-scaled.jpg\" class=\"attachment-full size-full wp-image-4211\" alt=\"\" srcset=\"https:\/\/tempus-agency.com\/wp-content\/uploads\/2024\/12\/Recruitment-Agency-List-2-ia96no_page-0001-scaled.jpg 1180w, https:\/\/tempus-agency.com\/wp-content\/uploads\/2024\/12\/Recruitment-Agency-List-2-ia96no_page-0001-138x300.jpg 138w, https:\/\/tempus-agency.com\/wp-content\/uploads\/2024\/12\/Recruitment-Agency-List-2-ia96no_page-0001-472x1024.jpg 472w, https:\/\/tempus-agency.com\/wp-content\/uploads\/2024\/12\/Recruitment-Agency-List-2-ia96no_page-0001-768x1666.jpg 768w, https:\/\/tempus-agency.com\/wp-content\/uploads\/2024\/12\/Recruitment-Agency-List-2-ia96no_page-0001-708x1536.jpg 708w, https:\/\/tempus-agency.com\/wp-content\/uploads\/2024\/12\/Recruitment-Agency-List-2-ia96no_page-0001-944x2048.jpg 944w, https:\/\/tempus-agency.com\/wp-content\/uploads\/2024\/12\/Recruitment-Agency-List-2-ia96no_page-0001-6x12.jpg 6w, https:\/\/tempus-agency.com\/wp-content\/uploads\/2024\/12\/Recruitment-Agency-List-2-ia96no_page-0001-600x1301.jpg 600w\" sizes=\"(max-width: 1180px) 100vw, 1180px\" \/>\t\t\t\t\t\t\t\t\t\t\t\t\t\t\t<\/div>\n\t\t\t\t<\/div>\n\t\t\t\t\t<\/div>\n\t\t\t\t<\/div>\n\t\t\t\t<\/div>","protected":false},"excerpt":{"rendered":"<p>SPISAK AGENCIJA ZA ZAPO\u0160LJAVANJE NA KRUZERIMA Kako prona\u0107i pravu agenciju za zapo\u0161ljavanje Pronalazak prave agencije za zapo\u0161ljavanje klju\u010dan je korak u procesu dobijanja posla na kruzeru. Ve\u0107ina pozicija na brodovima zahteva da se prijavite putem specijalizovanih agencija, pa je va\u017eno znati gde tra\u017eiti. Iako mo\u017ee biti te\u0161ko odabrati odgovaraju\u0107u agenciju, popis pouzdanih i aktivnih agencija [&hellip;]<\/p>\n","protected":false},"author":1,"featured_media":0,"parent":0,"menu_order":0,"comment_status":"closed","ping_status":"closed","template":"elementor_header_footer","meta":{"footnotes":""},"class_list":["post-4194","page","type-page","status-publish","hentry"],"_links":{"self":[{"href":"https:\/\/tempus-agency.com\/en\/wp-json\/wp\/v2\/pages\/4194","targetHints":{"allow":["GET"]}}],"collection":[{"href":"https:\/\/tempus-agency.com\/en\/wp-json\/wp\/v2\/pages"}],"about":[{"href":"https:\/\/tempus-agency.com\/en\/wp-json\/wp\/v2\/types\/page"}],"author":[{"embeddable":true,"href":"https:\/\/tempus-agency.com\/en\/wp-json\/wp\/v2\/users\/1"}],"replies":[{"embeddable":true,"href":"https:\/\/tempus-agency.com\/en\/wp-json\/wp\/v2\/comments?post=4194"}],"version-history":[{"count":25,"href":"https:\/\/tempus-agency.com\/en\/wp-json\/wp\/v2\/pages\/4194\/revisions"}],"predecessor-version":[{"id":4267,"href":"https:\/\/tempus-agency.com\/en\/wp-json\/wp\/v2\/pages\/4194\/revisions\/4267"}],"wp:attachment":[{"href":"https:\/\/tempus-agency.com\/en\/wp-json\/wp\/v2\/media?parent=4194"}],"curies":[{"name":"wp","href":"https:\/\/api.w.org\/{rel}","templated":true}]}}