{"id":3685,"date":"2024-11-19T16:12:17","date_gmt":"2024-11-19T16:12:17","guid":{"rendered":"https:\/\/tempus-agency.com\/?page_id=3685"},"modified":"2024-11-20T18:29:10","modified_gmt":"2024-11-20T18:29:10","slug":"prodavnica","status":"publish","type":"page","link":"https:\/\/tempus-agency.com\/en\/prodavnica\/","title":{"rendered":"Shop"},"content":{"rendered":"<div data-elementor-type=\"wp-page\" data-elementor-id=\"3685\" class=\"elementor elementor-3685\" data-elementor-post-type=\"page\">\n\t\t\t\t<div class=\"elementor-element elementor-element-086a2d0 e-con-full e-flex e-con e-parent\" data-id=\"086a2d0\" data-element_type=\"container\" data-e-type=\"container\">\n\t\t<div class=\"elementor-element elementor-element-f7a293f e-con-full e-flex e-con e-child\" data-id=\"f7a293f\" data-element_type=\"container\" data-e-type=\"container\" data-settings=\"{&quot;background_background&quot;:&quot;classic&quot;}\">\n\t\t\t\t<div class=\"elementor-element elementor-element-6648a28 elementor-widget elementor-widget-heading\" data-id=\"6648a28\" data-element_type=\"widget\" data-e-type=\"widget\" data-widget_type=\"heading.default\">\n\t\t\t\t<div class=\"elementor-widget-container\">\n\t\t\t\t\t<h2 class=\"elementor-heading-title elementor-size-default\">shop<\/h2>\t\t\t\t<\/div>\n\t\t\t\t<\/div>\n\t\t\t\t<\/div>\n\t\t\t\t<\/div>\n\t\t<div class=\"elementor-element elementor-element-13fd3ce e-flex e-con-boxed e-con e-parent\" data-id=\"13fd3ce\" data-element_type=\"container\" data-e-type=\"container\">\n\t\t\t\t\t<div class=\"e-con-inner\">\n\t\t\t\t<div class=\"elementor-element elementor-element-c37320d elementor-product-loop-item--align-center elementor-grid-4 elementor-grid-tablet-3 elementor-grid-mobile-2 elementor-products-grid elementor-wc-products elementor-show-pagination-border-yes elementor-widget elementor-widget-woocommerce-products\" data-id=\"c37320d\" data-element_type=\"widget\" data-e-type=\"widget\" data-widget_type=\"woocommerce-products.default\">\n\t\t\t\t<div class=\"elementor-widget-container\">\n\t\t\t\t\t<div class=\"woocommerce columns-4\"><div class=\"woocommerce-notices-wrapper\"><\/div><form class=\"woocommerce-ordering\" method=\"get\" action=\"\">\n\t\t<select\n\t\tname=\"orderby\"\n\t\tclass=\"orderby\"\n\t\t\t\t\taria-label=\"Shop order\" data-no-translation-aria-label=\"\"\n\t\t\t>\n\t\t\t\t\t<option value=\"menu_order\"  selected='selected' data-no-translation=\"\" data-trp-gettext=\"\">Default sorting<\/option>\n\t\t\t\t\t<option value=\"popularity\" data-no-translation=\"\" data-trp-gettext=\"\" >Sort by popularity<\/option>\n\t\t\t\t\t<option value=\"rating\" data-no-translation=\"\" data-trp-gettext=\"\" >Sort by average rating<\/option>\n\t\t\t\t\t<option value=\"date\" data-no-translation=\"\" data-trp-gettext=\"\" >Sort by latest<\/option>\n\t\t\t\t\t<option value=\"price\" data-no-translation=\"\" data-trp-gettext=\"\" >Sort by price: low to high<\/option>\n\t\t\t\t\t<option value=\"price-desc\" data-no-translation=\"\" data-trp-gettext=\"\" >Sort by price: high to low<\/option>\n\t\t\t<\/select>\n\t<input type=\"hidden\" name=\"paged\" value=\"1\" \/>\n\t<input type=\"hidden\" name=\"trp-form-language\" value=\"en\"\/><\/form>\n<ul class=\"products elementor-grid columns-4\">\n<li class=\"product type-product post-3759 status-publish first instock product_cat-uncategorized has-post-thumbnail shipping-taxable purchasable product-type-simple\">\n\t<a href=\"https:\/\/tempus-agency.com\/en\/product\/10pcs-set-odvijaca\/\" class=\"woocommerce-LoopProduct-link woocommerce-loop-product__link\"><img fetchpriority=\"high\" decoding=\"async\" width=\"300\" height=\"300\" src=\"https:\/\/tempus-agency.com\/wp-content\/uploads\/2024\/11\/temu_601099550253563_main_1-300x300.jpg\" class=\"attachment-woocommerce_thumbnail size-woocommerce_thumbnail\" alt=\"10pcs Set odvija\u010da\" srcset=\"https:\/\/tempus-agency.com\/wp-content\/uploads\/2024\/11\/temu_601099550253563_main_1-300x300.jpg 300w, https:\/\/tempus-agency.com\/wp-content\/uploads\/2024\/11\/temu_601099550253563_main_1-150x150.jpg 150w, https:\/\/tempus-agency.com\/wp-content\/uploads\/2024\/11\/temu_601099550253563_main_1-768x768.jpg 768w, https:\/\/tempus-agency.com\/wp-content\/uploads\/2024\/11\/temu_601099550253563_main_1-12x12.jpg 12w, https:\/\/tempus-agency.com\/wp-content\/uploads\/2024\/11\/temu_601099550253563_main_1-600x600.jpg 600w, https:\/\/tempus-agency.com\/wp-content\/uploads\/2024\/11\/temu_601099550253563_main_1-100x100.jpg 100w, https:\/\/tempus-agency.com\/wp-content\/uploads\/2024\/11\/temu_601099550253563_main_1.jpg 800w\" sizes=\"(max-width: 300px) 100vw, 300px\" \/><h2 class=\"woocommerce-loop-product__title\">10pcs Screwdriver Set<\/h2>\n\t<span class=\"price\"><span class=\"woocommerce-Price-amount amount\"><bdi>19,20&nbsp;<span class=\"woocommerce-Price-currencySymbol\">&euro;<\/span><\/bdi><\/span><\/span>\n<\/a><a href=\"\/en\/wp-json\/wp\/v2\/pages\/3685?add-to-cart=3759\" aria-describedby=\"woocommerce_loop_add_to_cart_link_describedby_3759\" data-quantity=\"1\" class=\"button product_type_simple add_to_cart_button ajax_add_to_cart\" data-product_id=\"3759\" data-product_sku=\"\" aria-label=\"Add to cart: \u201c10pcs Set odvija\u010da\u201d\" rel=\"nofollow\" data-success_message=\"\u201c10pcs Set odvija\u010da\u201d has been added to your cart\" role=\"button\" data-no-translation=\"\" data-trp-gettext=\"\" data-no-translation-aria-label=\"\" data-no-translation-data-success_message=\"\">Add to cart<\/a>\t<span id=\"woocommerce_loop_add_to_cart_link_describedby_3759\" class=\"screen-reader-text\">\n\t\t\t<\/span>\n<\/li>\n<li class=\"product type-product post-3745 status-publish instock product_cat-uncategorized has-post-thumbnail shipping-taxable purchasable product-type-simple\">\n\t<a href=\"https:\/\/tempus-agency.com\/en\/product\/18-u-1-elektricarski-multifunkcionalni-alat\/\" class=\"woocommerce-LoopProduct-link woocommerce-loop-product__link\"><img decoding=\"async\" width=\"300\" height=\"300\" src=\"https:\/\/tempus-agency.com\/wp-content\/uploads\/2024\/11\/temu_601099688944637_desc_0-300x300.jpg\" class=\"attachment-woocommerce_thumbnail size-woocommerce_thumbnail\" alt=\"18-u-1 elektri\u010darski multifunkcionalni alat\" srcset=\"https:\/\/tempus-agency.com\/wp-content\/uploads\/2024\/11\/temu_601099688944637_desc_0-300x300.jpg 300w, https:\/\/tempus-agency.com\/wp-content\/uploads\/2024\/11\/temu_601099688944637_desc_0-150x150.jpg 150w, https:\/\/tempus-agency.com\/wp-content\/uploads\/2024\/11\/temu_601099688944637_desc_0-768x768.jpg 768w, https:\/\/tempus-agency.com\/wp-content\/uploads\/2024\/11\/temu_601099688944637_desc_0-12x12.jpg 12w, https:\/\/tempus-agency.com\/wp-content\/uploads\/2024\/11\/temu_601099688944637_desc_0-600x600.jpg 600w, https:\/\/tempus-agency.com\/wp-content\/uploads\/2024\/11\/temu_601099688944637_desc_0-100x100.jpg 100w, https:\/\/tempus-agency.com\/wp-content\/uploads\/2024\/11\/temu_601099688944637_desc_0.jpg 1024w\" sizes=\"(max-width: 300px) 100vw, 300px\" \/><h2 class=\"woocommerce-loop-product__title\">18-in-1 Electrician's Multifunctional Tool<\/h2>\n\t<span class=\"price\"><span class=\"woocommerce-Price-amount amount\"><bdi>11,00&nbsp;<span class=\"woocommerce-Price-currencySymbol\">&euro;<\/span><\/bdi><\/span><\/span>\n<\/a><a href=\"\/en\/wp-json\/wp\/v2\/pages\/3685?add-to-cart=3745\" aria-describedby=\"woocommerce_loop_add_to_cart_link_describedby_3745\" data-quantity=\"1\" class=\"button product_type_simple add_to_cart_button ajax_add_to_cart\" data-product_id=\"3745\" data-product_sku=\"\" aria-label=\"Add to cart: \u201c18-u-1 elektri\u010darski multifunkcionalni alat\u201d\" rel=\"nofollow\" data-success_message=\"\u201c18-u-1 elektri\u010darski multifunkcionalni alat\u201d has been added to your cart\" role=\"button\" data-no-translation=\"\" data-trp-gettext=\"\" data-no-translation-aria-label=\"\" data-no-translation-data-success_message=\"\">Add to cart<\/a>\t<span id=\"woocommerce_loop_add_to_cart_link_describedby_3745\" class=\"screen-reader-text\">\n\t\t\t<\/span>\n<\/li>\n<li class=\"product type-product post-3716 status-publish instock product_cat-uncategorized has-post-thumbnail shipping-taxable purchasable product-type-simple\">\n\t<a href=\"https:\/\/tempus-agency.com\/en\/product\/3-u-1-visenamjenski-usb-kabl-za-punjenje\/\" class=\"woocommerce-LoopProduct-link woocommerce-loop-product__link\"><img decoding=\"async\" width=\"300\" height=\"300\" src=\"https:\/\/tempus-agency.com\/wp-content\/uploads\/2024\/11\/temu_601099628745211_main_0-300x300.jpg\" class=\"attachment-woocommerce_thumbnail size-woocommerce_thumbnail\" alt=\"3-u-1 Vi\u0161enamjenski USB Kabl Za Punjenje\" srcset=\"https:\/\/tempus-agency.com\/wp-content\/uploads\/2024\/11\/temu_601099628745211_main_0-300x300.jpg 300w, https:\/\/tempus-agency.com\/wp-content\/uploads\/2024\/11\/temu_601099628745211_main_0-150x150.jpg 150w, https:\/\/tempus-agency.com\/wp-content\/uploads\/2024\/11\/temu_601099628745211_main_0-768x768.jpg 768w, https:\/\/tempus-agency.com\/wp-content\/uploads\/2024\/11\/temu_601099628745211_main_0-12x12.jpg 12w, https:\/\/tempus-agency.com\/wp-content\/uploads\/2024\/11\/temu_601099628745211_main_0-600x600.jpg 600w, https:\/\/tempus-agency.com\/wp-content\/uploads\/2024\/11\/temu_601099628745211_main_0-100x100.jpg 100w, https:\/\/tempus-agency.com\/wp-content\/uploads\/2024\/11\/temu_601099628745211_main_0.jpg 800w\" sizes=\"(max-width: 300px) 100vw, 300px\" \/><h2 class=\"woocommerce-loop-product__title\">3-in-1 Multifunctional USB Charging Cable<\/h2>\n\t<span class=\"price\"><span class=\"woocommerce-Price-amount amount\"><bdi>2,70&nbsp;<span class=\"woocommerce-Price-currencySymbol\">&euro;<\/span><\/bdi><\/span><\/span>\n<\/a><a href=\"\/en\/wp-json\/wp\/v2\/pages\/3685?add-to-cart=3716\" aria-describedby=\"woocommerce_loop_add_to_cart_link_describedby_3716\" data-quantity=\"1\" class=\"button product_type_simple add_to_cart_button ajax_add_to_cart\" data-product_id=\"3716\" data-product_sku=\"\" aria-label=\"Add to cart: \u201c3-u-1 Vi\u0161enamjenski USB Kabl Za Punjenje\u201d\" rel=\"nofollow\" data-success_message=\"\u201c3-u-1 Vi\u0161enamjenski USB Kabl Za Punjenje\u201d has been added to your cart\" role=\"button\" data-no-translation=\"\" data-trp-gettext=\"\" data-no-translation-aria-label=\"\" data-no-translation-data-success_message=\"\">Add to cart<\/a>\t<span id=\"woocommerce_loop_add_to_cart_link_describedby_3716\" class=\"screen-reader-text\">\n\t\t\t<\/span>\n<\/li>\n<li class=\"product type-product post-3756 status-publish last instock product_cat-uncategorized has-post-thumbnail shipping-taxable purchasable product-type-simple\">\n\t<a href=\"https:\/\/tempus-agency.com\/en\/product\/4-u-1-alat-za-vodoinstalaterske-radove\/\" class=\"woocommerce-LoopProduct-link woocommerce-loop-product__link\"><img loading=\"lazy\" decoding=\"async\" width=\"300\" height=\"300\" src=\"https:\/\/tempus-agency.com\/wp-content\/uploads\/2024\/11\/temu_601099606818333_main_5-300x300.jpg\" class=\"attachment-woocommerce_thumbnail size-woocommerce_thumbnail\" alt=\"4-u-1 alat za vodoinstalaterske radove\" srcset=\"https:\/\/tempus-agency.com\/wp-content\/uploads\/2024\/11\/temu_601099606818333_main_5-300x300.jpg 300w, https:\/\/tempus-agency.com\/wp-content\/uploads\/2024\/11\/temu_601099606818333_main_5-150x150.jpg 150w, https:\/\/tempus-agency.com\/wp-content\/uploads\/2024\/11\/temu_601099606818333_main_5-768x768.jpg 768w, https:\/\/tempus-agency.com\/wp-content\/uploads\/2024\/11\/temu_601099606818333_main_5-12x12.jpg 12w, https:\/\/tempus-agency.com\/wp-content\/uploads\/2024\/11\/temu_601099606818333_main_5-600x600.jpg 600w, https:\/\/tempus-agency.com\/wp-content\/uploads\/2024\/11\/temu_601099606818333_main_5-100x100.jpg 100w, https:\/\/tempus-agency.com\/wp-content\/uploads\/2024\/11\/temu_601099606818333_main_5.jpg 800w\" sizes=\"(max-width: 300px) 100vw, 300px\" \/><h2 class=\"woocommerce-loop-product__title\">4-in-1 Plumbing Tool<\/h2>\n\t<span class=\"price\"><span class=\"woocommerce-Price-amount amount\"><bdi>2,70&nbsp;<span class=\"woocommerce-Price-currencySymbol\">&euro;<\/span><\/bdi><\/span><\/span>\n<\/a><a href=\"\/en\/wp-json\/wp\/v2\/pages\/3685?add-to-cart=3756\" aria-describedby=\"woocommerce_loop_add_to_cart_link_describedby_3756\" data-quantity=\"1\" class=\"button product_type_simple add_to_cart_button ajax_add_to_cart\" data-product_id=\"3756\" data-product_sku=\"\" aria-label=\"Add to cart: \u201c4-u-1 alat za vodoinstalaterske radove\u201d\" rel=\"nofollow\" data-success_message=\"\u201c4-u-1 alat za vodoinstalaterske radove\u201d has been added to your cart\" role=\"button\" data-no-translation=\"\" data-trp-gettext=\"\" data-no-translation-aria-label=\"\" data-no-translation-data-success_message=\"\">Add to cart<\/a>\t<span id=\"woocommerce_loop_add_to_cart_link_describedby_3756\" class=\"screen-reader-text\">\n\t\t\t<\/span>\n<\/li>\n<li class=\"product type-product post-3711 status-publish first instock product_cat-uncategorized has-post-thumbnail shipping-taxable purchasable product-type-simple\">\n\t<a href=\"https:\/\/tempus-agency.com\/en\/product\/bezicne-slusalice\/\" class=\"woocommerce-LoopProduct-link woocommerce-loop-product__link\"><img loading=\"lazy\" decoding=\"async\" width=\"300\" height=\"300\" src=\"https:\/\/tempus-agency.com\/wp-content\/uploads\/2024\/11\/temu_601099555884098_main_0-300x300.jpg\" class=\"attachment-woocommerce_thumbnail size-woocommerce_thumbnail\" alt=\"Be\u017ei\u010dne Slu\u0161alice\" srcset=\"https:\/\/tempus-agency.com\/wp-content\/uploads\/2024\/11\/temu_601099555884098_main_0-300x300.jpg 300w, https:\/\/tempus-agency.com\/wp-content\/uploads\/2024\/11\/temu_601099555884098_main_0-150x150.jpg 150w, https:\/\/tempus-agency.com\/wp-content\/uploads\/2024\/11\/temu_601099555884098_main_0-768x768.jpg 768w, https:\/\/tempus-agency.com\/wp-content\/uploads\/2024\/11\/temu_601099555884098_main_0-12x12.jpg 12w, https:\/\/tempus-agency.com\/wp-content\/uploads\/2024\/11\/temu_601099555884098_main_0-600x600.jpg 600w, https:\/\/tempus-agency.com\/wp-content\/uploads\/2024\/11\/temu_601099555884098_main_0-100x100.jpg 100w, https:\/\/tempus-agency.com\/wp-content\/uploads\/2024\/11\/temu_601099555884098_main_0.jpg 800w\" sizes=\"(max-width: 300px) 100vw, 300px\" \/><h2 class=\"woocommerce-loop-product__title\">Wireless Headphones<\/h2>\n\t<span class=\"price\"><span class=\"woocommerce-Price-amount amount\"><bdi>6,75&nbsp;<span class=\"woocommerce-Price-currencySymbol\">&euro;<\/span><\/bdi><\/span><\/span>\n<\/a><a href=\"\/en\/wp-json\/wp\/v2\/pages\/3685?add-to-cart=3711\" aria-describedby=\"woocommerce_loop_add_to_cart_link_describedby_3711\" data-quantity=\"1\" class=\"button product_type_simple add_to_cart_button ajax_add_to_cart\" data-product_id=\"3711\" data-product_sku=\"\" aria-label=\"Add to cart: \u201cBe\u017ei\u010dne Slu\u0161alice\u201d\" rel=\"nofollow\" data-success_message=\"\u201cBe\u017ei\u010dne Slu\u0161alice\u201d has been added to your cart\" role=\"button\" data-no-translation=\"\" data-trp-gettext=\"\" data-no-translation-aria-label=\"\" data-no-translation-data-success_message=\"\">Add to cart<\/a>\t<span id=\"woocommerce_loop_add_to_cart_link_describedby_3711\" class=\"screen-reader-text\">\n\t\t\t<\/span>\n<\/li>\n<li class=\"product type-product post-3714 status-publish instock product_cat-uncategorized has-post-thumbnail shipping-taxable purchasable product-type-simple\">\n\t<a href=\"https:\/\/tempus-agency.com\/en\/product\/bezicne-slusalice-2\/\" class=\"woocommerce-LoopProduct-link woocommerce-loop-product__link\"><img loading=\"lazy\" decoding=\"async\" width=\"300\" height=\"300\" src=\"https:\/\/tempus-agency.com\/wp-content\/uploads\/2024\/11\/temu_601099590494362_main_7-300x300.jpg\" class=\"attachment-woocommerce_thumbnail size-woocommerce_thumbnail\" alt=\"Be\u017ei\u010dne Slu\u0161alice\" srcset=\"https:\/\/tempus-agency.com\/wp-content\/uploads\/2024\/11\/temu_601099590494362_main_7-300x300.jpg 300w, https:\/\/tempus-agency.com\/wp-content\/uploads\/2024\/11\/temu_601099590494362_main_7-150x150.jpg 150w, https:\/\/tempus-agency.com\/wp-content\/uploads\/2024\/11\/temu_601099590494362_main_7-768x768.jpg 768w, https:\/\/tempus-agency.com\/wp-content\/uploads\/2024\/11\/temu_601099590494362_main_7-12x12.jpg 12w, https:\/\/tempus-agency.com\/wp-content\/uploads\/2024\/11\/temu_601099590494362_main_7-600x600.jpg 600w, https:\/\/tempus-agency.com\/wp-content\/uploads\/2024\/11\/temu_601099590494362_main_7-100x100.jpg 100w, https:\/\/tempus-agency.com\/wp-content\/uploads\/2024\/11\/temu_601099590494362_main_7.jpg 800w\" sizes=\"(max-width: 300px) 100vw, 300px\" \/><h2 class=\"woocommerce-loop-product__title\">Wireless Headphones<\/h2>\n\t<span class=\"price\"><span class=\"woocommerce-Price-amount amount\"><bdi>16,20&nbsp;<span class=\"woocommerce-Price-currencySymbol\">&euro;<\/span><\/bdi><\/span><\/span>\n<\/a><a href=\"\/en\/wp-json\/wp\/v2\/pages\/3685?add-to-cart=3714\" aria-describedby=\"woocommerce_loop_add_to_cart_link_describedby_3714\" data-quantity=\"1\" class=\"button product_type_simple add_to_cart_button ajax_add_to_cart\" data-product_id=\"3714\" data-product_sku=\"\" aria-label=\"Add to cart: \u201cBe\u017ei\u010dne Slu\u0161alice\u201d\" rel=\"nofollow\" data-success_message=\"\u201cBe\u017ei\u010dne Slu\u0161alice\u201d has been added to your cart\" role=\"button\" data-no-translation=\"\" data-trp-gettext=\"\" data-no-translation-aria-label=\"\" data-no-translation-data-success_message=\"\">Add to cart<\/a>\t<span id=\"woocommerce_loop_add_to_cart_link_describedby_3714\" class=\"screen-reader-text\">\n\t\t\t<\/span>\n<\/li>\n<li class=\"product type-product post-3708 status-publish instock product_cat-uncategorized has-post-thumbnail shipping-taxable purchasable product-type-simple\">\n\t<a href=\"https:\/\/tempus-agency.com\/en\/product\/carobne-led-svjetiljke-sa-zelenim-tkaninskim-listovima\/\" class=\"woocommerce-LoopProduct-link woocommerce-loop-product__link\"><img loading=\"lazy\" decoding=\"async\" width=\"300\" height=\"300\" src=\"https:\/\/tempus-agency.com\/wp-content\/uploads\/2024\/11\/temu_601099563033094_main_2-300x300.jpg\" class=\"attachment-woocommerce_thumbnail size-woocommerce_thumbnail\" alt=\"\u010carobne LED Svjetiljke Sa Zelenim Tkaninskim Listovima\" srcset=\"https:\/\/tempus-agency.com\/wp-content\/uploads\/2024\/11\/temu_601099563033094_main_2-300x300.jpg 300w, https:\/\/tempus-agency.com\/wp-content\/uploads\/2024\/11\/temu_601099563033094_main_2-150x150.jpg 150w, https:\/\/tempus-agency.com\/wp-content\/uploads\/2024\/11\/temu_601099563033094_main_2-768x768.jpg 768w, https:\/\/tempus-agency.com\/wp-content\/uploads\/2024\/11\/temu_601099563033094_main_2-12x12.jpg 12w, https:\/\/tempus-agency.com\/wp-content\/uploads\/2024\/11\/temu_601099563033094_main_2-600x600.jpg 600w, https:\/\/tempus-agency.com\/wp-content\/uploads\/2024\/11\/temu_601099563033094_main_2-100x100.jpg 100w, https:\/\/tempus-agency.com\/wp-content\/uploads\/2024\/11\/temu_601099563033094_main_2.jpg 1000w\" sizes=\"(max-width: 300px) 100vw, 300px\" \/><h2 class=\"woocommerce-loop-product__title\">Magic LED Lamps with Green Fabric Leaves<\/h2>\n\t<span class=\"price\"><span class=\"woocommerce-Price-amount amount\"><bdi>2,70&nbsp;<span class=\"woocommerce-Price-currencySymbol\">&euro;<\/span><\/bdi><\/span><\/span>\n<\/a><a href=\"\/en\/wp-json\/wp\/v2\/pages\/3685?add-to-cart=3708\" aria-describedby=\"woocommerce_loop_add_to_cart_link_describedby_3708\" data-quantity=\"1\" class=\"button product_type_simple add_to_cart_button ajax_add_to_cart\" data-product_id=\"3708\" data-product_sku=\"\" aria-label=\"Add to cart: \u201c\u010carobne LED Svjetiljke Sa Zelenim Tkaninskim Listovima\u201d\" rel=\"nofollow\" data-success_message=\"\u201c\u010carobne LED Svjetiljke Sa Zelenim Tkaninskim Listovima\u201d has been added to your cart\" role=\"button\" data-no-translation=\"\" data-trp-gettext=\"\" data-no-translation-aria-label=\"\" data-no-translation-data-success_message=\"\">Add to cart<\/a>\t<span id=\"woocommerce_loop_add_to_cart_link_describedby_3708\" class=\"screen-reader-text\">\n\t\t\t<\/span>\n<\/li>\n<li class=\"product type-product post-3695 status-publish last instock product_cat-uncategorized has-post-thumbnail shipping-taxable purchasable product-type-simple\">\n\t<a href=\"https:\/\/tempus-agency.com\/en\/product\/ceona-lampa-sa-5-led-dioda\/\" class=\"woocommerce-LoopProduct-link woocommerce-loop-product__link\"><img loading=\"lazy\" decoding=\"async\" width=\"300\" height=\"300\" src=\"https:\/\/tempus-agency.com\/wp-content\/uploads\/2024\/11\/temu_601099574806209_main_0-300x300.jpg\" class=\"attachment-woocommerce_thumbnail size-woocommerce_thumbnail\" alt=\"\u010ceona Lampa Sa 5 LED Dioda\" srcset=\"https:\/\/tempus-agency.com\/wp-content\/uploads\/2024\/11\/temu_601099574806209_main_0-300x300.jpg 300w, https:\/\/tempus-agency.com\/wp-content\/uploads\/2024\/11\/temu_601099574806209_main_0-150x150.jpg 150w, https:\/\/tempus-agency.com\/wp-content\/uploads\/2024\/11\/temu_601099574806209_main_0-768x768.jpg 768w, https:\/\/tempus-agency.com\/wp-content\/uploads\/2024\/11\/temu_601099574806209_main_0-12x12.jpg 12w, https:\/\/tempus-agency.com\/wp-content\/uploads\/2024\/11\/temu_601099574806209_main_0-600x600.jpg 600w, https:\/\/tempus-agency.com\/wp-content\/uploads\/2024\/11\/temu_601099574806209_main_0-100x100.jpg 100w, https:\/\/tempus-agency.com\/wp-content\/uploads\/2024\/11\/temu_601099574806209_main_0.jpg 800w\" sizes=\"(max-width: 300px) 100vw, 300px\" \/><h2 class=\"woocommerce-loop-product__title\">Headlamp with 5 LED Lights<\/h2>\n\t<span class=\"price\"><span class=\"woocommerce-Price-amount amount\"><bdi>7,80&nbsp;<span class=\"woocommerce-Price-currencySymbol\">&euro;<\/span><\/bdi><\/span><\/span>\n<\/a><a href=\"\/en\/wp-json\/wp\/v2\/pages\/3685?add-to-cart=3695\" aria-describedby=\"woocommerce_loop_add_to_cart_link_describedby_3695\" data-quantity=\"1\" class=\"button product_type_simple add_to_cart_button ajax_add_to_cart\" data-product_id=\"3695\" data-product_sku=\"\" aria-label=\"Add to cart: \u201c\u010ceona Lampa Sa 5 LED Dioda\u201d\" rel=\"nofollow\" data-success_message=\"\u201c\u010ceona Lampa Sa 5 LED Dioda\u201d has been added to your cart\" role=\"button\" data-no-translation=\"\" data-trp-gettext=\"\" data-no-translation-aria-label=\"\" data-no-translation-data-success_message=\"\">Add to cart<\/a>\t<span id=\"woocommerce_loop_add_to_cart_link_describedby_3695\" class=\"screen-reader-text\">\n\t\t\t<\/span>\n<\/li>\n<\/ul>\n<nav class=\"woocommerce-pagination\" aria-label=\"Product Pagination\" data-no-translation-aria-label=\"\">\n\t<ul class='page-numbers'>\n\t<li><span aria-label=\"Page 1\" aria-current=\"page\" class=\"page-numbers current\" data-no-translation-aria-label=\"\">1<\/span><\/li>\n\t<li><a aria-label=\"Page 2\" class=\"page-numbers\" href=\"\/en\/wp-json\/wp\/v2\/pages\/3685?product-page=2\" data-no-translation-aria-label=\"\">2<\/a><\/li>\n\t<li><a aria-label=\"Page 3\" class=\"page-numbers\" href=\"\/en\/wp-json\/wp\/v2\/pages\/3685?product-page=3\" data-no-translation-aria-label=\"\">3<\/a><\/li>\n\t<li><a class=\"next page-numbers\" href=\"\/en\/wp-json\/wp\/v2\/pages\/3685?product-page=2\">&rarr;<\/a><\/li>\n<\/ul>\n<\/nav>\n<\/div>\t\t\t\t<\/div>\n\t\t\t\t<\/div>\n\t\t\t\t\t<\/div>\n\t\t\t\t<\/div>\n\t\t\t\t<\/div>","protected":false},"excerpt":{"rendered":"<p>shop<\/p>","protected":false},"author":1,"featured_media":0,"parent":0,"menu_order":0,"comment_status":"closed","ping_status":"closed","template":"elementor_header_footer","meta":{"footnotes":""},"class_list":["post-3685","page","type-page","status-publish","hentry"],"_links":{"self":[{"href":"https:\/\/tempus-agency.com\/en\/wp-json\/wp\/v2\/pages\/3685","targetHints":{"allow":["GET"]}}],"collection":[{"href":"https:\/\/tempus-agency.com\/en\/wp-json\/wp\/v2\/pages"}],"about":[{"href":"https:\/\/tempus-agency.com\/en\/wp-json\/wp\/v2\/types\/page"}],"author":[{"embeddable":true,"href":"https:\/\/tempus-agency.com\/en\/wp-json\/wp\/v2\/users\/1"}],"replies":[{"embeddable":true,"href":"https:\/\/tempus-agency.com\/en\/wp-json\/wp\/v2\/comments?post=3685"}],"version-history":[{"count":49,"href":"https:\/\/tempus-agency.com\/en\/wp-json\/wp\/v2\/pages\/3685\/revisions"}],"predecessor-version":[{"id":3807,"href":"https:\/\/tempus-agency.com\/en\/wp-json\/wp\/v2\/pages\/3685\/revisions\/3807"}],"wp:attachment":[{"href":"https:\/\/tempus-agency.com\/en\/wp-json\/wp\/v2\/media?parent=3685"}],"curies":[{"name":"wp","href":"https:\/\/api.w.org\/{rel}","templated":true}]}}