{"id":3666,"date":"2024-11-15T19:54:51","date_gmt":"2024-11-15T19:54:51","guid":{"rendered":"https:\/\/tempus-agency.com\/?page_id=3666"},"modified":"2025-01-08T18:53:59","modified_gmt":"2025-01-08T18:53:59","slug":"neizgovorena-pravila","status":"publish","type":"page","link":"https:\/\/tempus-agency.com\/en\/neizgovorena-pravila\/","title":{"rendered":"Neizgovorena pravila"},"content":{"rendered":"<div data-elementor-type=\"wp-page\" data-elementor-id=\"3666\" class=\"elementor elementor-3666\" data-elementor-post-type=\"page\">\n\t\t\t\t<div class=\"elementor-element elementor-element-86f7bd7 e-con-full e-flex e-con e-child\" data-id=\"86f7bd7\" data-element_type=\"container\" data-e-type=\"container\">\n\t\t\t\t<div class=\"elementor-element elementor-element-86fd8b7 elementor-widget elementor-widget-heading\" data-id=\"86fd8b7\" data-element_type=\"widget\" data-e-type=\"widget\" data-widget_type=\"heading.default\">\n\t\t\t\t<div class=\"elementor-widget-container\">\n\t\t\t\t\t<h2 class=\"elementor-heading-title elementor-size-default\">The unspoken rules of\nworking on a cruise ship<\/h2>\t\t\t\t<\/div>\n\t\t\t\t<\/div>\n\t\t\t\t<div class=\"elementor-element elementor-element-43a37e8 elementor-widget elementor-widget-image\" data-id=\"43a37e8\" data-element_type=\"widget\" data-e-type=\"widget\" data-widget_type=\"image.default\">\n\t\t\t\t<div class=\"elementor-widget-container\">\n\t\t\t\t\t\t\t\t\t\t\t\t\t\t\t<img decoding=\"async\" src=\"https:\/\/tempus-agency.com\/wp-content\/uploads\/elementor\/thumbs\/logotempus-1-qg30mifo8bytvrui5kj9nirecr5dip3vurbql9f4ag.png\" title=\"logotempus.png\" alt=\"logotempus.png\" loading=\"lazy\" \/>\t\t\t\t\t\t\t\t\t\t\t\t\t\t\t<\/div>\n\t\t\t\t<\/div>\n\t\t\t\t<\/div>\n\t\t<div class=\"elementor-element elementor-element-e71b6bb e-con-full e-flex e-con e-parent\" data-id=\"e71b6bb\" data-element_type=\"container\" data-e-type=\"container\">\n\t\t\t\t<div class=\"elementor-element elementor-element-15b59d1 elementor-widget__width-inherit elementor-widget elementor-widget-heading\" data-id=\"15b59d1\" data-element_type=\"widget\" data-e-type=\"widget\" data-widget_type=\"heading.default\">\n\t\t\t\t<div class=\"elementor-widget-container\">\n\t\t\t\t\t<h2 class=\"elementor-heading-title elementor-size-default\">Always Have These With You<\/h2>\t\t\t\t<\/div>\n\t\t\t\t<\/div>\n\t\t\t\t<div class=\"elementor-element elementor-element-ee68f23 elementor-widget elementor-widget-text-editor\" data-id=\"ee68f23\" data-element_type=\"widget\" data-e-type=\"widget\" data-widget_type=\"text-editor.default\">\n\t\t\t\t<div class=\"elementor-widget-container\">\n\t\t\t\t\t\t\t\t\t<p>Always carry your ID card, safety card, and safety questions and answers. These are crucial\nduring your stay.<\/p><p><strong>ID Card<\/strong><br \/>This card serves not only as your identification but also as a key to your cabin, a \u201cdebit\u201d card\nfor purchases, and your pass for entering and exiting the ship. If you lose this card, notify the\nrelevant office immediately.<\/p><p><strong>Safety card<\/strong><br \/>Upon boarding the ship, you\u2019ll be given a safety card containing your safety number. This\nnumber identifies you in emergency situations, and the card also includes information about your safety duties. A cruise ship can enter emergency status at any moment, so it\u2019s vital to\nalways have this card on hand as you never know when you might need it.<\/p><p><strong>Safety Q&amp;A's<\/strong><\/p><p>Every crew member must be familiar with basic safety questions and answers. After\nboarding, you\u2019ll receive a list of questions and answers that you must learn. It\u2019s\nrecommended to\u00a0<span style=\"color: var( --e-global-color-text ); text-align: var(--text-align);\">carry this list with you while you\u2019re still memorizing the answers so you can\nquickly reference it\u00a0<\/span><span style=\"color: var( --e-global-color-text ); text-align: var(--text-align);\">if someone asks you anything related to safety.<\/span><\/p>\t\t\t\t\t\t\t\t<\/div>\n\t\t\t\t<\/div>\n\t\t\t\t<\/div>\n\t\t<div class=\"elementor-element elementor-element-b48d05a e-con-full e-flex e-con e-parent\" data-id=\"b48d05a\" data-element_type=\"container\" data-e-type=\"container\">\n\t\t\t\t<div class=\"elementor-element elementor-element-d78f390 elementor-widget__width-inherit elementor-widget elementor-widget-heading\" data-id=\"d78f390\" data-element_type=\"widget\" data-e-type=\"widget\" data-widget_type=\"heading.default\">\n\t\t\t\t<div class=\"elementor-widget-container\">\n\t\t\t\t\t<h2 class=\"elementor-heading-title elementor-size-default\">Mess Hall<\/h2>\t\t\t\t<\/div>\n\t\t\t\t<\/div>\n\t\t\t\t<div class=\"elementor-element elementor-element-71348a2 elementor-widget elementor-widget-text-editor\" data-id=\"71348a2\" data-element_type=\"widget\" data-e-type=\"widget\" data-widget_type=\"text-editor.default\">\n\t\t\t\t<div class=\"elementor-widget-container\">\n\t\t\t\t\t\t\t\t\t<p>The mess hall is the dining space for the crew, set up buffet-style. During peak meal times,\nyou\u2019ll need to wait in line with other crew members to get your food. It\u2019s important to be\npatient and avoid pushing to ensure a calm and organized atmosphere.<\/p><p><strong>Go to the right Mess<\/strong><br \/>Some ships have only one mess hall, while others may have multiple. It\u2019s important to know\nwhich mess hall you\u2019re allowed to use, as some might be reserved for officers only.<\/p><p><strong>Clean your dishes<\/strong><br \/>After your meal, ensure you empty your plate and take the used dishes to the washing area.\nCrew members who leave dirty plates on tables are not following the rules, so it\u2019s essential to\nclean and return all tableware to the appropriate place.<\/p>\t\t\t\t\t\t\t\t<\/div>\n\t\t\t\t<\/div>\n\t\t\t\t<\/div>\n\t\t<div class=\"elementor-element elementor-element-8f0bd67 e-con-full e-flex e-con e-parent\" data-id=\"8f0bd67\" data-element_type=\"container\" data-e-type=\"container\">\n\t\t\t\t<div class=\"elementor-element elementor-element-7975ec6 elementor-widget__width-inherit elementor-widget elementor-widget-heading\" data-id=\"7975ec6\" data-element_type=\"widget\" data-e-type=\"widget\" data-widget_type=\"heading.default\">\n\t\t\t\t<div class=\"elementor-widget-container\">\n\t\t\t\t\t<h2 class=\"elementor-heading-title elementor-size-default\">The Cabin<\/h2>\t\t\t\t<\/div>\n\t\t\t\t<\/div>\n\t\t\t\t<div class=\"elementor-element elementor-element-3112298 elementor-widget elementor-widget-text-editor\" data-id=\"3112298\" data-element_type=\"widget\" data-e-type=\"widget\" data-widget_type=\"text-editor.default\">\n\t\t\t\t<div class=\"elementor-widget-container\">\n\t\t\t\t\t\t\t\t\t<p>Cabins are usually small, so even a little clutter can take up a lot of space. It\u2019s important to\nkeep them tidy and organized.<\/p><ul><li><strong>Make your bed each day.<\/strong><\/li><li><strong>Take turns taking the trash to the incinerator room.<\/strong><\/li><li><strong>Do not leave dirty laundry lying around the cabin. Even if you can't smell it, your cabin mate can.<\/strong><\/li><li><strong>Never flush sanitary products or antibacterial wipes down the toilet, as they can cause\nblockages.\u00a0<\/strong><strong>izazvati blokadu.<\/strong><\/li><\/ul><p><strong>Have a conversation with your roommate<\/strong><br \/>At the beginning of your stay, it\u2019s recommended to talk with your roommate about things that\nbothered them with previous roommates. This discussion can help avoid conflicts and\nestablish open and honest communication. It\u2019s crucial that both of you have the opportunity\nto express yourselves and resolve any disagreements.<\/p>\t\t\t\t\t\t\t\t<\/div>\n\t\t\t\t<\/div>\n\t\t\t\t<\/div>\n\t\t<div class=\"elementor-element elementor-element-007738b e-con-full e-flex e-con e-parent\" data-id=\"007738b\" data-element_type=\"container\" data-e-type=\"container\">\n\t\t\t\t<div class=\"elementor-element elementor-element-fa60392 elementor-widget__width-inherit elementor-widget elementor-widget-heading\" data-id=\"fa60392\" data-element_type=\"widget\" data-e-type=\"widget\" data-widget_type=\"heading.default\">\n\t\t\t\t<div class=\"elementor-widget-container\">\n\t\t\t\t\t<h2 class=\"elementor-heading-title elementor-size-default\">Fashion \u2013 What Not to Wear<\/h2>\t\t\t\t<\/div>\n\t\t\t\t<\/div>\n\t\t\t\t<div class=\"elementor-element elementor-element-46ed9b7 elementor-widget elementor-widget-text-editor\" data-id=\"46ed9b7\" data-element_type=\"widget\" data-e-type=\"widget\" data-widget_type=\"text-editor.default\">\n\t\t\t\t<div class=\"elementor-widget-container\">\n\t\t\t\t\t\t\t\t\t<p>Certain types of clothing are considered inappropriate, so it\u2019s important to be aware of the\ndress code rules.<\/p><p><strong>Flip Flops<\/strong><br \/>For safety reasons, open-toe sandals are not allowed in certain areas of the ship, such as\nhallways with machinery. If you plan to disembark, you may wear flip-flops from your cabin\nto the exit, but during meals or in work areas, closed-toe shoes are mandatory.<\/p><p><strong>No Denim<\/strong><br \/>Jeans are generally prohibited in passenger-designated areas. Denim attire is often deemed\nunprofessional, which is why many ships ban wearing it in these spaces.<\/p><p><strong>Crew Attire<\/strong><br \/>For bars and crew areas, informal dress code rules apply. Most crew members wear shorts\nand sweatshirts or leggings and t-shirts unless attending special events or parties, where\ncasual but neat dressing is required.<\/p>\t\t\t\t\t\t\t\t<\/div>\n\t\t\t\t<\/div>\n\t\t\t\t<\/div>\n\t\t<div class=\"elementor-element elementor-element-0aeef61 e-con-full e-flex e-con e-parent\" data-id=\"0aeef61\" data-element_type=\"container\" data-e-type=\"container\">\n\t\t\t\t<div class=\"elementor-element elementor-element-7f7bfa4 elementor-widget__width-inherit elementor-widget elementor-widget-heading\" data-id=\"7f7bfa4\" data-element_type=\"widget\" data-e-type=\"widget\" data-widget_type=\"heading.default\">\n\t\t\t\t<div class=\"elementor-widget-container\">\n\t\t\t\t\t<h2 class=\"elementor-heading-title elementor-size-default\">Passenger Areas<\/h2>\t\t\t\t<\/div>\n\t\t\t\t<\/div>\n\t\t\t\t<div class=\"elementor-element elementor-element-0c4ccd3 elementor-widget elementor-widget-text-editor\" data-id=\"0c4ccd3\" data-element_type=\"widget\" data-e-type=\"widget\" data-widget_type=\"text-editor.default\">\n\t\t\t\t<div class=\"elementor-widget-container\">\n\t\t\t\t\t\t\t\t\t<p>Ships have clearly divided spaces for crew and passengers. Passengers are not allowed to\nenter crew areas, while crew members can access passenger areas depending on their rank.\nHigher-ranking crew members may have access to almost all areas of the ship, while lower-\nranking crew members may only enter passenger areas during working hours. It\u2019s important\nto know your rights and restrictions to avoid any issues. Your supervisor will inform you\nabout your privileges and which spaces are accessible to you.<\/p>\t\t\t\t\t\t\t\t<\/div>\n\t\t\t\t<\/div>\n\t\t\t\t<\/div>\n\t\t<div class=\"elementor-element elementor-element-09c1f53 e-con-full e-flex e-con e-parent\" data-id=\"09c1f53\" data-element_type=\"container\" data-e-type=\"container\">\n\t\t\t\t<div class=\"elementor-element elementor-element-498cc7b elementor-widget__width-inherit elementor-widget elementor-widget-heading\" data-id=\"498cc7b\" data-element_type=\"widget\" data-e-type=\"widget\" data-widget_type=\"heading.default\">\n\t\t\t\t<div class=\"elementor-widget-container\">\n\t\t\t\t\t<h2 class=\"elementor-heading-title elementor-size-default\">Always on Alert<\/h2>\t\t\t\t<\/div>\n\t\t\t\t<\/div>\n\t\t\t\t<div class=\"elementor-element elementor-element-bfdaadf elementor-widget elementor-widget-text-editor\" data-id=\"bfdaadf\" data-element_type=\"widget\" data-e-type=\"widget\" data-widget_type=\"text-editor.default\">\n\t\t\t\t<div class=\"elementor-widget-container\">\n\t\t\t\t\t\t\t\t\t<p>One of the main differences between working on a ship and on land is that, after your shift\nends, you don\u2019t go home and \u201cswitch off.\u201d You remain in the same place, meaning you are\nexpected to be available to assist passengers even outside working hours. If a passenger asks\nyou something or needs help, you are expected to be accessible. This is one reason why crew\nmembers often avoid passenger areas when off duty. Even in those spaces, it\u2019s important to\nmaintain professional behavior.<\/p>\t\t\t\t\t\t\t\t<\/div>\n\t\t\t\t<\/div>\n\t\t\t\t<\/div>\n\t\t<div class=\"elementor-element elementor-element-c26d667 e-flex e-con-boxed e-con e-parent\" data-id=\"c26d667\" data-element_type=\"container\" data-e-type=\"container\">\n\t\t\t\t\t<div class=\"e-con-inner\">\n\t\t\t\t<div class=\"elementor-element elementor-element-eb0cc15 elementor-align-center elementor-widget elementor-widget-button\" data-id=\"eb0cc15\" data-element_type=\"widget\" data-e-type=\"widget\" data-widget_type=\"button.default\">\n\t\t\t\t<div class=\"elementor-widget-container\">\n\t\t\t\t\t\t\t\t\t<div class=\"elementor-button-wrapper\">\n\t\t\t\t\t<a class=\"elementor-button elementor-button-link elementor-size-sm elementor-animation-grow\" href=\"https:\/\/tempus-agency.com\/en\/karijera\/\">\n\t\t\t\t\t\t<span class=\"elementor-button-content-wrapper\">\n\t\t\t\t\t\t<span class=\"elementor-button-icon\">\n\t\t\t\t<svg aria-hidden=\"true\" class=\"e-font-icon-svg e-fas-long-arrow-alt-left\" viewbox=\"0 0 448 512\" xmlns=\"http:\/\/www.w3.org\/2000\/svg\"><path d=\"M134.059 296H436c6.627 0 12-5.373 12-12v-56c0-6.627-5.373-12-12-12H134.059v-46.059c0-21.382-25.851-32.09-40.971-16.971L7.029 239.029c-9.373 9.373-9.373 24.569 0 33.941l86.059 86.059c15.119 15.119 40.971 4.411 40.971-16.971V296z\"><\/path><\/svg>\t\t\t<\/span>\n\t\t\t\t\t\t\t\t\t<span class=\"elementor-button-text\">Back<\/span>\n\t\t\t\t\t<\/span>\n\t\t\t\t\t<\/a>\n\t\t\t\t<\/div>\n\t\t\t\t\t\t\t\t<\/div>\n\t\t\t\t<\/div>\n\t\t\t\t\t<\/div>\n\t\t\t\t<\/div>\n\t\t\t\t<\/div>","protected":false},"excerpt":{"rendered":"<p>Neizgovorena pravila rada na kruzeru Uvijek imajte sa sobom Obavezno nosite sa sobom svoju ID karticu, sigurnosnu karticu, kao i sigurnosna pitanja i odgovore. To je od klju\u010dne va\u017enosti tokom va\u0161eg boravka. ID karticaOva kartica ne slu\u017ei samo kao va\u0161 identifikacioni dokument, ve\u0107 i kao klju\u010d za ulazak u va\u0161u kabinu, va\u0161a &#8220;debitna&#8221; kartica za [&hellip;]<\/p>\n","protected":false},"author":1,"featured_media":0,"parent":0,"menu_order":0,"comment_status":"closed","ping_status":"closed","template":"elementor_header_footer","meta":{"footnotes":""},"class_list":["post-3666","page","type-page","status-publish","hentry"],"_links":{"self":[{"href":"https:\/\/tempus-agency.com\/en\/wp-json\/wp\/v2\/pages\/3666","targetHints":{"allow":["GET"]}}],"collection":[{"href":"https:\/\/tempus-agency.com\/en\/wp-json\/wp\/v2\/pages"}],"about":[{"href":"https:\/\/tempus-agency.com\/en\/wp-json\/wp\/v2\/types\/page"}],"author":[{"embeddable":true,"href":"https:\/\/tempus-agency.com\/en\/wp-json\/wp\/v2\/users\/1"}],"replies":[{"embeddable":true,"href":"https:\/\/tempus-agency.com\/en\/wp-json\/wp\/v2\/comments?post=3666"}],"version-history":[{"count":16,"href":"https:\/\/tempus-agency.com\/en\/wp-json\/wp\/v2\/pages\/3666\/revisions"}],"predecessor-version":[{"id":4419,"href":"https:\/\/tempus-agency.com\/en\/wp-json\/wp\/v2\/pages\/3666\/revisions\/4419"}],"wp:attachment":[{"href":"https:\/\/tempus-agency.com\/en\/wp-json\/wp\/v2\/media?parent=3666"}],"curies":[{"name":"wp","href":"https:\/\/api.w.org\/{rel}","templated":true}]}}