{"id":3654,"date":"2024-11-15T19:16:17","date_gmt":"2024-11-15T19:16:17","guid":{"rendered":"https:\/\/tempus-agency.com\/?page_id=3654"},"modified":"2025-01-07T18:56:37","modified_gmt":"2025-01-07T18:56:37","slug":"pravila-za-cimere","status":"publish","type":"page","link":"https:\/\/tempus-agency.com\/en\/pravila-za-cimere\/","title":{"rendered":"Roomate guidelines"},"content":{"rendered":"<div data-elementor-type=\"wp-page\" data-elementor-id=\"3654\" class=\"elementor elementor-3654\" data-elementor-post-type=\"page\">\n\t\t\t\t<div class=\"elementor-element elementor-element-fa901ca e-con-full e-flex e-con e-child\" data-id=\"fa901ca\" data-element_type=\"container\" data-e-type=\"container\">\n\t\t\t\t<div class=\"elementor-element elementor-element-a6682c0 elementor-widget elementor-widget-heading\" data-id=\"a6682c0\" data-element_type=\"widget\" data-e-type=\"widget\" data-widget_type=\"heading.default\">\n\t\t\t\t<div class=\"elementor-widget-container\">\n\t\t\t\t\t<h2 class=\"elementor-heading-title elementor-size-default\">Roomate guidelines<\/h2>\t\t\t\t<\/div>\n\t\t\t\t<\/div>\n\t\t\t\t<div class=\"elementor-element elementor-element-cb88f12 elementor-widget elementor-widget-image\" data-id=\"cb88f12\" data-element_type=\"widget\" data-e-type=\"widget\" data-widget_type=\"image.default\">\n\t\t\t\t<div class=\"elementor-widget-container\">\n\t\t\t\t\t\t\t\t\t\t\t\t\t\t\t<img decoding=\"async\" src=\"https:\/\/tempus-agency.com\/wp-content\/uploads\/elementor\/thumbs\/logotempus-1-qg30mifo8bytvrui5kj9nirecr5dip3vurbql9f4ag.png\" title=\"logotempus.png\" alt=\"logotempus.png\" loading=\"lazy\" \/>\t\t\t\t\t\t\t\t\t\t\t\t\t\t\t<\/div>\n\t\t\t\t<\/div>\n\t\t\t\t<\/div>\n\t\t<div class=\"elementor-element elementor-element-1581cbd e-con-full e-flex e-con e-parent\" data-id=\"1581cbd\" data-element_type=\"container\" data-e-type=\"container\">\n\t\t\t\t<div class=\"elementor-element elementor-element-0d5ebe5 elementor-widget elementor-widget-text-editor\" data-id=\"0d5ebe5\" data-element_type=\"widget\" data-e-type=\"widget\" data-widget_type=\"text-editor.default\">\n\t\t\t\t<div class=\"elementor-widget-container\">\n\t\t\t\t\t\t\t\t\t<p>If you are planning to work on a cruise ship for the first time, you will most likely start\nat an entry-level position.\nOn cruise ships, your job and status can significantly impact your life onboard. The higher\nyour position in the hierarchy, the better the cabin you are assigned.<\/p><p>This means that working in an entry-level position will almost certainly involve sharing a\ncabin with another person. This can be intimidating for various reasons, raising numerous\nquestions and concerns:<\/p><ul><li>\u00a0How will we share the space?<\/li><li>\u00a0Will the space be clean and tidy?<\/li><li>\u00a0Will we get along as roommates?<\/li><li>\u00a0Will my roommate&#039;s habits bother me?<\/li><\/ul><div>\u00a0<\/div><p>To make your life on the cruise ship as pleasant and harmonious as possible, there are certain\nsteps you can take from the start to make sharing a cabin easier.<\/p>\t\t\t\t\t\t\t\t<\/div>\n\t\t\t\t<\/div>\n\t\t\t\t<\/div>\n\t\t<div class=\"elementor-element elementor-element-ad26197 e-con-full e-flex e-con e-parent\" data-id=\"ad26197\" data-element_type=\"container\" data-e-type=\"container\">\n\t\t\t\t<div class=\"elementor-element elementor-element-556d95c elementor-widget__width-inherit elementor-widget elementor-widget-heading\" data-id=\"556d95c\" data-element_type=\"widget\" data-e-type=\"widget\" data-widget_type=\"heading.default\">\n\t\t\t\t<div class=\"elementor-widget-container\">\n\t\t\t\t\t<h2 class=\"elementor-heading-title elementor-size-default\">First Steps and Initial Communication<\/h2>\t\t\t\t<\/div>\n\t\t\t\t<\/div>\n\t\t\t\t<div class=\"elementor-element elementor-element-3859998 elementor-widget elementor-widget-text-editor\" data-id=\"3859998\" data-element_type=\"widget\" data-e-type=\"widget\" data-widget_type=\"text-editor.default\">\n\t\t\t\t<div class=\"elementor-widget-container\">\n\t\t\t\t\t\t\t\t\t<p>Open and honest communication from the very beginning is key to a successful shared cabin\nexperience. When you arrive at your cabin, you may find that your roommate is already there,\nso it\u2019s important to approach the situation with respect and empathy. It\u2019s best to immediately\nestablish some basic rules after the initial introductions.<\/p><p><br \/>You can start the conversation with something like:<br \/>\"I\u2019m glad to be sharing this cabin with you. If you have any preferences or things that bother\nyou, please feel free to let me know. I\u2019ll do the same if something bothers me. I want this\nspace to be comfortable for both of us.\"<\/p><p><br \/>This conversation helps build initial trust and opens the door for future communication\nwhenever needed.<\/p>\t\t\t\t\t\t\t\t<\/div>\n\t\t\t\t<\/div>\n\t\t\t\t<\/div>\n\t\t<div class=\"elementor-element elementor-element-c0b2afa e-con-full e-flex e-con e-parent\" data-id=\"c0b2afa\" data-element_type=\"container\" data-e-type=\"container\">\n\t\t\t\t<div class=\"elementor-element elementor-element-3dfaa39 elementor-widget__width-inherit elementor-widget elementor-widget-heading\" data-id=\"3dfaa39\" data-element_type=\"widget\" data-e-type=\"widget\" data-widget_type=\"heading.default\">\n\t\t\t\t<div class=\"elementor-widget-container\">\n\t\t\t\t\t<h2 class=\"elementor-heading-title elementor-size-default\">Cultural differences<\/h2>\t\t\t\t<\/div>\n\t\t\t\t<\/div>\n\t\t\t\t<div class=\"elementor-element elementor-element-4fcfa16 elementor-widget elementor-widget-text-editor\" data-id=\"4fcfa16\" data-element_type=\"widget\" data-e-type=\"widget\" data-widget_type=\"text-editor.default\">\n\t\t\t\t<div class=\"elementor-widget-container\">\n\t\t\t\t\t\t\t\t\t<p>On cruise ships, you\u2019ll encounter colleagues from various countries, which means cultural\ndifferences might affect your way of life. It\u2019s important to be understanding and flexible.\nRespect others\u2019 habits and work toward compromises to create a harmonious atmosphere in\nthe cabin.<\/p>\t\t\t\t\t\t\t\t<\/div>\n\t\t\t\t<\/div>\n\t\t\t\t<\/div>\n\t\t<div class=\"elementor-element elementor-element-0d53bfc e-con-full e-flex e-con e-parent\" data-id=\"0d53bfc\" data-element_type=\"container\" data-e-type=\"container\">\n\t\t\t\t<div class=\"elementor-element elementor-element-eac66be elementor-widget__width-inherit elementor-widget elementor-widget-heading\" data-id=\"eac66be\" data-element_type=\"widget\" data-e-type=\"widget\" data-widget_type=\"heading.default\">\n\t\t\t\t<div class=\"elementor-widget-container\">\n\t\t\t\t\t<h2 class=\"elementor-heading-title elementor-size-default\">Bunkbeds<\/h2>\t\t\t\t<\/div>\n\t\t\t\t<\/div>\n\t\t\t\t<div class=\"elementor-element elementor-element-e7c8a52 elementor-widget elementor-widget-text-editor\" data-id=\"e7c8a52\" data-element_type=\"widget\" data-e-type=\"widget\" data-widget_type=\"text-editor.default\">\n\t\t\t\t<div class=\"elementor-widget-container\">\n\t\t\t\t\t\t\t\t\t<p>Many cruise ships use bunk beds, with the lower bunk often being the preferred one.\nHowever, when you first arrive at your cabin, you\u2019ll likely need to start on the upper bunk\n\nwhile your roommate, who\u2019s been there longer, takes the lower one. Over time, you may\nswitch and move to the lower bunk. Keep in mind that the lower bunk is often used as a sofa\nduring the day.<\/p>\t\t\t\t\t\t\t\t<\/div>\n\t\t\t\t<\/div>\n\t\t\t\t<\/div>\n\t\t<div class=\"elementor-element elementor-element-05856ac e-con-full e-flex e-con e-parent\" data-id=\"05856ac\" data-element_type=\"container\" data-e-type=\"container\">\n\t\t\t\t<div class=\"elementor-element elementor-element-3ab4657 elementor-widget__width-inherit elementor-widget elementor-widget-heading\" data-id=\"3ab4657\" data-element_type=\"widget\" data-e-type=\"widget\" data-widget_type=\"heading.default\">\n\t\t\t\t<div class=\"elementor-widget-container\">\n\t\t\t\t\t<h2 class=\"elementor-heading-title elementor-size-default\">Keep it clean<\/h2>\t\t\t\t<\/div>\n\t\t\t\t<\/div>\n\t\t\t\t<div class=\"elementor-element elementor-element-4e9726e elementor-widget elementor-widget-text-editor\" data-id=\"4e9726e\" data-element_type=\"widget\" data-e-type=\"widget\" data-widget_type=\"text-editor.default\">\n\t\t\t\t<div class=\"elementor-widget-container\">\n\t\t\t\t\t\t\t\t\t<p>Cabins on cruise ships are usually small, so even the slightest mess can quickly make the\nspace feel cluttered. To ensure both of you enjoy a clean environment, be sure to follow these\nrules:<\/p><ul><li>Keep your clothes in the wardrobe.<\/li><li>Place dirty laundry in sealed bags.<\/li><li>Take turns cleaning the bathroom using the supplies provided by the ship.<\/li><li>Change your bedding regularly.<\/li><\/ul>\t\t\t\t\t\t\t\t<\/div>\n\t\t\t\t<\/div>\n\t\t\t\t<\/div>\n\t\t<div class=\"elementor-element elementor-element-afed630 e-con-full e-flex e-con e-parent\" data-id=\"afed630\" data-element_type=\"container\" data-e-type=\"container\">\n\t\t\t\t<div class=\"elementor-element elementor-element-c6ea761 elementor-widget__width-inherit elementor-widget elementor-widget-heading\" data-id=\"c6ea761\" data-element_type=\"widget\" data-e-type=\"widget\" data-widget_type=\"heading.default\">\n\t\t\t\t<div class=\"elementor-widget-container\">\n\t\t\t\t\t<h2 class=\"elementor-heading-title elementor-size-default\">Music<\/h2>\t\t\t\t<\/div>\n\t\t\t\t<\/div>\n\t\t\t\t<div class=\"elementor-element elementor-element-b9ad27a elementor-widget elementor-widget-text-editor\" data-id=\"b9ad27a\" data-element_type=\"widget\" data-e-type=\"widget\" data-widget_type=\"text-editor.default\">\n\t\t\t\t<div class=\"elementor-widget-container\">\n\t\t\t\t\t\t\t\t\t<p>If you enjoy music, remember that your roommate might prefer silence or have different\ntastes. Before playing music, ask how they feel about it and always keep the volume\nmoderate, as cabin walls are often very thin.<\/p>\t\t\t\t\t\t\t\t<\/div>\n\t\t\t\t<\/div>\n\t\t\t\t<\/div>\n\t\t<div class=\"elementor-element elementor-element-3b60b20 e-con-full e-flex e-con e-parent\" data-id=\"3b60b20\" data-element_type=\"container\" data-e-type=\"container\">\n\t\t\t\t<div class=\"elementor-element elementor-element-bf5ea8b elementor-widget__width-inherit elementor-widget elementor-widget-heading\" data-id=\"bf5ea8b\" data-element_type=\"widget\" data-e-type=\"widget\" data-widget_type=\"heading.default\">\n\t\t\t\t<div class=\"elementor-widget-container\">\n\t\t\t\t\t<h2 class=\"elementor-heading-title elementor-size-default\">The Smell<\/h2>\t\t\t\t<\/div>\n\t\t\t\t<\/div>\n\t\t\t\t<div class=\"elementor-element elementor-element-dcb2c8b elementor-widget elementor-widget-text-editor\" data-id=\"dcb2c8b\" data-element_type=\"widget\" data-e-type=\"widget\" data-widget_type=\"text-editor.default\">\n\t\t\t\t<div class=\"elementor-widget-container\">\n\t\t\t\t\t\t\t\t\t<p>Smells can be very personal, so strive to maintain a pleasant-smelling cabin. This includes:<\/p>\n<ul>\n<li>Keeping dirty laundry in sealed bags.<\/li>\n<li>Showering regularly and using air fresheners.<\/li>\n<li>Avoiding foods that may leave strong odors, such as heavily spiced dishes.<\/li>\n<\/ul>\t\t\t\t\t\t\t\t<\/div>\n\t\t\t\t<\/div>\n\t\t\t\t<\/div>\n\t\t<div class=\"elementor-element elementor-element-b114805 e-con-full e-flex e-con e-parent\" data-id=\"b114805\" data-element_type=\"container\" data-e-type=\"container\">\n\t\t\t\t<div class=\"elementor-element elementor-element-8fb256f elementor-widget__width-inherit elementor-widget elementor-widget-heading\" data-id=\"8fb256f\" data-element_type=\"widget\" data-e-type=\"widget\" data-widget_type=\"heading.default\">\n\t\t\t\t<div class=\"elementor-widget-container\">\n\t\t\t\t\t<h2 class=\"elementor-heading-title elementor-size-default\">Romantic relationships<\/h2>\t\t\t\t<\/div>\n\t\t\t\t<\/div>\n\t\t\t\t<div class=\"elementor-element elementor-element-3de85e0 elementor-widget elementor-widget-text-editor\" data-id=\"3de85e0\" data-element_type=\"widget\" data-e-type=\"widget\" data-widget_type=\"text-editor.default\">\n\t\t\t\t<div class=\"elementor-widget-container\">\n\t\t\t\t\t\t\t\t\t<p>It\u2019s possible to develop a romantic connection with a fellow crew member during your\ncontract. If this happens, it\u2019s essential to communicate clearly with your roommate about\nyour need for privacy. If your roommate doesn\u2019t have a romantic interest, you may need to\nplan private time for when they\u2019re off the ship or working.<\/p>\t\t\t\t\t\t\t\t<\/div>\n\t\t\t\t<\/div>\n\t\t\t\t<\/div>\n\t\t<div class=\"elementor-element elementor-element-8a2b63e e-con-full e-flex e-con e-parent\" data-id=\"8a2b63e\" data-element_type=\"container\" data-e-type=\"container\">\n\t\t\t\t<div class=\"elementor-element elementor-element-174023b elementor-widget__width-inherit elementor-widget elementor-widget-heading\" data-id=\"174023b\" data-element_type=\"widget\" data-e-type=\"widget\" data-widget_type=\"heading.default\">\n\t\t\t\t<div class=\"elementor-widget-container\">\n\t\t\t\t\t<h2 class=\"elementor-heading-title elementor-size-default\">Couples cabins<\/h2>\t\t\t\t<\/div>\n\t\t\t\t<\/div>\n\t\t\t\t<div class=\"elementor-element elementor-element-464315b elementor-widget elementor-widget-text-editor\" data-id=\"464315b\" data-element_type=\"widget\" data-e-type=\"widget\" data-widget_type=\"text-editor.default\">\n\t\t\t\t<div class=\"elementor-widget-container\">\n\t\t\t\t\t\t\t\t\t<p>For couples, the option of sharing a cabin exists but is often reserved for married couples. For\nother couples, the number of such cabins may be very limited. In that case, you can try to\narrange a cabin swap with someone else, if possible.<\/p>\t\t\t\t\t\t\t\t<\/div>\n\t\t\t\t<\/div>\n\t\t\t\t<\/div>\n\t\t<div class=\"elementor-element elementor-element-b751379 e-con-full e-flex e-con e-parent\" data-id=\"b751379\" data-element_type=\"container\" data-e-type=\"container\">\n\t\t\t\t<div class=\"elementor-element elementor-element-6a7ac7c elementor-widget__width-inherit elementor-widget elementor-widget-heading\" data-id=\"6a7ac7c\" data-element_type=\"widget\" data-e-type=\"widget\" data-widget_type=\"heading.default\">\n\t\t\t\t<div class=\"elementor-widget-container\">\n\t\t\t\t\t<h2 class=\"elementor-heading-title elementor-size-default\">Decorations<\/h2>\t\t\t\t<\/div>\n\t\t\t\t<\/div>\n\t\t\t\t<div class=\"elementor-element elementor-element-40f8d93 elementor-widget elementor-widget-text-editor\" data-id=\"40f8d93\" data-element_type=\"widget\" data-e-type=\"widget\" data-widget_type=\"text-editor.default\">\n\t\t\t\t<div class=\"elementor-widget-container\">\n\t\t\t\t\t\t\t\t\t<p>When personalizing your cabin, keep in mind that everyone has different tastes. Before\nhanging pictures or adding decorations, ask your roommate if they\u2019re okay with it. Try to find\na compromise that allows both of you to enjoy the space.<\/p>\t\t\t\t\t\t\t\t<\/div>\n\t\t\t\t<\/div>\n\t\t\t\t<\/div>\n\t\t<div class=\"elementor-element elementor-element-8808b99 e-flex e-con-boxed e-con e-parent\" data-id=\"8808b99\" data-element_type=\"container\" data-e-type=\"container\">\n\t\t\t\t\t<div class=\"e-con-inner\">\n\t\t\t\t<div class=\"elementor-element elementor-element-34ccb17 elementor-align-center elementor-widget elementor-widget-button\" data-id=\"34ccb17\" data-element_type=\"widget\" data-e-type=\"widget\" data-widget_type=\"button.default\">\n\t\t\t\t<div class=\"elementor-widget-container\">\n\t\t\t\t\t\t\t\t\t<div class=\"elementor-button-wrapper\">\n\t\t\t\t\t<a class=\"elementor-button elementor-button-link elementor-size-sm elementor-animation-grow\" href=\"https:\/\/tempus-agency.com\/en\/karijera\/\">\n\t\t\t\t\t\t<span class=\"elementor-button-content-wrapper\">\n\t\t\t\t\t\t<span class=\"elementor-button-icon\">\n\t\t\t\t<svg aria-hidden=\"true\" class=\"e-font-icon-svg e-fas-long-arrow-alt-left\" viewbox=\"0 0 448 512\" xmlns=\"http:\/\/www.w3.org\/2000\/svg\"><path d=\"M134.059 296H436c6.627 0 12-5.373 12-12v-56c0-6.627-5.373-12-12-12H134.059v-46.059c0-21.382-25.851-32.09-40.971-16.971L7.029 239.029c-9.373 9.373-9.373 24.569 0 33.941l86.059 86.059c15.119 15.119 40.971 4.411 40.971-16.971V296z\"><\/path><\/svg>\t\t\t<\/span>\n\t\t\t\t\t\t\t\t\t<span class=\"elementor-button-text\">Back<\/span>\n\t\t\t\t\t<\/span>\n\t\t\t\t\t<\/a>\n\t\t\t\t<\/div>\n\t\t\t\t\t\t\t\t<\/div>\n\t\t\t\t<\/div>\n\t\t\t\t\t<\/div>\n\t\t\t\t<\/div>\n\t\t\t\t<\/div>","protected":false},"excerpt":{"rendered":"<p>Pravila za cimere Ako planirate raditi na kruzeru po prvi put, verovatno \u0107ete po\u010deti na poziciji koja je po\u010detni nivo. Na kruzerima, va\u0161 posao i status u njemu mogu zna\u010dajno uticati na va\u0161 \u017eivot. \u0160to je va\u0161a pozicija vi\u0161a u hijerarhiji, to je kabina u kojoj boravite obi\u010dno bolja. To zna\u010di da \u0107e rad na [&hellip;]<\/p>\n","protected":false},"author":1,"featured_media":0,"parent":0,"menu_order":0,"comment_status":"closed","ping_status":"closed","template":"elementor_header_footer","meta":{"footnotes":""},"class_list":["post-3654","page","type-page","status-publish","hentry"],"_links":{"self":[{"href":"https:\/\/tempus-agency.com\/en\/wp-json\/wp\/v2\/pages\/3654","targetHints":{"allow":["GET"]}}],"collection":[{"href":"https:\/\/tempus-agency.com\/en\/wp-json\/wp\/v2\/pages"}],"about":[{"href":"https:\/\/tempus-agency.com\/en\/wp-json\/wp\/v2\/types\/page"}],"author":[{"embeddable":true,"href":"https:\/\/tempus-agency.com\/en\/wp-json\/wp\/v2\/users\/1"}],"replies":[{"embeddable":true,"href":"https:\/\/tempus-agency.com\/en\/wp-json\/wp\/v2\/comments?post=3654"}],"version-history":[{"count":28,"href":"https:\/\/tempus-agency.com\/en\/wp-json\/wp\/v2\/pages\/3654\/revisions"}],"predecessor-version":[{"id":4406,"href":"https:\/\/tempus-agency.com\/en\/wp-json\/wp\/v2\/pages\/3654\/revisions\/4406"}],"wp:attachment":[{"href":"https:\/\/tempus-agency.com\/en\/wp-json\/wp\/v2\/media?parent=3654"}],"curies":[{"name":"wp","href":"https:\/\/api.w.org\/{rel}","templated":true}]}}