{"id":3642,"date":"2024-11-14T17:49:04","date_gmt":"2024-11-14T17:49:04","guid":{"rendered":"https:\/\/tempus-agency.com\/?page_id=3642"},"modified":"2024-11-14T18:00:07","modified_gmt":"2024-11-14T18:00:07","slug":"novac-na-brodu","status":"publish","type":"page","link":"https:\/\/tempus-agency.com\/en\/novac-na-brodu\/","title":{"rendered":"Money on ship"},"content":{"rendered":"<div data-elementor-type=\"wp-page\" data-elementor-id=\"3642\" class=\"elementor elementor-3642\" data-elementor-post-type=\"page\">\n\t\t\t\t<div class=\"elementor-element elementor-element-4d501d1 e-con-full e-flex e-con e-child\" data-id=\"4d501d1\" data-element_type=\"container\" data-e-type=\"container\">\n\t\t\t\t<div class=\"elementor-element elementor-element-03a13cf elementor-widget elementor-widget-heading\" data-id=\"03a13cf\" data-element_type=\"widget\" data-e-type=\"widget\" data-widget_type=\"heading.default\">\n\t\t\t\t<div class=\"elementor-widget-container\">\n\t\t\t\t\t<h2 class=\"elementor-heading-title elementor-size-default\">Money on ship<\/h2>\t\t\t\t<\/div>\n\t\t\t\t<\/div>\n\t\t\t\t<div class=\"elementor-element elementor-element-d42c493 elementor-widget elementor-widget-image\" data-id=\"d42c493\" data-element_type=\"widget\" data-e-type=\"widget\" data-widget_type=\"image.default\">\n\t\t\t\t<div class=\"elementor-widget-container\">\n\t\t\t\t\t\t\t\t\t\t\t\t\t\t\t<img decoding=\"async\" src=\"https:\/\/tempus-agency.com\/wp-content\/uploads\/elementor\/thumbs\/logotempus-1-qg30mifo8bytvrui5kj9nirecr5dip3vurbql9f4ag.png\" title=\"logotempus.png\" alt=\"logotempus.png\" loading=\"lazy\" \/>\t\t\t\t\t\t\t\t\t\t\t\t\t\t\t<\/div>\n\t\t\t\t<\/div>\n\t\t\t\t<\/div>\n\t\t<div class=\"elementor-element elementor-element-9fda5d6 e-con-full e-flex e-con e-parent\" data-id=\"9fda5d6\" data-element_type=\"container\" data-e-type=\"container\">\n\t\t\t\t<div class=\"elementor-element elementor-element-2f7a149 elementor-widget__width-inherit elementor-widget elementor-widget-heading\" data-id=\"2f7a149\" data-element_type=\"widget\" data-e-type=\"widget\" data-widget_type=\"heading.default\">\n\t\t\t\t<div class=\"elementor-widget-container\">\n\t\t\t\t\t<h2 class=\"elementor-heading-title elementor-size-default\">Bank Accounts<\/h2>\t\t\t\t<\/div>\n\t\t\t\t<\/div>\n\t\t\t\t<div class=\"elementor-element elementor-element-a75f002 elementor-widget elementor-widget-text-editor\" data-id=\"a75f002\" data-element_type=\"widget\" data-e-type=\"widget\" data-widget_type=\"text-editor.default\">\n\t\t\t\t<div class=\"elementor-widget-container\">\n\t\t\t\t\t\t\t\t\t<p>Cruise ships are made up of crew members from all over the world, so paying everyone\ntheir salary into their local bank accounts in each individual currency would be almost\nimpossible for the cruise line to do successfully. The way they get around this is to set\nup a bank account for each crew member once they are on board. Some of the\naccounts they use a lot are as follows:\nMy Crew Wallet, Ocean pay, Brightwell.\nThe company will pay your monthly salary in American dollars, usually into this bank\naccount no matter where in the world you are from.<\/p><p>My advice would be to get your money out of this bank account as quickly as possible\nas they are difficult to use and don't offer the protection that a normal bank account\ncan offer.<\/p><p>I would set up a digital bank account with either: Starling, Monzo, TransferWise, or\nRevolut.\nI have a TransferWise account because exchange rates are low and it's really easy and\nquick to send money to various bank accounts all over the world. If you know you will\nbe sending money regularly to other bank accounts then I would definitely open a\nTransferWise account.<\/p><p>When setting up your digital bank account with any of the banks I have mentioned, you\nwant to set it up in the same currency that you will be paid in. For example, I am paid in\nAmerican dollars, into a Brightwell account by my cruise ship company so, I set up my\nTransferWise account in American dollars. This means that when I transfer money from\nBrightwell to TransferWise there is a very low fee to pay because there is no currency\nexchange involved.\nOnce the money is in my TransferWise account I can then decide to transfer it to my\nEnglish account and pay the low exchange fee, or any other currency I choose.<\/p><p>It is also useful to have an American dollar account while my ship is sailing in American\nwaters because it means if I withdraw cash from an ATM in port, or I pay for something\nusing my American card, there will be no charges.<\/p><p>Once you have your digital bank account and you get on board, I would set up a\nstanding order with your cruise ship bank account so that as soon as you are paid your\nsalary, it goes from your cruise ship bank account straight into the digital bank\naccount.<\/p>\t\t\t\t\t\t\t\t<\/div>\n\t\t\t\t<\/div>\n\t\t\t\t<\/div>\n\t\t<div class=\"elementor-element elementor-element-2597caf e-con-full e-flex e-con e-parent\" data-id=\"2597caf\" data-element_type=\"container\" data-e-type=\"container\">\n\t\t\t\t<div class=\"elementor-element elementor-element-7d857e4 elementor-widget__width-inherit elementor-widget elementor-widget-heading\" data-id=\"7d857e4\" data-element_type=\"widget\" data-e-type=\"widget\" data-widget_type=\"heading.default\">\n\t\t\t\t<div class=\"elementor-widget-container\">\n\t\t\t\t\t<h2 class=\"elementor-heading-title elementor-size-default\">Cash<\/h2>\t\t\t\t<\/div>\n\t\t\t\t<\/div>\n\t\t\t\t<div class=\"elementor-element elementor-element-e5be437 elementor-widget elementor-widget-text-editor\" data-id=\"e5be437\" data-element_type=\"widget\" data-e-type=\"widget\" data-widget_type=\"text-editor.default\">\n\t\t\t\t<div class=\"elementor-widget-container\">\n\t\t\t\t\t\t\t\t\t<p>Although we are almost in a cashless society, I would recommend taking a little bit of\ncash on board with you because some cruise ships are still in the dark ages and only\naccept cash when you want to top up your cruise account. You can use your cruise\naccount to buy Wi-Fi, Snacks and essentials from The Crew Shop, and drinks from The\nCrew Bar.<\/p><p>I would aim to take about $30 to $40 onboard with you, which should last you for about\nthe first two weeks on board.<\/p>\t\t\t\t\t\t\t\t<\/div>\n\t\t\t\t<\/div>\n\t\t\t\t<\/div>\n\t\t<div class=\"elementor-element elementor-element-c1d311e e-con-full e-flex e-con e-parent\" data-id=\"c1d311e\" data-element_type=\"container\" data-e-type=\"container\">\n\t\t\t\t<div class=\"elementor-element elementor-element-6bb1f2f elementor-widget__width-inherit elementor-widget elementor-widget-heading\" data-id=\"6bb1f2f\" data-element_type=\"widget\" data-e-type=\"widget\" data-widget_type=\"heading.default\">\n\t\t\t\t<div class=\"elementor-widget-container\">\n\t\t\t\t\t<h2 class=\"elementor-heading-title elementor-size-default\">Cruise ship ATM<\/h2>\t\t\t\t<\/div>\n\t\t\t\t<\/div>\n\t\t\t\t<div class=\"elementor-element elementor-element-b6a8663 elementor-widget elementor-widget-text-editor\" data-id=\"b6a8663\" data-element_type=\"widget\" data-e-type=\"widget\" data-widget_type=\"text-editor.default\">\n\t\t\t\t<div class=\"elementor-widget-container\">\n\t\t\t\t\t\t\t\t\t<p>On every cruise ship, there is an ATM machine, but I would only use this if you urgently\nneed cash as the fees that you will incur by using the cruise ship ATM machine will be\nvery high.\nIf you can, I would always wait to use an ATM machine outside in a port that offers\nbetter prices.<\/p>\t\t\t\t\t\t\t\t<\/div>\n\t\t\t\t<\/div>\n\t\t\t\t<\/div>\n\t\t<div class=\"elementor-element elementor-element-b444114 e-con-full e-flex e-con e-parent\" data-id=\"b444114\" data-element_type=\"container\" data-e-type=\"container\">\n\t\t\t\t<div class=\"elementor-element elementor-element-1479b40 elementor-widget__width-inherit elementor-widget elementor-widget-heading\" data-id=\"1479b40\" data-element_type=\"widget\" data-e-type=\"widget\" data-widget_type=\"heading.default\">\n\t\t\t\t<div class=\"elementor-widget-container\">\n\t\t\t\t\t<h2 class=\"elementor-heading-title elementor-size-default\">Outgoings<\/h2>\t\t\t\t<\/div>\n\t\t\t\t<\/div>\n\t\t\t\t<div class=\"elementor-element elementor-element-2729470 elementor-widget elementor-widget-text-editor\" data-id=\"2729470\" data-element_type=\"widget\" data-e-type=\"widget\" data-widget_type=\"text-editor.default\">\n\t\t\t\t<div class=\"elementor-widget-container\">\n\t\t\t\t\t\t\t\t\t<p>Living on land can be incredibly expensive. You will either be paying for\na mortgage or rent, you will most likely have a car to run and a\ncommute to and from work that can end up being quite expensive,\npaying for your weekly food shop is no joke, and then we all have other\nexpenses on top of these like a gym membership, subscriptions to\nNetflix, phone bills etc.\nAnd after paying for all of these things, you\u2019re really not left with a lot\nwhich can make saving for your future very difficult.<\/p><p>One of my favourite things about working on cruise ships is that it\u2019s so\neasy to save money. The only expenses you take with you on a ship\nfrom the list above is your phone bill.\nOf course, you can keep paying for Netflix and Disney+ but as I\nmentioned in the \u2018let's get techie\u2019 guide, usually people sell a hard drive\nwith movies because the Wi-Fi on board a cruise ship is unreliable.<\/p>\t\t\t\t\t\t\t\t<\/div>\n\t\t\t\t<\/div>\n\t\t\t\t<\/div>\n\t\t<div class=\"elementor-element elementor-element-5d3682e e-con-full e-flex e-con e-parent\" data-id=\"5d3682e\" data-element_type=\"container\" data-e-type=\"container\">\n\t\t\t\t<div class=\"elementor-element elementor-element-923ca21 elementor-widget__width-inherit elementor-widget elementor-widget-heading\" data-id=\"923ca21\" data-element_type=\"widget\" data-e-type=\"widget\" data-widget_type=\"heading.default\">\n\t\t\t\t<div class=\"elementor-widget-container\">\n\t\t\t\t\t<h2 class=\"elementor-heading-title elementor-size-default\">Tax<\/h2>\t\t\t\t<\/div>\n\t\t\t\t<\/div>\n\t\t\t\t<div class=\"elementor-element elementor-element-7028cb7 elementor-widget elementor-widget-text-editor\" data-id=\"7028cb7\" data-element_type=\"widget\" data-e-type=\"widget\" data-widget_type=\"text-editor.default\">\n\t\t\t\t<div class=\"elementor-widget-container\">\n\t\t\t\t\t\t\t\t\t<p>Unfortunately, when it comes to tax, there is not one answer that will suit all, but I can\ntell you what I do know, which has honestly taken me years to learn.\nIf you are employed directly through a cruise line it is likely that your tax will come out\nof your salary before you get paid. This is ideal, but as I mentioned in the \u2018Ace Your\nInterview\u2019 guide, most cruise ship jobs require you to go through a recruitment agency,\nand in this case, you will have to sort your own tax out.<\/p><p>Recruitment agencies hire people from all over the world, so it would be almost\nimpossible for a recruitment agency to organise everyone's tax in multiple different\ncountries with multiple different tax laws.\nThis being said I would recommend hiring an accountant, or at least having a meeting\nwith an accountant who can explain the tax laws in your country.<\/p><p>For example in the UK (where I am from) if you work outside the UK for more than six\nmonths a year you are exempt from tax.<\/p><p>If you do two 6 months contracts on a cruise ship with a two-month break in between,\nyou are definitely going to be outside the country for more than six months a year.\nHowever, even though you may not have to pay tax, everything still has to go through\nthe books.\nIf you are from America, I know that you will still have to pay taxes regardless of how\nmany months you are working outside of America.\nSo these are just two examples of how different the laws are depending on where you\nare from.<\/p><p>If you are young and you have never paid tax before, you may not even have a tax\nnumber yet, so that is something that you will have to apply for. Another option is also\napplying for a Seaman's tax number which can drastically reduce the amount of tax\nthat you will have to pay. I have done both of these things, but I hired an accountant\nwho would do these things for me because I find it very confusing.<\/p><p>Ask your accountant:<\/p><ul><li>If you do not have a tax number, you can ask an accountant to apply for one for you\nor talk you through the process.<\/li><li>Once you have a tax number, you can ask about applying for a Seaman\u2019s tax\nnumber and whether this would benefit you.<\/li><li>How much money can I earn before I am required to pay taxes?<\/li><li>What business expenses can I deduct?<\/li><li>How do you recommend I keep my expenses organised?<\/li><\/ul>\t\t\t\t\t\t\t\t<\/div>\n\t\t\t\t<\/div>\n\t\t\t\t<\/div>\n\t\t<div class=\"elementor-element elementor-element-ac11d7a e-con-full e-flex e-con e-parent\" data-id=\"ac11d7a\" data-element_type=\"container\" data-e-type=\"container\">\n\t\t\t\t<div class=\"elementor-element elementor-element-8251e04 elementor-widget__width-inherit elementor-widget elementor-widget-heading\" data-id=\"8251e04\" data-element_type=\"widget\" data-e-type=\"widget\" data-widget_type=\"heading.default\">\n\t\t\t\t<div class=\"elementor-widget-container\">\n\t\t\t\t\t<h2 class=\"elementor-heading-title elementor-size-default\">So other than your phone bill, what other expenses can you\nexpect to have when living on a cruise ship?<\/h2>\t\t\t\t<\/div>\n\t\t\t\t<\/div>\n\t\t\t\t<div class=\"elementor-element elementor-element-cdddfe2 elementor-widget__width-inherit elementor-widget elementor-widget-heading\" data-id=\"cdddfe2\" data-element_type=\"widget\" data-e-type=\"widget\" data-widget_type=\"heading.default\">\n\t\t\t\t<div class=\"elementor-widget-container\">\n\t\t\t\t\t<h2 class=\"elementor-heading-title elementor-size-default\">Water<\/h2>\t\t\t\t<\/div>\n\t\t\t\t<\/div>\n\t\t\t\t<div class=\"elementor-element elementor-element-54d2e0f elementor-widget elementor-widget-text-editor\" data-id=\"54d2e0f\" data-element_type=\"widget\" data-e-type=\"widget\" data-widget_type=\"text-editor.default\">\n\t\t\t\t<div class=\"elementor-widget-container\">\n\t\t\t\t\t\t\t\t\t<p>Drinking tap water on a cruise ship is okay in small doses, but I definitely would not\nbe filling up your water bottle using tap water as it contains a lot of chlorine. Most\ncruise lines are now realising that water should be a basic human right and are\nplacing water machines around the cruise ship so that you can take a reusable water\nbottle on board with you and just fill it up for free using these water machines.<\/p><p>However, there are still some cruise lines that haven't implemented this yet and you\nwill have something called \u2018water day\u2019.\nOne day a week hundreds of packs of 1 L bottles of water will be loaded onto the ship\nand crew members will line up to purchase the bottles of water for the next week. As\nI'm typing this I'm realising how ludicrous this sounds but nevertheless, it happens.<\/p><p>Usually, each crew member will purchase two cases of water which will equate to 12\nx 1 litre bottles. On every ship I've been on with this system, it was always $3 per\ncase. So your total monthly water charge will be around $24, but hopefully, you end\nup working on a cruise ship that has free water machines and therefore you won't\nhave to pay for water at all.<\/p>\t\t\t\t\t\t\t\t<\/div>\n\t\t\t\t<\/div>\n\t\t\t\t<\/div>\n\t\t<div class=\"elementor-element elementor-element-850312c e-con-full e-flex e-con e-parent\" data-id=\"850312c\" data-element_type=\"container\" data-e-type=\"container\">\n\t\t\t\t<div class=\"elementor-element elementor-element-d2feaaf elementor-widget__width-inherit elementor-widget elementor-widget-heading\" data-id=\"d2feaaf\" data-element_type=\"widget\" data-e-type=\"widget\" data-widget_type=\"heading.default\">\n\t\t\t\t<div class=\"elementor-widget-container\">\n\t\t\t\t\t<h2 class=\"elementor-heading-title elementor-size-default\">WIFI<\/h2>\t\t\t\t<\/div>\n\t\t\t\t<\/div>\n\t\t\t\t<div class=\"elementor-element elementor-element-ceaf8b3 elementor-widget elementor-widget-text-editor\" data-id=\"ceaf8b3\" data-element_type=\"widget\" data-e-type=\"widget\" data-widget_type=\"text-editor.default\">\n\t\t\t\t<div class=\"elementor-widget-container\">\n\t\t\t\t\t\t\t\t\t<p>I have gone into great detail about how to get the best Wi-Fi for the least amount of\nmoney in my \u2018let's get techie\u2019 guide so be sure to read that if you have not already.\nYour monthly Wi-Fi bill will very much depend on whether you have access to mobile\ndata or whether you primarily use cruise ship Wi-Fi.<\/p><p>Most cruise lines have a social media Wi-Fi package which grants you access to\napplications like Instagram, Twitter, Snapchat, WhatsApp, and Facebook but you will\nnot be able to access YouTube or regular web browsing, for example Google search,\non this social media package.<\/p><p>To use YouTube, Google, and other web browsing features you will have to buy\nanother Internet package which will be a lot more expensive and in my experience is\nnot worth buying.\nThe social media Wi-Fi package will usually be between $15 and $25 every month.\nAnd this will give you unlimited access to your social media pages for that month.<\/p><p>The web browsing Wi-Fi packages are usually charged by the minute. Depending on\nthe cruise line, you can pay anywhere between $5 for 15 minutes- $20 for 200\nminutes. Please remember that the Wi-Fi is very slow, so a lot of purchased time is\ngoing to be eaten up by the web pages loading.<\/p>\t\t\t\t\t\t\t\t<\/div>\n\t\t\t\t<\/div>\n\t\t\t\t<\/div>\n\t\t<div class=\"elementor-element elementor-element-29ac005 e-con-full e-flex e-con e-parent\" data-id=\"29ac005\" data-element_type=\"container\" data-e-type=\"container\">\n\t\t\t\t<div class=\"elementor-element elementor-element-b5d1eea elementor-widget__width-inherit elementor-widget elementor-widget-heading\" data-id=\"b5d1eea\" data-element_type=\"widget\" data-e-type=\"widget\" data-widget_type=\"heading.default\">\n\t\t\t\t<div class=\"elementor-widget-container\">\n\t\t\t\t\t<h2 class=\"elementor-heading-title elementor-size-default\">The Crew Bar<\/h2>\t\t\t\t<\/div>\n\t\t\t\t<\/div>\n\t\t\t\t<div class=\"elementor-element elementor-element-bda9b24 elementor-widget elementor-widget-text-editor\" data-id=\"bda9b24\" data-element_type=\"widget\" data-e-type=\"widget\" data-widget_type=\"text-editor.default\">\n\t\t\t\t<div class=\"elementor-widget-container\">\n\t\t\t\t\t\t\t\t\t<p>Making friends within your department is really easy because you are going to be\nspending large amounts of the day together. When it comes to making friends\noutside of your department, which I highly recommend, the best place to do that is\nat The Crew Bar. Drinks are usually very cheap. When I worked on P&amp;O Oceana I\nwould pay $3 for a double gin and tonic. You just need to try not to get caught in the\ntrap of being tempted to drink every night because it is so cheap. I have done this\nand was very surprised to see how quickly a $3 gin and tonic every night added up.<\/p>\t\t\t\t\t\t\t\t<\/div>\n\t\t\t\t<\/div>\n\t\t\t\t<\/div>\n\t\t<div class=\"elementor-element elementor-element-545aa85 e-con-full e-flex e-con e-parent\" data-id=\"545aa85\" data-element_type=\"container\" data-e-type=\"container\">\n\t\t\t\t<div class=\"elementor-element elementor-element-ff74ead elementor-widget__width-inherit elementor-widget elementor-widget-heading\" data-id=\"ff74ead\" data-element_type=\"widget\" data-e-type=\"widget\" data-widget_type=\"heading.default\">\n\t\t\t\t<div class=\"elementor-widget-container\">\n\t\t\t\t\t<h2 class=\"elementor-heading-title elementor-size-default\">Going out in Port<\/h2>\t\t\t\t<\/div>\n\t\t\t\t<\/div>\n\t\t\t\t<div class=\"elementor-element elementor-element-195e6d6 elementor-widget elementor-widget-text-editor\" data-id=\"195e6d6\" data-element_type=\"widget\" data-e-type=\"widget\" data-widget_type=\"text-editor.default\">\n\t\t\t\t<div class=\"elementor-widget-container\">\n\t\t\t\t\t\t\t\t\t<p>The only other thing that you can expect to pay for is your time off the ship. The\namount of money you spend out in port is completely up to you. If you are looking to\nsave money you may take yourself on a nice long walk around the town and treat\nyourself to a coffee or a small lunch every once in a while. However, if you're not\nbothered about saving money, you might get off in port and go on a shopping spree\nevery day.<\/p><p>On my first contract, I did not save anything. I went on lots of excursions, I spent\nway too much money on going to restaurants out in port, I bought clothes and\nsouvenirs in almost every destination we stopped in, but I don't regret it. Now I am a\nbit older and have been working on cruise ships for a lot longer, I am much more\nfrugal with my money. The amount of money you spend exploring the ports is\ncompletely up to you.<\/p>\t\t\t\t\t\t\t\t<\/div>\n\t\t\t\t<\/div>\n\t\t\t\t<\/div>\n\t\t<div class=\"elementor-element elementor-element-f7bc9e1 e-flex e-con-boxed e-con e-parent\" data-id=\"f7bc9e1\" data-element_type=\"container\" data-e-type=\"container\">\n\t\t\t\t\t<div class=\"e-con-inner\">\n\t\t\t\t<div class=\"elementor-element elementor-element-7c7034d elementor-align-center elementor-widget elementor-widget-button\" data-id=\"7c7034d\" data-element_type=\"widget\" data-e-type=\"widget\" data-widget_type=\"button.default\">\n\t\t\t\t<div class=\"elementor-widget-container\">\n\t\t\t\t\t\t\t\t\t<div class=\"elementor-button-wrapper\">\n\t\t\t\t\t<a class=\"elementor-button elementor-button-link elementor-size-sm elementor-animation-grow\" href=\"https:\/\/tempus-agency.com\/en\/karijera\/\">\n\t\t\t\t\t\t<span class=\"elementor-button-content-wrapper\">\n\t\t\t\t\t\t<span class=\"elementor-button-icon\">\n\t\t\t\t<svg aria-hidden=\"true\" class=\"e-font-icon-svg e-fas-long-arrow-alt-left\" viewbox=\"0 0 448 512\" xmlns=\"http:\/\/www.w3.org\/2000\/svg\"><path d=\"M134.059 296H436c6.627 0 12-5.373 12-12v-56c0-6.627-5.373-12-12-12H134.059v-46.059c0-21.382-25.851-32.09-40.971-16.971L7.029 239.029c-9.373 9.373-9.373 24.569 0 33.941l86.059 86.059c15.119 15.119 40.971 4.411 40.971-16.971V296z\"><\/path><\/svg>\t\t\t<\/span>\n\t\t\t\t\t\t\t\t\t<span class=\"elementor-button-text\">Back<\/span>\n\t\t\t\t\t<\/span>\n\t\t\t\t\t<\/a>\n\t\t\t\t<\/div>\n\t\t\t\t\t\t\t\t<\/div>\n\t\t\t\t<\/div>\n\t\t\t\t\t<\/div>\n\t\t\t\t<\/div>\n\t\t\t\t<\/div>","protected":false},"excerpt":{"rendered":"<p>Novac na brodu Bankovni ra\u010duni Kruzeri su sastavljeni od \u010dlanova posade iz cijelog svijeta, tako da bi isplata plata svakom \u010dlanu posade na njihov lokalni bankovni ra\u010dun u razli\u010ditim valutama bila gotovo nemogu\u0107a za liniju za krstarenje. Na\u010din na koji to rje\u0161avaju jeste otvaranjem bankovnog ra\u010duna za svakog \u010dlana posade kad se ukrcaju na brod. [&hellip;]<\/p>\n","protected":false},"author":1,"featured_media":0,"parent":0,"menu_order":0,"comment_status":"closed","ping_status":"closed","template":"elementor_header_footer","meta":{"footnotes":""},"class_list":["post-3642","page","type-page","status-publish","hentry"],"_links":{"self":[{"href":"https:\/\/tempus-agency.com\/en\/wp-json\/wp\/v2\/pages\/3642","targetHints":{"allow":["GET"]}}],"collection":[{"href":"https:\/\/tempus-agency.com\/en\/wp-json\/wp\/v2\/pages"}],"about":[{"href":"https:\/\/tempus-agency.com\/en\/wp-json\/wp\/v2\/types\/page"}],"author":[{"embeddable":true,"href":"https:\/\/tempus-agency.com\/en\/wp-json\/wp\/v2\/users\/1"}],"replies":[{"embeddable":true,"href":"https:\/\/tempus-agency.com\/en\/wp-json\/wp\/v2\/comments?post=3642"}],"version-history":[{"count":4,"href":"https:\/\/tempus-agency.com\/en\/wp-json\/wp\/v2\/pages\/3642\/revisions"}],"predecessor-version":[{"id":3647,"href":"https:\/\/tempus-agency.com\/en\/wp-json\/wp\/v2\/pages\/3642\/revisions\/3647"}],"wp:attachment":[{"href":"https:\/\/tempus-agency.com\/en\/wp-json\/wp\/v2\/media?parent=3642"}],"curies":[{"name":"wp","href":"https:\/\/api.w.org\/{rel}","templated":true}]}}