{"id":3636,"date":"2024-11-14T17:37:57","date_gmt":"2024-11-14T17:37:57","guid":{"rendered":"https:\/\/tempus-agency.com\/?page_id=3636"},"modified":"2024-12-19T14:52:06","modified_gmt":"2024-12-19T14:52:06","slug":"tehnologija-na-brodu","status":"publish","type":"page","link":"https:\/\/tempus-agency.com\/en\/tehnologija-na-brodu\/","title":{"rendered":"Technology on board"},"content":{"rendered":"<div data-elementor-type=\"wp-page\" data-elementor-id=\"3636\" class=\"elementor elementor-3636\" data-elementor-post-type=\"page\">\n\t\t\t\t<div class=\"elementor-element elementor-element-a52ee2b e-con-full e-flex e-con e-child\" data-id=\"a52ee2b\" data-element_type=\"container\" data-e-type=\"container\">\n\t\t\t\t<div class=\"elementor-element elementor-element-a2afc55 elementor-widget elementor-widget-heading\" data-id=\"a2afc55\" data-element_type=\"widget\" data-e-type=\"widget\" data-widget_type=\"heading.default\">\n\t\t\t\t<div class=\"elementor-widget-container\">\n\t\t\t\t\t<h2 class=\"elementor-heading-title elementor-size-default\">Technology on board<\/h2>\t\t\t\t<\/div>\n\t\t\t\t<\/div>\n\t\t\t\t<div class=\"elementor-element elementor-element-b1913d6 elementor-widget elementor-widget-image\" data-id=\"b1913d6\" data-element_type=\"widget\" data-e-type=\"widget\" data-widget_type=\"image.default\">\n\t\t\t\t<div class=\"elementor-widget-container\">\n\t\t\t\t\t\t\t\t\t\t\t\t\t\t\t<img decoding=\"async\" src=\"https:\/\/tempus-agency.com\/wp-content\/uploads\/elementor\/thumbs\/logotempus-1-qg30mifo8bytvrui5kj9nirecr5dip3vurbql9f4ag.png\" title=\"logotempus.png\" alt=\"logotempus.png\" loading=\"lazy\" \/>\t\t\t\t\t\t\t\t\t\t\t\t\t\t\t<\/div>\n\t\t\t\t<\/div>\n\t\t\t\t<\/div>\n\t\t<div class=\"elementor-element elementor-element-db22171 e-con-full e-flex e-con e-parent\" data-id=\"db22171\" data-element_type=\"container\" data-e-type=\"container\">\n\t\t\t\t<div class=\"elementor-element elementor-element-fad9201 elementor-widget__width-inherit elementor-widget elementor-widget-heading\" data-id=\"fad9201\" data-element_type=\"widget\" data-e-type=\"widget\" data-widget_type=\"heading.default\">\n\t\t\t\t<div class=\"elementor-widget-container\">\n\t\t\t\t\t<h2 class=\"elementor-heading-title elementor-size-default\">Wi-Fi and Mobile Data on Cruise Ships<\/h2>\t\t\t\t<\/div>\n\t\t\t\t<\/div>\n\t\t\t\t<div class=\"elementor-element elementor-element-cb51596 elementor-widget elementor-widget-text-editor\" data-id=\"cb51596\" data-element_type=\"widget\" data-e-type=\"widget\" data-widget_type=\"text-editor.default\">\n\t\t\t\t<div class=\"elementor-widget-container\">\n\t\t\t\t\t\t\t\t\t<p>One of the biggest issues on cruise ships is poor internet connection, which is often very\nexpensive, even for crew members. While crew members enjoy lower Wi-Fi prices compared\nto passengers, the quality of the connection is usually unsatisfactory, and the price remains\nhigh. Because of this, many crew members, whenever they have free time, seek out bars or\nrestaurants on land that offer better internet connections to make calls and handle tasks that\nrequire the internet.\nIf someone wants to secure a better and cheaper internet connection during their travels, it&#039;s\nbest to prepare in advance. Before leaving home, they should unlock their phone and check\nwhat mobile data options are available. Once they know which cruise they will be taking,\nthey can visit sites like Cruisemapper.com to check the ship&#039;s route. Buying a SIM card at\none of the destinations can be a much cheaper option than using the ship&#039;s Wi-Fi, which, as\nmentioned earlier, is typically expensive and slow.<\/p>\t\t\t\t\t\t\t\t<\/div>\n\t\t\t\t<\/div>\n\t\t\t\t<\/div>\n\t\t<div class=\"elementor-element elementor-element-942bd23 e-con-full e-flex e-con e-parent\" data-id=\"942bd23\" data-element_type=\"container\" data-e-type=\"container\">\n\t\t\t\t<div class=\"elementor-element elementor-element-6dad8e4 elementor-widget__width-inherit elementor-widget elementor-widget-heading\" data-id=\"6dad8e4\" data-element_type=\"widget\" data-e-type=\"widget\" data-widget_type=\"heading.default\">\n\t\t\t\t<div class=\"elementor-widget-container\">\n\t\t\t\t\t<h2 class=\"elementor-heading-title elementor-size-default\">SIM Cards and Global Mobile Providers<\/h2>\t\t\t\t<\/div>\n\t\t\t\t<\/div>\n\t\t\t\t<div class=\"elementor-element elementor-element-e291a23 elementor-widget elementor-widget-text-editor\" data-id=\"e291a23\" data-element_type=\"widget\" data-e-type=\"widget\" data-widget_type=\"text-editor.default\">\n\t\t\t\t<div class=\"elementor-widget-container\">\n\t\t\t\t\t\t\t\t\t<p>If the cruise primarily operates within one region, such as the Caribbean or Southeast Asia,\npurchasing a SIM card at the destination can be a very cost-effective option. However, if the\ncruise is a world voyage or the ship visits multiple continents, it may not be economical to\nbuy a SIM card at each new port. In that case, it&#039;s recommended to consider a mobile\nprovider that offers global coverage. This way, the user will have access to mobile data in\nmost of the places the ship visits.<br \/>Note: Mobile data is not available until the ship is close to shore. If someone wants internet\naccess while the ship is at sea, they will have to use the ship&#039;s Wi-Fi, which can be very\nexpensive and slow.<\/p>\t\t\t\t\t\t\t\t<\/div>\n\t\t\t\t<\/div>\n\t\t\t\t<\/div>\n\t\t<div class=\"elementor-element elementor-element-4c5a368 e-con-full e-flex e-con e-parent\" data-id=\"4c5a368\" data-element_type=\"container\" data-e-type=\"container\">\n\t\t\t\t<div class=\"elementor-element elementor-element-0599c1c elementor-widget__width-inherit elementor-widget elementor-widget-heading\" data-id=\"0599c1c\" data-element_type=\"widget\" data-e-type=\"widget\" data-widget_type=\"heading.default\">\n\t\t\t\t<div class=\"elementor-widget-container\">\n\t\t\t\t\t<h2 class=\"elementor-heading-title elementor-size-default\">Using a VPN on Cruise Ships<\/h2>\t\t\t\t<\/div>\n\t\t\t\t<\/div>\n\t\t\t\t<div class=\"elementor-element elementor-element-87c3b95 elementor-widget elementor-widget-text-editor\" data-id=\"87c3b95\" data-element_type=\"widget\" data-e-type=\"widget\" data-widget_type=\"text-editor.default\">\n\t\t\t\t<div class=\"elementor-widget-container\">\n\t\t\t\t\t\t\t\t\t<p>A VPN (Virtual Private Network) is a useful tool for protecting privacy and securing internet\nconnections, especially when using public Wi-Fi networks. It also allows users to change\ntheir virtual location, meaning they can access geographically restricted content. For\nexample, if someone is in Asia but wants to watch UK TV channels or content from the US\nNetflix, a VPN allows them to change their virtual location to the UK or the US.<\/p><p><br \/>However, some cruise lines prohibit the use of VPNs on their ships. Before deciding to use a\nVPN, users should check the policy of their cruise company, as they may be denied access to\nthis service. If someone enjoys watching live sports or wants to access content unavailable in\ntheir region, a VPN is certainly a helpful tool.<\/p>\t\t\t\t\t\t\t\t<\/div>\n\t\t\t\t<\/div>\n\t\t\t\t<\/div>\n\t\t<div class=\"elementor-element elementor-element-f35c84e e-con-full e-flex e-con e-parent\" data-id=\"f35c84e\" data-element_type=\"container\" data-e-type=\"container\">\n\t\t\t\t<div class=\"elementor-element elementor-element-1a3ffa5 elementor-widget__width-inherit elementor-widget elementor-widget-heading\" data-id=\"1a3ffa5\" data-element_type=\"widget\" data-e-type=\"widget\" data-widget_type=\"heading.default\">\n\t\t\t\t<div class=\"elementor-widget-container\">\n\t\t\t\t\t<h2 class=\"elementor-heading-title elementor-size-default\">Tech insurance<\/h2>\t\t\t\t<\/div>\n\t\t\t\t<\/div>\n\t\t\t\t<div class=\"elementor-element elementor-element-c11b845 elementor-widget elementor-widget-text-editor\" data-id=\"c11b845\" data-element_type=\"widget\" data-e-type=\"widget\" data-widget_type=\"text-editor.default\">\n\t\t\t\t<div class=\"elementor-widget-container\">\n\t\t\t\t\t\t\t\t\t<p>If someone is bringing valuable devices like a phone, laptop, camera, GoPro, or any other\nelectronics, it is recommended to insure them before heading to the ship. There are several\noptions for insuring tech equipment, and one popular site is protectmybubble.com, but users\ncan explore other companies offering this service as well. Insuring equipment provides extra peace of mind, ensuring there won't be financial problems if any tech is damaged or lost during the trip.<\/p>\t\t\t\t\t\t\t\t<\/div>\n\t\t\t\t<\/div>\n\t\t\t\t<\/div>\n\t\t<div class=\"elementor-element elementor-element-12696c7 e-con-full e-flex e-con e-parent\" data-id=\"12696c7\" data-element_type=\"container\" data-e-type=\"container\">\n\t\t\t\t<div class=\"elementor-element elementor-element-4829736 elementor-widget__width-inherit elementor-widget elementor-widget-heading\" data-id=\"4829736\" data-element_type=\"widget\" data-e-type=\"widget\" data-widget_type=\"heading.default\">\n\t\t\t\t<div class=\"elementor-widget-container\">\n\t\t\t\t\t<h2 class=\"elementor-heading-title elementor-size-default\">Hard drives and memory sticks<\/h2>\t\t\t\t<\/div>\n\t\t\t\t<\/div>\n\t\t\t\t<div class=\"elementor-element elementor-element-299e0ae elementor-widget elementor-widget-text-editor\" data-id=\"299e0ae\" data-element_type=\"widget\" data-e-type=\"widget\" data-widget_type=\"text-editor.default\">\n\t\t\t\t<div class=\"elementor-widget-container\">\n\t\t\t\t\t\t\t\t\t<p>It is recommended to bring an external hard drive or USB drive with a large capacity.\nOnboard, with very limited internet access and lower-quality entertainment channels, a hard\ndrive can be used to watch movies and TV shows on a laptop or TV in the cabin. It\u2019s the\nsimplest way to ensure entertainment while on the ship. Many crew members bring hard\ndrives filled with movies, and some crew members, after eight years on ships, now have hard\ndrives with hundreds of movies.<\/p><p><br \/>It is also recommended to bring a USB drive for backing up photos. If the phone is used for\nphotography, a USB drive can be a great alternative to cloud services, which the user might\nnot use or know how to navigate. Many crew members have lost their phones over the years,\nand the biggest complaint has been the loss of photos. Backing up on a USB drive can save a\nlot of stress in the event of a phone being lost.<\/p>\t\t\t\t\t\t\t\t<\/div>\n\t\t\t\t<\/div>\n\t\t\t\t<\/div>\n\t\t<div class=\"elementor-element elementor-element-eceeded e-con-full e-flex e-con e-parent\" data-id=\"eceeded\" data-element_type=\"container\" data-e-type=\"container\">\n\t\t\t\t<div class=\"elementor-element elementor-element-0d7d1d4 elementor-widget__width-inherit elementor-widget elementor-widget-heading\" data-id=\"0d7d1d4\" data-element_type=\"widget\" data-e-type=\"widget\" data-widget_type=\"heading.default\">\n\t\t\t\t<div class=\"elementor-widget-container\">\n\t\t\t\t\t<h2 class=\"elementor-heading-title elementor-size-default\">Conclusion<\/h2>\t\t\t\t<\/div>\n\t\t\t\t<\/div>\n\t\t\t\t<div class=\"elementor-element elementor-element-ff25ba3 elementor-widget elementor-widget-text-editor\" data-id=\"ff25ba3\" data-element_type=\"widget\" data-e-type=\"widget\" data-widget_type=\"text-editor.default\">\n\t\t\t\t<div class=\"elementor-widget-container\">\n\t\t\t\t\t\t\t\t\t<p>Preparing for technology and internet connectivity can significantly ease life on a cruise ship.\nWhether it&#039;s setting your phone to airplane mode, using a VPN, buying a SIM card, or\ninsuring your equipment, these steps can help you better prepare and enjoy your time\nonboard. Additionally, bringing an external hard drive and USB drive can ensure\nentertainment and safeguard precious memories throughout the journey.<\/p>\t\t\t\t\t\t\t\t<\/div>\n\t\t\t\t<\/div>\n\t\t\t\t<\/div>\n\t\t<div class=\"elementor-element elementor-element-1f40029 e-flex e-con-boxed e-con e-parent\" data-id=\"1f40029\" data-element_type=\"container\" data-e-type=\"container\">\n\t\t\t\t\t<div class=\"e-con-inner\">\n\t\t\t\t<div class=\"elementor-element elementor-element-b49835a elementor-align-center elementor-widget elementor-widget-button\" data-id=\"b49835a\" data-element_type=\"widget\" data-e-type=\"widget\" data-widget_type=\"button.default\">\n\t\t\t\t<div class=\"elementor-widget-container\">\n\t\t\t\t\t\t\t\t\t<div class=\"elementor-button-wrapper\">\n\t\t\t\t\t<a class=\"elementor-button elementor-button-link elementor-size-sm elementor-animation-grow\" href=\"https:\/\/tempus-agency.com\/en\/karijera\/\">\n\t\t\t\t\t\t<span class=\"elementor-button-content-wrapper\">\n\t\t\t\t\t\t<span class=\"elementor-button-icon\">\n\t\t\t\t<svg aria-hidden=\"true\" class=\"e-font-icon-svg e-fas-long-arrow-alt-left\" viewbox=\"0 0 448 512\" xmlns=\"http:\/\/www.w3.org\/2000\/svg\"><path d=\"M134.059 296H436c6.627 0 12-5.373 12-12v-56c0-6.627-5.373-12-12-12H134.059v-46.059c0-21.382-25.851-32.09-40.971-16.971L7.029 239.029c-9.373 9.373-9.373 24.569 0 33.941l86.059 86.059c15.119 15.119 40.971 4.411 40.971-16.971V296z\"><\/path><\/svg>\t\t\t<\/span>\n\t\t\t\t\t\t\t\t\t<span class=\"elementor-button-text\">Back<\/span>\n\t\t\t\t\t<\/span>\n\t\t\t\t\t<\/a>\n\t\t\t\t<\/div>\n\t\t\t\t\t\t\t\t<\/div>\n\t\t\t\t<\/div>\n\t\t\t\t\t<\/div>\n\t\t\t\t<\/div>\n\t\t\t\t<\/div>","protected":false},"excerpt":{"rendered":"<p>Tehnologija na brodu WIFI i Mobilni podaci na kruzerima Jedan od najve\u0107ih problema na kruzerima je lo\u0161a internet konekcija koja je \u010desto vrlo skupa, \u010dak i za \u010dlanove posade. Dok \u010dlanovi posade imaju ni\u017ee cene za Wi-Fi u odnosu na putnike, kvalitet veze obi\u010dno nije zadovoljavaju\u0107i, a cena ostaje visoka. Zbog toga, mnogi \u010dlanovi posade, [&hellip;]<\/p>\n","protected":false},"author":1,"featured_media":0,"parent":0,"menu_order":0,"comment_status":"closed","ping_status":"closed","template":"elementor_header_footer","meta":{"footnotes":""},"class_list":["post-3636","page","type-page","status-publish","hentry"],"_links":{"self":[{"href":"https:\/\/tempus-agency.com\/en\/wp-json\/wp\/v2\/pages\/3636","targetHints":{"allow":["GET"]}}],"collection":[{"href":"https:\/\/tempus-agency.com\/en\/wp-json\/wp\/v2\/pages"}],"about":[{"href":"https:\/\/tempus-agency.com\/en\/wp-json\/wp\/v2\/types\/page"}],"author":[{"embeddable":true,"href":"https:\/\/tempus-agency.com\/en\/wp-json\/wp\/v2\/users\/1"}],"replies":[{"embeddable":true,"href":"https:\/\/tempus-agency.com\/en\/wp-json\/wp\/v2\/comments?post=3636"}],"version-history":[{"count":10,"href":"https:\/\/tempus-agency.com\/en\/wp-json\/wp\/v2\/pages\/3636\/revisions"}],"predecessor-version":[{"id":4279,"href":"https:\/\/tempus-agency.com\/en\/wp-json\/wp\/v2\/pages\/3636\/revisions\/4279"}],"wp:attachment":[{"href":"https:\/\/tempus-agency.com\/en\/wp-json\/wp\/v2\/media?parent=3636"}],"curies":[{"name":"wp","href":"https:\/\/api.w.org\/{rel}","templated":true}]}}