{"id":2758,"date":"2024-10-19T14:02:33","date_gmt":"2024-10-19T14:02:33","guid":{"rendered":"https:\/\/tempus-agency.com\/?page_id=2758"},"modified":"2024-10-19T14:06:31","modified_gmt":"2024-10-19T14:06:31","slug":"eebd-i-breathing-apparatus","status":"publish","type":"page","link":"https:\/\/tempus-agency.com\/en\/eebd-i-breathing-apparatus\/","title":{"rendered":"EEBD i Breathing apparatus"},"content":{"rendered":"<div data-elementor-type=\"wp-page\" data-elementor-id=\"2758\" class=\"elementor elementor-2758\" data-elementor-post-type=\"page\">\n\t\t\t\t<div class=\"elementor-element elementor-element-4b5e4f2 e-con-full e-flex e-con e-child\" data-id=\"4b5e4f2\" data-element_type=\"container\" data-e-type=\"container\">\n\t\t\t\t<div class=\"elementor-element elementor-element-a95015f elementor-widget elementor-widget-heading\" data-id=\"a95015f\" data-element_type=\"widget\" data-e-type=\"widget\" data-widget_type=\"heading.default\">\n\t\t\t\t<div class=\"elementor-widget-container\">\n\t\t\t\t\t<h2 class=\"elementor-heading-title elementor-size-default\">EEBD i Breathing apparatus<\/h2>\t\t\t\t<\/div>\n\t\t\t\t<\/div>\n\t\t\t\t<div class=\"elementor-element elementor-element-7b965b3 elementor-widget elementor-widget-image\" data-id=\"7b965b3\" data-element_type=\"widget\" data-e-type=\"widget\" data-widget_type=\"image.default\">\n\t\t\t\t<div class=\"elementor-widget-container\">\n\t\t\t\t\t\t\t\t\t\t\t\t\t\t\t<img decoding=\"async\" src=\"https:\/\/tempus-agency.com\/wp-content\/uploads\/elementor\/thumbs\/logotempus-1-qg30mifo8bytvrui5kj9nirecr5dip3vurbql9f4ag.png\" title=\"logotempus.png\" alt=\"logotempus.png\" loading=\"lazy\" \/>\t\t\t\t\t\t\t\t\t\t\t\t\t\t\t<\/div>\n\t\t\t\t<\/div>\n\t\t\t\t<\/div>\n\t\t<div class=\"elementor-element elementor-element-70b27c8 e-flex e-con-boxed e-con e-parent\" data-id=\"70b27c8\" data-element_type=\"container\" data-e-type=\"container\">\n\t\t\t\t\t<div class=\"e-con-inner\">\n\t\t\t\t<div class=\"elementor-element elementor-element-4fcecae elementor-widget elementor-widget-text-editor\" data-id=\"4fcecae\" data-element_type=\"widget\" data-e-type=\"widget\" data-widget_type=\"text-editor.default\">\n\t\t\t\t<div class=\"elementor-widget-container\">\n\t\t\t\t\t\t\t\t\t<p><strong>Breathing Apparatus<\/strong>(BA) and <strong>Emergency Escape Breathing Device<\/strong> (EEBD) are key safety equipment on a ship designed to help crew members stay safe in case of fire or other hazardous situations.<\/p><p>\u00a0<\/p><p>Here is a detailed overview of this equipment:<\/p><p>\u00a0<\/p><p><strong>Breathing Apparatus (BA)<\/strong><\/p><p>\u00a0<\/p><ol><li><strong>Purpose<\/strong>: usually intended for use in the event of a fire or sudden outbreaks of smoke or toxic gases. They allow the user to breathe underwater or in a contaminated environment.<\/li><\/ol><p>\u00a0<\/p><ol start=\"2\"><li><strong>Components:<\/strong><\/li><\/ol><p>\u00a0\u00a0 \u2013 Breathing Mask: Equipped with a filter that removes harmful particles from the air.<\/p><p>\u00a0\u00a0 \u2013 Air Supply Hose: Connected to the mask, allowing breathing from an external air source.<\/p><p>\u00a0\u00a0 \u2013 Oxygen Cylinder: Contains compressed oxygen to enable breathing in environments with insufficient air.<\/p><p>\u00a0<\/p><ol start=\"3\"><li><strong>Operating Principle<\/strong>: The user puts the breathing mask on their face and connects the air supply hose to the external air source. The oxygen cylinder provides continuous breathing in an oxygen-deficient environment.<br \/><img fetchpriority=\"high\" decoding=\"async\" class=\"aligncenter size-full wp-image-2762\" src=\"https:\/\/tempus-agency.com\/wp-content\/uploads\/2024\/10\/Picture1.jpg\" alt=\"\" width=\"325\" height=\"325\" srcset=\"https:\/\/tempus-agency.com\/wp-content\/uploads\/2024\/10\/Picture1.jpg 325w, https:\/\/tempus-agency.com\/wp-content\/uploads\/2024\/10\/Picture1-300x300.jpg 300w, https:\/\/tempus-agency.com\/wp-content\/uploads\/2024\/10\/Picture1-100x100.jpg 100w, https:\/\/tempus-agency.com\/wp-content\/uploads\/2024\/10\/Picture1-150x150.jpg 150w, https:\/\/tempus-agency.com\/wp-content\/uploads\/2024\/10\/Picture1-12x12.jpg 12w\" sizes=\"(max-width: 325px) 100vw, 325px\" \/><p>\u00a0<\/p><p><strong>Emergency Escape Breathing Device<\/strong> (EEBD):<\/p><p>\u00a0<\/p><ol><li><strong>Purpose<\/strong>: EEBDs are designed for emergency use in situations such as fires, toxic gas leaks, or other incidents threatening crew safety.<\/li><\/ol><p>\u00a0<\/p><ol start=\"2\"><li><strong>Components:<\/strong><\/li><\/ol><p>\u00a0\u00a0 \u2013 Breathing Mask: Similar to the mask used in the breathing apparatus, allowing safe breathing and filtering harmful particles.<\/p><p>\u00a0\u00a0 \u2013 Oxygen Cylinder: Equipped with a small compressed oxygen tank that provides limited breathing time (usually around 15-20 minutes).<\/p><p>\u00a0\u00a0 \u2013 Activation: EEBD is activated by simply pulling a lever or opening the cover, which releases oxygen and allows the user to breathe.<\/p><p>\u00a0<\/p><ol start=\"3\"><li>Operating Principle: When activated, EEBD releases oxygen from the cylinder, enabling the user to breathe in a hazardous environment until they reach safety or the situation stabilizes.<\/li><\/ol><img decoding=\"async\" class=\"aligncenter size-full wp-image-2760\" src=\"https:\/\/tempus-agency.com\/wp-content\/uploads\/2024\/10\/guide.png\" alt=\"\" width=\"650\" height=\"916\" srcset=\"https:\/\/tempus-agency.com\/wp-content\/uploads\/2024\/10\/guide.png 650w, https:\/\/tempus-agency.com\/wp-content\/uploads\/2024\/10\/guide-600x846.png 600w, https:\/\/tempus-agency.com\/wp-content\/uploads\/2024\/10\/guide-213x300.png 213w, https:\/\/tempus-agency.com\/wp-content\/uploads\/2024\/10\/guide-9x12.png 9w\" sizes=\"(max-width: 650px) 100vw, 650px\" \/><\/li><\/ol><p>These devices are vital for the safety of the crew on board and are regularly maintained and inspected to ensure functionality in emergencies. Additionally, the crew is trained to use this equipment properly to maximize its effectiveness and ensure safety during emergencies.<\/p>\t\t\t\t\t\t\t\t<\/div>\n\t\t\t\t<\/div>\n\t\t\t\t\t<\/div>\n\t\t\t\t<\/div>\n\t\t<div class=\"elementor-element elementor-element-c98492e e-flex e-con-boxed e-con e-parent\" data-id=\"c98492e\" data-element_type=\"container\" data-e-type=\"container\">\n\t\t\t\t\t<div class=\"e-con-inner\">\n\t\t\t\t<div class=\"elementor-element elementor-element-37d5d21 elementor-align-center elementor-widget elementor-widget-button\" data-id=\"37d5d21\" data-element_type=\"widget\" data-e-type=\"widget\" data-widget_type=\"button.default\">\n\t\t\t\t<div class=\"elementor-widget-container\">\n\t\t\t\t\t\t\t\t\t<div class=\"elementor-button-wrapper\">\n\t\t\t\t\t<a class=\"elementor-button elementor-button-link elementor-size-sm elementor-animation-grow\" href=\"https:\/\/tempus-agency.com\/en\/safety\/\">\n\t\t\t\t\t\t<span class=\"elementor-button-content-wrapper\">\n\t\t\t\t\t\t<span class=\"elementor-button-icon\">\n\t\t\t\t<svg aria-hidden=\"true\" class=\"e-font-icon-svg e-fas-long-arrow-alt-left\" viewbox=\"0 0 448 512\" xmlns=\"http:\/\/www.w3.org\/2000\/svg\"><path d=\"M134.059 296H436c6.627 0 12-5.373 12-12v-56c0-6.627-5.373-12-12-12H134.059v-46.059c0-21.382-25.851-32.09-40.971-16.971L7.029 239.029c-9.373 9.373-9.373 24.569 0 33.941l86.059 86.059c15.119 15.119 40.971 4.411 40.971-16.971V296z\"><\/path><\/svg>\t\t\t<\/span>\n\t\t\t\t\t\t\t\t\t<span class=\"elementor-button-text\">Back<\/span>\n\t\t\t\t\t<\/span>\n\t\t\t\t\t<\/a>\n\t\t\t\t<\/div>\n\t\t\t\t\t\t\t\t<\/div>\n\t\t\t\t<\/div>\n\t\t\t\t\t<\/div>\n\t\t\t\t<\/div>\n\t\t\t\t<\/div>","protected":false},"excerpt":{"rendered":"<p>EEBD i Breathing apparatus Aparat za disanje(Breathing Apparatus) i Ure\u0111aj za disanje u nu\u017edi (EEBD &#8211; Emergency Escape Breathing Device) su klju\u010dni komadi sigurnosne opreme na brodu koji su dizajnirani da pomognu \u010dlanovima posade da ostanu sigurni u slu\u010daju po\u017eara ili drugih opasnih situacija. \u00a0 Evo detaljnijeg pregleda ove opreme: \u00a0 Aparat za disanje (Breathing [&hellip;]<\/p>\n","protected":false},"author":1,"featured_media":0,"parent":0,"menu_order":0,"comment_status":"closed","ping_status":"closed","template":"elementor_header_footer","meta":{"footnotes":""},"class_list":["post-2758","page","type-page","status-publish","hentry"],"_links":{"self":[{"href":"https:\/\/tempus-agency.com\/en\/wp-json\/wp\/v2\/pages\/2758","targetHints":{"allow":["GET"]}}],"collection":[{"href":"https:\/\/tempus-agency.com\/en\/wp-json\/wp\/v2\/pages"}],"about":[{"href":"https:\/\/tempus-agency.com\/en\/wp-json\/wp\/v2\/types\/page"}],"author":[{"embeddable":true,"href":"https:\/\/tempus-agency.com\/en\/wp-json\/wp\/v2\/users\/1"}],"replies":[{"embeddable":true,"href":"https:\/\/tempus-agency.com\/en\/wp-json\/wp\/v2\/comments?post=2758"}],"version-history":[{"count":4,"href":"https:\/\/tempus-agency.com\/en\/wp-json\/wp\/v2\/pages\/2758\/revisions"}],"predecessor-version":[{"id":2765,"href":"https:\/\/tempus-agency.com\/en\/wp-json\/wp\/v2\/pages\/2758\/revisions\/2765"}],"wp:attachment":[{"href":"https:\/\/tempus-agency.com\/en\/wp-json\/wp\/v2\/media?parent=2758"}],"curies":[{"name":"wp","href":"https:\/\/api.w.org\/{rel}","templated":true}]}}