{"id":2722,"date":"2024-10-19T13:45:42","date_gmt":"2024-10-19T13:45:42","guid":{"rendered":"https:\/\/tempus-agency.com\/?page_id=2722"},"modified":"2024-10-19T13:50:50","modified_gmt":"2024-10-19T13:50:50","slug":"splavovi-za-spasavanje","status":"publish","type":"page","link":"https:\/\/tempus-agency.com\/en\/splavovi-za-spasavanje\/","title":{"rendered":"Liferafts"},"content":{"rendered":"<div data-elementor-type=\"wp-page\" data-elementor-id=\"2722\" class=\"elementor elementor-2722\" data-elementor-post-type=\"page\">\n\t\t\t\t<div class=\"elementor-element elementor-element-1c7991f e-con-full e-flex e-con e-child\" data-id=\"1c7991f\" data-element_type=\"container\" data-e-type=\"container\">\n\t\t\t\t<div class=\"elementor-element elementor-element-20762e5 elementor-widget elementor-widget-heading\" data-id=\"20762e5\" data-element_type=\"widget\" data-e-type=\"widget\" data-widget_type=\"heading.default\">\n\t\t\t\t<div class=\"elementor-widget-container\">\n\t\t\t\t\t<h2 class=\"elementor-heading-title elementor-size-default\">Liferafts<\/h2>\t\t\t\t<\/div>\n\t\t\t\t<\/div>\n\t\t\t\t<div class=\"elementor-element elementor-element-d795f1d elementor-widget elementor-widget-image\" data-id=\"d795f1d\" data-element_type=\"widget\" data-e-type=\"widget\" data-widget_type=\"image.default\">\n\t\t\t\t<div class=\"elementor-widget-container\">\n\t\t\t\t\t\t\t\t\t\t\t\t\t\t\t<img decoding=\"async\" src=\"https:\/\/tempus-agency.com\/wp-content\/uploads\/elementor\/thumbs\/logotempus-1-qg30mifo8bytvrui5kj9nirecr5dip3vurbql9f4ag.png\" title=\"logotempus.png\" alt=\"logotempus.png\" loading=\"lazy\" \/>\t\t\t\t\t\t\t\t\t\t\t\t\t\t\t<\/div>\n\t\t\t\t<\/div>\n\t\t\t\t<\/div>\n\t\t<div class=\"elementor-element elementor-element-c5c3a4b e-flex e-con-boxed e-con e-parent\" data-id=\"c5c3a4b\" data-element_type=\"container\" data-e-type=\"container\">\n\t\t\t\t\t<div class=\"e-con-inner\">\n\t\t\t\t<div class=\"elementor-element elementor-element-191b112 elementor-widget elementor-widget-text-editor\" data-id=\"191b112\" data-element_type=\"widget\" data-e-type=\"widget\" data-widget_type=\"text-editor.default\">\n\t\t\t\t<div class=\"elementor-widget-container\">\n\t\t\t\t\t\t\t\t\t<p>There are different types of liferafts, each with its own characteristics and purpose. Here is an overview of some of them:<\/p><p>\u00a0<\/p><ol><li><strong>Manually Inflatable Liferafts<\/strong>: These liferafts require manual inflation using a hand pump or other inflation devices. They are typically compact and easy to store on board.<\/li><\/ol><p>\u00a0<\/p><ol start=\"2\"><li><strong>Automatically Inflatable Liferafts<\/strong>: These liferafts automatically inflate upon ship sinking or activation of a manual inflation mechanism. They provide a quick and automatic response in emergencies.<\/li><\/ol><p>\u00a0<\/p><ol start=\"3\"><li><strong>Hard-Shell Liferafts<\/strong>: These liferafts feature a rigid frame and casing, offering additional protection against the elements and mechanical damage. They usually have a larger capacity and are better suited for prolonged use.<\/li><\/ol><p>\u00a0<\/p><p style=\"text-align: center;\">Instructions for using <strong>a liferaft<\/strong>:<\/p><p><img fetchpriority=\"high\" decoding=\"async\" class=\"aligncenter size-full wp-image-2725\" src=\"https:\/\/tempus-agency.com\/wp-content\/uploads\/2024\/10\/splav.jpg\" alt=\"\" width=\"517\" height=\"331\" srcset=\"https:\/\/tempus-agency.com\/wp-content\/uploads\/2024\/10\/splav.jpg 517w, https:\/\/tempus-agency.com\/wp-content\/uploads\/2024\/10\/splav-300x192.jpg 300w, https:\/\/tempus-agency.com\/wp-content\/uploads\/2024\/10\/splav-18x12.jpg 18w\" sizes=\"(max-width: 517px) 100vw, 517px\" \/><\/p><p>Equipment commonly found in liferafts includes:<\/p><p>\u00a0<\/p><ul><li>Two sea anchors<\/li><li>An adequate number of floating paddles<\/li><li>Repair kit<\/li><li>Water bailer pump<\/li><li>First aid kit<\/li><li>Non-corrosive drinking container<\/li><li>Flashlight<\/li><li>Signal mirror<\/li><li>Whistle<\/li><li>Four parachute flares<\/li><li>Six handheld flares<\/li><li>Two floating smoke signals<\/li><li>Fishing kit<\/li><li>10,000 kJ of food per person<\/li><li>At least 3 liters of water per person<\/li><li>Anti-seasickness tablets for a minimum of 48 hours<\/li><\/ul>\t\t\t\t\t\t\t\t<\/div>\n\t\t\t\t<\/div>\n\t\t\t\t\t<\/div>\n\t\t\t\t<\/div>\n\t\t<div class=\"elementor-element elementor-element-f416378 e-flex e-con-boxed e-con e-parent\" data-id=\"f416378\" data-element_type=\"container\" data-e-type=\"container\">\n\t\t\t\t\t<div class=\"e-con-inner\">\n\t\t\t\t<div class=\"elementor-element elementor-element-0d8651a elementor-align-center elementor-widget elementor-widget-button\" data-id=\"0d8651a\" data-element_type=\"widget\" data-e-type=\"widget\" data-widget_type=\"button.default\">\n\t\t\t\t<div class=\"elementor-widget-container\">\n\t\t\t\t\t\t\t\t\t<div class=\"elementor-button-wrapper\">\n\t\t\t\t\t<a class=\"elementor-button elementor-button-link elementor-size-sm elementor-animation-grow\" href=\"https:\/\/tempus-agency.com\/en\/safety\/\">\n\t\t\t\t\t\t<span class=\"elementor-button-content-wrapper\">\n\t\t\t\t\t\t<span class=\"elementor-button-icon\">\n\t\t\t\t<svg aria-hidden=\"true\" class=\"e-font-icon-svg e-fas-long-arrow-alt-left\" viewbox=\"0 0 448 512\" xmlns=\"http:\/\/www.w3.org\/2000\/svg\"><path d=\"M134.059 296H436c6.627 0 12-5.373 12-12v-56c0-6.627-5.373-12-12-12H134.059v-46.059c0-21.382-25.851-32.09-40.971-16.971L7.029 239.029c-9.373 9.373-9.373 24.569 0 33.941l86.059 86.059c15.119 15.119 40.971 4.411 40.971-16.971V296z\"><\/path><\/svg>\t\t\t<\/span>\n\t\t\t\t\t\t\t\t\t<span class=\"elementor-button-text\">Back<\/span>\n\t\t\t\t\t<\/span>\n\t\t\t\t\t<\/a>\n\t\t\t\t<\/div>\n\t\t\t\t\t\t\t\t<\/div>\n\t\t\t\t<\/div>\n\t\t\t\t\t<\/div>\n\t\t\t\t<\/div>\n\t\t\t\t<\/div>","protected":false},"excerpt":{"rendered":"<p>Splavovi za spa\u0161avanje Postoje razli\u010dite vrste splavova za spa\u0161avanje, a svaka ima svoje karakteristike i namjenu. Evo pregleda nekih od njih: \u00a0 Ru\u010dno naduvavaju\u0107i splavovi: Ovi splavovi zahtijevaju ru\u010dno naduvavanje pomo\u0107u ru\u010dne pumpe ili drugih sredstava za naduvavanje. Obi\u010dno su kompaktni i lako se skladi\u0161te na brodu. \u00a0 Automatski naduvavaju\u0107i splavovi: Ovi splavovi se automatski [&hellip;]<\/p>\n","protected":false},"author":1,"featured_media":0,"parent":0,"menu_order":0,"comment_status":"closed","ping_status":"closed","template":"elementor_header_footer","meta":{"footnotes":""},"class_list":["post-2722","page","type-page","status-publish","hentry"],"_links":{"self":[{"href":"https:\/\/tempus-agency.com\/en\/wp-json\/wp\/v2\/pages\/2722","targetHints":{"allow":["GET"]}}],"collection":[{"href":"https:\/\/tempus-agency.com\/en\/wp-json\/wp\/v2\/pages"}],"about":[{"href":"https:\/\/tempus-agency.com\/en\/wp-json\/wp\/v2\/types\/page"}],"author":[{"embeddable":true,"href":"https:\/\/tempus-agency.com\/en\/wp-json\/wp\/v2\/users\/1"}],"replies":[{"embeddable":true,"href":"https:\/\/tempus-agency.com\/en\/wp-json\/wp\/v2\/comments?post=2722"}],"version-history":[{"count":4,"href":"https:\/\/tempus-agency.com\/en\/wp-json\/wp\/v2\/pages\/2722\/revisions"}],"predecessor-version":[{"id":2728,"href":"https:\/\/tempus-agency.com\/en\/wp-json\/wp\/v2\/pages\/2722\/revisions\/2728"}],"wp:attachment":[{"href":"https:\/\/tempus-agency.com\/en\/wp-json\/wp\/v2\/media?parent=2722"}],"curies":[{"name":"wp","href":"https:\/\/api.w.org\/{rel}","templated":true}]}}