{"id":2709,"date":"2024-10-18T15:42:41","date_gmt":"2024-10-18T15:42:41","guid":{"rendered":"https:\/\/tempus-agency.com\/?page_id=2709"},"modified":"2024-11-23T14:49:34","modified_gmt":"2024-11-23T14:49:34","slug":"stcw-imo-convention","status":"publish","type":"page","link":"https:\/\/tempus-agency.com\/en\/stcw-imo-convention\/","title":{"rendered":"STCW &#8211; IMO Convention"},"content":{"rendered":"<div data-elementor-type=\"wp-page\" data-elementor-id=\"2709\" class=\"elementor elementor-2709\" data-elementor-post-type=\"page\">\n\t\t\t\t<div class=\"elementor-element elementor-element-0938447 e-con-full e-flex e-con e-child\" data-id=\"0938447\" data-element_type=\"container\" data-e-type=\"container\" data-settings=\"{&quot;background_background&quot;:&quot;classic&quot;}\">\n\t\t\t\t<div class=\"elementor-element elementor-element-47ca130 elementor-widget elementor-widget-heading\" data-id=\"47ca130\" data-element_type=\"widget\" data-e-type=\"widget\" data-widget_type=\"heading.default\">\n\t\t\t\t<div class=\"elementor-widget-container\">\n\t\t\t\t\t<h2 class=\"elementor-heading-title elementor-size-default\">STCW - IMO Convention<\/h2>\t\t\t\t<\/div>\n\t\t\t\t<\/div>\n\t\t\t\t<div class=\"elementor-element elementor-element-ec1ed34 elementor-widget elementor-widget-image\" data-id=\"ec1ed34\" data-element_type=\"widget\" data-e-type=\"widget\" data-widget_type=\"image.default\">\n\t\t\t\t<div class=\"elementor-widget-container\">\n\t\t\t\t\t\t\t\t\t\t\t\t\t\t\t<img decoding=\"async\" src=\"https:\/\/tempus-agency.com\/wp-content\/uploads\/elementor\/thumbs\/logotempus-1-qg30mifo8bytvrui5kj9nirecr5dip3vurbql9f4ag.png\" title=\"logotempus.png\" alt=\"logotempus.png\" loading=\"lazy\" \/>\t\t\t\t\t\t\t\t\t\t\t\t\t\t\t<\/div>\n\t\t\t\t<\/div>\n\t\t\t\t<\/div>\n\t\t<div class=\"elementor-element elementor-element-e9c8693 e-flex e-con-boxed e-con e-parent\" data-id=\"e9c8693\" data-element_type=\"container\" data-e-type=\"container\">\n\t\t\t\t\t<div class=\"e-con-inner\">\n\t\t\t\t<div class=\"elementor-element elementor-element-514aa04 elementor-widget elementor-widget-text-editor\" data-id=\"514aa04\" data-element_type=\"widget\" data-e-type=\"widget\" data-widget_type=\"text-editor.default\">\n\t\t\t\t<div class=\"elementor-widget-container\">\n\t\t\t\t\t\t\t\t\t<p>STCW (International Convention on Standards of Training, Certification, and Watchkeeping for Seafarers) is a key international instrument that establishes standards for the training, certification, and watchkeeping of seafarers. This convention is vital for ensuring safety at sea and preventing accidents and incidents on ships.<\/p><p>\u00a0<\/p><p>Here is a detailed overview of the key aspects of the STCW Convention:<\/p><p>\u00a0<\/p><ol><li>Objectives: The main objective of the STCW Convention is to ensure that seafarers possess the necessary skills, knowledge, and training to perform their duties on board ships safely and efficiently. The convention also aims to promote standardized training and certification for seafarers worldwide.<\/li><\/ol><p>\u00a0<\/p><ol start=\"2\"><li>Scope of Application: The STCW Convention applies to all seafarers working on merchant ships and other vessels engaged in international navigation. This includes seafarers on cargo ships, passenger ships, tankers, fishing vessels, and other types of ships.<\/li><\/ol><p>\u00a0<\/p><ol start=\"3\"><li>Structure: The STCW Convention consists of two parts:<\/li><\/ol><p>\u00a0\u00a0 - Part A: Provides general guidelines and standards for the training and certification of seafarers, including requirements for basic training, advanced training, certification, and watchkeeping.<\/p><p>\u00a0\u00a0 - Part B: Contains specific guidelines and standards for different categories of seafarers, including deck officers, engine officers, shipboard electricians, and others.<\/p><p>\u00a0<\/p><ol start=\"4\"><li>Training Standards: The STCW Convention establishes standards for various areas of training, including navigation, safety, medical care on board, cargo handling, communication, and more. These standards ensure that seafarers acquire the necessary skills and knowledge to operate ships safely and handle emergencies effectively.<\/li><\/ol><p>\u00a0<\/p><ol start=\"5\"><li>Certification and Watchkeeping: The STCW Convention also outlines procedures for the certification of seafarers, including conditions and requirements for obtaining various levels of certification. It defines rules and guidelines for watchkeeping on board to ensure that seafarers are prepared to respond to emergencies and maintain the safety of the ship, crew, and cargo.<\/li><\/ol><p>\u00a0<\/p><ol start=\"6\"><li>Implementation: States that are signatories to the STCW Convention are required to adopt national laws and regulations that reflect the standards and requirements of the convention. This includes establishing national training and certification systems, as well as conducting inspections and controls to ensure compliance with the regulations.<\/li><\/ol><p>\u00a0<\/p><p>The STCW Convention is vital for ensuring the safety and efficiency of the international maritime industry. Its goal is to ensure that seafarers are well-trained and qualified to perform their duties on board, contributing to safer navigation and the protection of lives, property, and the marine environment.<\/p>\t\t\t\t\t\t\t\t<\/div>\n\t\t\t\t<\/div>\n\t\t\t\t\t<\/div>\n\t\t\t\t<\/div>\n\t\t<div class=\"elementor-element elementor-element-2291e8a e-flex e-con-boxed e-con e-parent\" data-id=\"2291e8a\" data-element_type=\"container\" data-e-type=\"container\">\n\t\t\t\t\t<div class=\"e-con-inner\">\n\t\t\t\t<div class=\"elementor-element elementor-element-d45e6fa elementor-align-center elementor-widget elementor-widget-button\" data-id=\"d45e6fa\" data-element_type=\"widget\" data-e-type=\"widget\" data-widget_type=\"button.default\">\n\t\t\t\t<div class=\"elementor-widget-container\">\n\t\t\t\t\t\t\t\t\t<div class=\"elementor-button-wrapper\">\n\t\t\t\t\t<a class=\"elementor-button elementor-button-link elementor-size-sm elementor-animation-grow\" href=\"https:\/\/tempus-agency.com\/en\/konvencije\/\">\n\t\t\t\t\t\t<span class=\"elementor-button-content-wrapper\">\n\t\t\t\t\t\t<span class=\"elementor-button-icon\">\n\t\t\t\t<svg aria-hidden=\"true\" class=\"e-font-icon-svg e-fas-long-arrow-alt-left\" viewbox=\"0 0 448 512\" xmlns=\"http:\/\/www.w3.org\/2000\/svg\"><path d=\"M134.059 296H436c6.627 0 12-5.373 12-12v-56c0-6.627-5.373-12-12-12H134.059v-46.059c0-21.382-25.851-32.09-40.971-16.971L7.029 239.029c-9.373 9.373-9.373 24.569 0 33.941l86.059 86.059c15.119 15.119 40.971 4.411 40.971-16.971V296z\"><\/path><\/svg>\t\t\t<\/span>\n\t\t\t\t\t\t\t\t\t<span class=\"elementor-button-text\">Back<\/span>\n\t\t\t\t\t<\/span>\n\t\t\t\t\t<\/a>\n\t\t\t\t<\/div>\n\t\t\t\t\t\t\t\t<\/div>\n\t\t\t\t<\/div>\n\t\t\t\t\t<\/div>\n\t\t\t\t<\/div>\n\t\t\t\t<\/div>","protected":false},"excerpt":{"rendered":"<p>STCW &#8211; IMO Convention STCW (Konvencija o standardima za obuku, sertifikaciju i de\u017eurstvo pomoraca) je klju\u010dni me\u0111unarodni instrument koji postavlja standarde za obuku, sertifikaciju i de\u017eurstvo pomoraca. Ova konvencija je od vitalnog zna\u010daja za osiguranje bezbjednosti na moru i spre\u010davanje nezgoda i nesre\u0107a na brodovima. \u00a0 Evo detaljnijeg pregleda klju\u010dnih aspekata STCW konvencije: \u00a0 Ciljevi: [&hellip;]<\/p>\n","protected":false},"author":1,"featured_media":0,"parent":0,"menu_order":0,"comment_status":"closed","ping_status":"closed","template":"elementor_header_footer","meta":{"footnotes":""},"class_list":["post-2709","page","type-page","status-publish","hentry"],"_links":{"self":[{"href":"https:\/\/tempus-agency.com\/en\/wp-json\/wp\/v2\/pages\/2709","targetHints":{"allow":["GET"]}}],"collection":[{"href":"https:\/\/tempus-agency.com\/en\/wp-json\/wp\/v2\/pages"}],"about":[{"href":"https:\/\/tempus-agency.com\/en\/wp-json\/wp\/v2\/types\/page"}],"author":[{"embeddable":true,"href":"https:\/\/tempus-agency.com\/en\/wp-json\/wp\/v2\/users\/1"}],"replies":[{"embeddable":true,"href":"https:\/\/tempus-agency.com\/en\/wp-json\/wp\/v2\/comments?post=2709"}],"version-history":[{"count":13,"href":"https:\/\/tempus-agency.com\/en\/wp-json\/wp\/v2\/pages\/2709\/revisions"}],"predecessor-version":[{"id":3871,"href":"https:\/\/tempus-agency.com\/en\/wp-json\/wp\/v2\/pages\/2709\/revisions\/3871"}],"wp:attachment":[{"href":"https:\/\/tempus-agency.com\/en\/wp-json\/wp\/v2\/media?parent=2709"}],"curies":[{"name":"wp","href":"https:\/\/api.w.org\/{rel}","templated":true}]}}