{"id":2704,"date":"2024-10-18T15:41:01","date_gmt":"2024-10-18T15:41:01","guid":{"rendered":"https:\/\/tempus-agency.com\/?page_id=2704"},"modified":"2024-11-23T14:45:59","modified_gmt":"2024-11-23T14:45:59","slug":"solas-imo-convention","status":"publish","type":"page","link":"https:\/\/tempus-agency.com\/en\/solas-imo-convention\/","title":{"rendered":"SOLAS &#8211; IMO Convention"},"content":{"rendered":"<div data-elementor-type=\"wp-page\" data-elementor-id=\"2704\" class=\"elementor elementor-2704\" data-elementor-post-type=\"page\">\n\t\t\t\t<div class=\"elementor-element elementor-element-26f997e e-con-full e-flex e-con e-child\" data-id=\"26f997e\" data-element_type=\"container\" data-e-type=\"container\">\n\t\t\t\t<div class=\"elementor-element elementor-element-0ac85ba elementor-widget elementor-widget-heading\" data-id=\"0ac85ba\" data-element_type=\"widget\" data-e-type=\"widget\" data-widget_type=\"heading.default\">\n\t\t\t\t<div class=\"elementor-widget-container\">\n\t\t\t\t\t<h2 class=\"elementor-heading-title elementor-size-default\">SOLAS - IMO Convention<\/h2>\t\t\t\t<\/div>\n\t\t\t\t<\/div>\n\t\t\t\t<div class=\"elementor-element elementor-element-de87d9e elementor-widget elementor-widget-image\" data-id=\"de87d9e\" data-element_type=\"widget\" data-e-type=\"widget\" data-widget_type=\"image.default\">\n\t\t\t\t<div class=\"elementor-widget-container\">\n\t\t\t\t\t\t\t\t\t\t\t\t\t\t\t<img decoding=\"async\" src=\"https:\/\/tempus-agency.com\/wp-content\/uploads\/elementor\/thumbs\/logotempus-1-qg30mifo8bytvrui5kj9nirecr5dip3vurbql9f4ag.png\" title=\"logotempus.png\" alt=\"logotempus.png\" loading=\"lazy\" \/>\t\t\t\t\t\t\t\t\t\t\t\t\t\t\t<\/div>\n\t\t\t\t<\/div>\n\t\t\t\t<\/div>\n\t\t<div class=\"elementor-element elementor-element-e82bf62 e-flex e-con-boxed e-con e-parent\" data-id=\"e82bf62\" data-element_type=\"container\" data-e-type=\"container\">\n\t\t\t\t\t<div class=\"e-con-inner\">\n\t\t\t\t<div class=\"elementor-element elementor-element-94d44cb elementor-widget elementor-widget-text-editor\" data-id=\"94d44cb\" data-element_type=\"widget\" data-e-type=\"widget\" data-widget_type=\"text-editor.default\">\n\t\t\t\t<div class=\"elementor-widget-container\">\n\t\t\t\t\t\t\t\t\t<p>SOLAS, short for the \"International Convention for the Safety of Life at Sea\", is one of the most important international documents concerning maritime safety and the protection of life at sea. Here is a detailed overview:<\/p><p>\u00a0<\/p><ol><li>History: SOLAS was first adopted in 1914 in response to the tragedy of the sinking of the RMS Titanic in 1912. Over the years, the convention has undergone numerous amendments and updates aimed at improving safety in the maritime industry.<\/li><\/ol><p>\u00a0<\/p><ol start=\"2\"><li>Objectives: The main goal of SOLAS is to ensure the safety of navigation on the world's seas by establishing minimum standards for the construction, equipment, and operation of ships, as well as prescribing procedures for emergency situations.<\/li><\/ol><p>\u00a0<\/p><ol start=\"3\"><li>Scope: SOLAS applies to all international commercial ships, including cargo ships, tankers, passenger ships, offshore oil and gas drilling platforms, and other vessels engaged in international maritime activities.<\/li><\/ol><p>\u00a0<\/p><ol start=\"4\"><li>Key Provisions: SOLAS covers various aspects of safety, including ship stability, life-saving systems, fire prevention measures, signaling, radiocommunications, navigation, and cargo safety. It also includes regulations on crew training and crisis management.<\/li><\/ol><p>\u00a0<\/p><ol start=\"5\"><li>Key Amendments:<\/li><\/ol><ul><li>SOLAS 1960: This convention represented a significant revision of the original 1914 convention. It introduced new safety regulations, including the mandatory use of radio stations on ships.<\/li><\/ul><p>\u00a0<\/p><ul><li>SOLAS 1974: This is the most well-known and significant version of SOLAS, which replaced previous versions and became the cornerstone document for global maritime safety. SOLAS 1974 introduced mandatory standards for the construction, equipment, and operation of ships, as well as regulations on safety procedures and crew training.<\/li><\/ul><p>\u00a0<\/p><ul><li>SOLAS 1978 Amendment: This amendment introduced several changes to SOLAS 1974, including new rules on ship stability, safety on cargo ships, fire protection, and mandatory life-saving equipment.<\/li><\/ul><p>\u00a0<\/p><ul><li>SOLAS 1988 Amendment: This amendment introduced changes related to the safety of passenger ships, including enhanced standards for rescue and passenger evacuation.<\/li><\/ul><p>\u00a0<\/p><ul><li>SOLAS 2009 Amendment: This amendment introduced new regulations on ship stability, improved crisis management, and measures for environmental protection.<\/li><\/ul><p>\u00a0<\/p><ol start=\"6\"><li>Implementation: Member states of SOLAS are required to enforce the provisions of the convention and ensure the inspection and certification of ships to guarantee compliance with the regulations. Inspections are conducted to verify whether ships meet SOLAS standards and requirements.<\/li><\/ol><p>\u00a0<\/p><p>SOLAS is a key international instrument that contributes to the safety of navigation and the protection of life at sea by setting standards and procedures for all areas of the maritime sector.<\/p>\t\t\t\t\t\t\t\t<\/div>\n\t\t\t\t<\/div>\n\t\t\t\t\t<\/div>\n\t\t\t\t<\/div>\n\t\t<div class=\"elementor-element elementor-element-eea3aaf e-flex e-con-boxed e-con e-parent\" data-id=\"eea3aaf\" data-element_type=\"container\" data-e-type=\"container\">\n\t\t\t\t\t<div class=\"e-con-inner\">\n\t\t\t\t<div class=\"elementor-element elementor-element-c242c25 elementor-align-center elementor-widget elementor-widget-button\" data-id=\"c242c25\" data-element_type=\"widget\" data-e-type=\"widget\" data-widget_type=\"button.default\">\n\t\t\t\t<div class=\"elementor-widget-container\">\n\t\t\t\t\t\t\t\t\t<div class=\"elementor-button-wrapper\">\n\t\t\t\t\t<a class=\"elementor-button elementor-button-link elementor-size-sm elementor-animation-grow\" href=\"https:\/\/tempus-agency.com\/en\/konvencije\/\">\n\t\t\t\t\t\t<span class=\"elementor-button-content-wrapper\">\n\t\t\t\t\t\t<span class=\"elementor-button-icon\">\n\t\t\t\t<svg aria-hidden=\"true\" class=\"e-font-icon-svg e-fas-long-arrow-alt-left\" viewbox=\"0 0 448 512\" xmlns=\"http:\/\/www.w3.org\/2000\/svg\"><path d=\"M134.059 296H436c6.627 0 12-5.373 12-12v-56c0-6.627-5.373-12-12-12H134.059v-46.059c0-21.382-25.851-32.09-40.971-16.971L7.029 239.029c-9.373 9.373-9.373 24.569 0 33.941l86.059 86.059c15.119 15.119 40.971 4.411 40.971-16.971V296z\"><\/path><\/svg>\t\t\t<\/span>\n\t\t\t\t\t\t\t\t\t<span class=\"elementor-button-text\">Back<\/span>\n\t\t\t\t\t<\/span>\n\t\t\t\t\t<\/a>\n\t\t\t\t<\/div>\n\t\t\t\t\t\t\t\t<\/div>\n\t\t\t\t<\/div>\n\t\t\t\t\t<\/div>\n\t\t\t\t<\/div>\n\t\t\t\t<\/div>","protected":false},"excerpt":{"rendered":"<p>SOLAS &#8211; IMO Convention SOLAS, \u0161to je skra\u0107enica od &#8220;Me\u0111unarodna konvencija za za\u0161titu \u017eivota na moru&#8221; (International Convention for the Safety of Life at Sea), jedan je od najva\u017enijih me\u0111unarodnih dokumenata koji se odnosi na sigurnost plovidbe i \u017eivota na moru. Evo detaljnog pregleda: \u00a0 Istorija: SOLAS je prvi put usvojen 1914. godine kao odgovor [&hellip;]<\/p>\n","protected":false},"author":1,"featured_media":0,"parent":0,"menu_order":0,"comment_status":"closed","ping_status":"closed","template":"elementor_header_footer","meta":{"footnotes":""},"class_list":["post-2704","page","type-page","status-publish","hentry"],"_links":{"self":[{"href":"https:\/\/tempus-agency.com\/en\/wp-json\/wp\/v2\/pages\/2704","targetHints":{"allow":["GET"]}}],"collection":[{"href":"https:\/\/tempus-agency.com\/en\/wp-json\/wp\/v2\/pages"}],"about":[{"href":"https:\/\/tempus-agency.com\/en\/wp-json\/wp\/v2\/types\/page"}],"author":[{"embeddable":true,"href":"https:\/\/tempus-agency.com\/en\/wp-json\/wp\/v2\/users\/1"}],"replies":[{"embeddable":true,"href":"https:\/\/tempus-agency.com\/en\/wp-json\/wp\/v2\/comments?post=2704"}],"version-history":[{"count":7,"href":"https:\/\/tempus-agency.com\/en\/wp-json\/wp\/v2\/pages\/2704\/revisions"}],"predecessor-version":[{"id":3862,"href":"https:\/\/tempus-agency.com\/en\/wp-json\/wp\/v2\/pages\/2704\/revisions\/3862"}],"wp:attachment":[{"href":"https:\/\/tempus-agency.com\/en\/wp-json\/wp\/v2\/media?parent=2704"}],"curies":[{"name":"wp","href":"https:\/\/api.w.org\/{rel}","templated":true}]}}