{"id":2699,"date":"2024-10-18T15:39:05","date_gmt":"2024-10-18T15:39:05","guid":{"rendered":"https:\/\/tempus-agency.com\/?page_id=2699"},"modified":"2024-11-23T14:45:35","modified_gmt":"2024-11-23T14:45:35","slug":"marpol-imo-convention","status":"publish","type":"page","link":"https:\/\/tempus-agency.com\/en\/marpol-imo-convention\/","title":{"rendered":"MARPOL &#8211; IMO Convention"},"content":{"rendered":"<div data-elementor-type=\"wp-page\" data-elementor-id=\"2699\" class=\"elementor elementor-2699\" data-elementor-post-type=\"page\">\n\t\t\t\t<div class=\"elementor-element elementor-element-a3a3291 e-con-full e-flex e-con e-child\" data-id=\"a3a3291\" data-element_type=\"container\" data-e-type=\"container\">\n\t\t\t\t<div class=\"elementor-element elementor-element-a684802 elementor-widget elementor-widget-heading\" data-id=\"a684802\" data-element_type=\"widget\" data-e-type=\"widget\" data-widget_type=\"heading.default\">\n\t\t\t\t<div class=\"elementor-widget-container\">\n\t\t\t\t\t<h2 class=\"elementor-heading-title elementor-size-default\">MARPOL - IMO Convention<\/h2>\t\t\t\t<\/div>\n\t\t\t\t<\/div>\n\t\t\t\t<div class=\"elementor-element elementor-element-97dd3f2 elementor-widget elementor-widget-image\" data-id=\"97dd3f2\" data-element_type=\"widget\" data-e-type=\"widget\" data-widget_type=\"image.default\">\n\t\t\t\t<div class=\"elementor-widget-container\">\n\t\t\t\t\t\t\t\t\t\t\t\t\t\t\t<img decoding=\"async\" src=\"https:\/\/tempus-agency.com\/wp-content\/uploads\/elementor\/thumbs\/logotempus-1-qg30mifo8bytvrui5kj9nirecr5dip3vurbql9f4ag.png\" title=\"logotempus.png\" alt=\"logotempus.png\" loading=\"lazy\" \/>\t\t\t\t\t\t\t\t\t\t\t\t\t\t\t<\/div>\n\t\t\t\t<\/div>\n\t\t\t\t<\/div>\n\t\t<div class=\"elementor-element elementor-element-1e7ae6a e-flex e-con-boxed e-con e-parent\" data-id=\"1e7ae6a\" data-element_type=\"container\" data-e-type=\"container\">\n\t\t\t\t\t<div class=\"e-con-inner\">\n\t\t\t\t<div class=\"elementor-element elementor-element-7228f56 elementor-widget elementor-widget-text-editor\" data-id=\"7228f56\" data-element_type=\"widget\" data-e-type=\"widget\" data-widget_type=\"text-editor.default\">\n\t\t\t\t<div class=\"elementor-widget-container\">\n\t\t\t\t\t\t\t\t\t<p>MARPOL (International Convention for the Prevention of Pollution from Ships) is a key international instrument addressing the prevention of marine pollution caused by ships. This convention, adopted in 1973 and entering into force in 1978, forms one of the cornerstones of global efforts to preserve and protect the marine environment.<\/p><p>\u00a0<\/p><p>Here is a detailed overview of the key aspects of the MARPOL Convention:<\/p><p>\u00a0<\/p><ol><li>Objectives: The main goal of the MARPOL Convention is to prevent marine pollution from ships by establishing standards and regulations governing various types of waste and emissions.<\/li><\/ol><p>\u00a0<\/p><ol start=\"2\"><li>Scope of Application: The MARPOL Convention applies to all ships operating in international waters, including commercial vessels, tankers, passenger ships, cargo ships, and others. The convention addresses various types of pollution, including wastewater, waste oils, garbage, exhaust gas emissions, and other harmful substances.<\/li><\/ol><p>\u00a0<\/p><ol start=\"3\"><li>Annexes: The MARPOL Convention consists of six Annexes, each addressing a specific aspect of pollution from ships and prescribing standards and measures for its control and reduction. The Annexes are:<\/li><\/ol><p>\u00a0\u00a0 \u2013 Annex I: Oil Pollution<\/p><p>\u00a0\u00a0 \u2013 Annex II: Noxious Liquid Substances in Bulk<\/p><p>\u00a0\u00a0 \u2013 Annex III: Harmful Substances in Packaged Form<\/p><p>\u00a0\u00a0 \u2013 Annex IV: Sewage from Ships<\/p><p>\u00a0\u00a0 \u2013 Annex V: Garbage from Ships<\/p><p>\u00a0\u00a0 \u2013 Annex VI: Air Pollution from Ships (Emissions of Gases and Particulate Matter from Exhaust Systems)<\/p><p>\u00a0<\/p><ol start=\"4\"><li>Implementation: States that are signatories to the MARPOL Convention are required to adopt national regulations reflecting the standards and requirements of the convention. This includes enacting legislation to regulate waste management and emissions in waters under their jurisdiction, as well as ensuring the enforcement of inspections and sanctions for non-compliance.<\/li><\/ol><p>\u00a0<\/p><ol start=\"5\"><li>Updates: The MARPOL Convention is regularly updated to address new challenges and technological advancements. Annex VI, which pertains to emissions from exhaust systems, is particularly subject to updates to align with increasingly stringent standards for atmospheric protection.<\/li><\/ol><p>\u00a0<\/p><p>The MARPOL Convention is a key instrument in international efforts to preserve the marine environment and reduce pollution caused by ships. This convention plays a vital role in promoting a sustainable maritime industry and protecting marine and ocean ecosystems.<\/p>\t\t\t\t\t\t\t\t<\/div>\n\t\t\t\t<\/div>\n\t\t\t\t\t<\/div>\n\t\t\t\t<\/div>\n\t\t<div class=\"elementor-element elementor-element-49ce60c e-flex e-con-boxed e-con e-parent\" data-id=\"49ce60c\" data-element_type=\"container\" data-e-type=\"container\">\n\t\t\t\t\t<div class=\"e-con-inner\">\n\t\t\t\t<div class=\"elementor-element elementor-element-0151782 elementor-align-center elementor-widget elementor-widget-button\" data-id=\"0151782\" data-element_type=\"widget\" data-e-type=\"widget\" data-widget_type=\"button.default\">\n\t\t\t\t<div class=\"elementor-widget-container\">\n\t\t\t\t\t\t\t\t\t<div class=\"elementor-button-wrapper\">\n\t\t\t\t\t<a class=\"elementor-button elementor-button-link elementor-size-sm elementor-animation-grow\" href=\"https:\/\/tempus-agency.com\/en\/konvencije\/\">\n\t\t\t\t\t\t<span class=\"elementor-button-content-wrapper\">\n\t\t\t\t\t\t<span class=\"elementor-button-icon\">\n\t\t\t\t<svg aria-hidden=\"true\" class=\"e-font-icon-svg e-fas-long-arrow-alt-left\" viewbox=\"0 0 448 512\" xmlns=\"http:\/\/www.w3.org\/2000\/svg\"><path d=\"M134.059 296H436c6.627 0 12-5.373 12-12v-56c0-6.627-5.373-12-12-12H134.059v-46.059c0-21.382-25.851-32.09-40.971-16.971L7.029 239.029c-9.373 9.373-9.373 24.569 0 33.941l86.059 86.059c15.119 15.119 40.971 4.411 40.971-16.971V296z\"><\/path><\/svg>\t\t\t<\/span>\n\t\t\t\t\t\t\t\t\t<span class=\"elementor-button-text\">Back<\/span>\n\t\t\t\t\t<\/span>\n\t\t\t\t\t<\/a>\n\t\t\t\t<\/div>\n\t\t\t\t\t\t\t\t<\/div>\n\t\t\t\t<\/div>\n\t\t\t\t\t<\/div>\n\t\t\t\t<\/div>\n\t\t\t\t<\/div>","protected":false},"excerpt":{"rendered":"<p>MARPOL &#8211; IMO Convention MARPOL (Me\u0111unarodna konvencija o prevenciji zaga\u0111enja od brodova) je klju\u010dni me\u0111unarodni instrument koji se bavi spre\u010davanjem zaga\u0111enja mora od brodova. Ova konvencija, koja je usvojena 1973. godine, a stupila je na snagu 1978. godine, predstavlja jedan od temelja me\u0111unarodnih napora za o\u010duvanje i za\u0161titu morskog okoli\u0161a. \u00a0 Evo detaljnijeg pregleda klju\u010dnih [&hellip;]<\/p>\n","protected":false},"author":1,"featured_media":0,"parent":0,"menu_order":0,"comment_status":"closed","ping_status":"closed","template":"elementor_header_footer","meta":{"footnotes":""},"class_list":["post-2699","page","type-page","status-publish","hentry"],"_links":{"self":[{"href":"https:\/\/tempus-agency.com\/en\/wp-json\/wp\/v2\/pages\/2699","targetHints":{"allow":["GET"]}}],"collection":[{"href":"https:\/\/tempus-agency.com\/en\/wp-json\/wp\/v2\/pages"}],"about":[{"href":"https:\/\/tempus-agency.com\/en\/wp-json\/wp\/v2\/types\/page"}],"author":[{"embeddable":true,"href":"https:\/\/tempus-agency.com\/en\/wp-json\/wp\/v2\/users\/1"}],"replies":[{"embeddable":true,"href":"https:\/\/tempus-agency.com\/en\/wp-json\/wp\/v2\/comments?post=2699"}],"version-history":[{"count":7,"href":"https:\/\/tempus-agency.com\/en\/wp-json\/wp\/v2\/pages\/2699\/revisions"}],"predecessor-version":[{"id":3859,"href":"https:\/\/tempus-agency.com\/en\/wp-json\/wp\/v2\/pages\/2699\/revisions\/3859"}],"wp:attachment":[{"href":"https:\/\/tempus-agency.com\/en\/wp-json\/wp\/v2\/media?parent=2699"}],"curies":[{"name":"wp","href":"https:\/\/api.w.org\/{rel}","templated":true}]}}