{"id":2679,"date":"2024-10-18T15:28:41","date_gmt":"2024-10-18T15:28:41","guid":{"rendered":"https:\/\/tempus-agency.com\/?page_id=2679"},"modified":"2024-11-23T14:43:30","modified_gmt":"2024-11-23T14:43:30","slug":"ics-international-chamber-of-shipping","status":"publish","type":"page","link":"https:\/\/tempus-agency.com\/en\/ics-international-chamber-of-shipping\/","title":{"rendered":"ICS &#8211; International Chamber of Shipping"},"content":{"rendered":"<div data-elementor-type=\"wp-page\" data-elementor-id=\"2679\" class=\"elementor elementor-2679\" data-elementor-post-type=\"page\">\n\t\t\t\t<div class=\"elementor-element elementor-element-1b32cb8 e-con-full e-flex e-con e-child\" data-id=\"1b32cb8\" data-element_type=\"container\" data-e-type=\"container\">\n\t\t\t\t<div class=\"elementor-element elementor-element-aba3901 elementor-widget elementor-widget-heading\" data-id=\"aba3901\" data-element_type=\"widget\" data-e-type=\"widget\" data-widget_type=\"heading.default\">\n\t\t\t\t<div class=\"elementor-widget-container\">\n\t\t\t\t\t<h2 class=\"elementor-heading-title elementor-size-default\">ICS - International Chamber of Shipping<\/h2>\t\t\t\t<\/div>\n\t\t\t\t<\/div>\n\t\t\t\t<div class=\"elementor-element elementor-element-2dda453 elementor-widget elementor-widget-image\" data-id=\"2dda453\" data-element_type=\"widget\" data-e-type=\"widget\" data-widget_type=\"image.default\">\n\t\t\t\t<div class=\"elementor-widget-container\">\n\t\t\t\t\t\t\t\t\t\t\t\t\t\t\t<img decoding=\"async\" src=\"https:\/\/tempus-agency.com\/wp-content\/uploads\/elementor\/thumbs\/logotempus-1-qg30mifo8bytvrui5kj9nirecr5dip3vurbql9f4ag.png\" title=\"logotempus.png\" alt=\"logotempus.png\" loading=\"lazy\" \/>\t\t\t\t\t\t\t\t\t\t\t\t\t\t\t<\/div>\n\t\t\t\t<\/div>\n\t\t\t\t<\/div>\n\t\t<div class=\"elementor-element elementor-element-db23793 e-flex e-con-boxed e-con e-parent\" data-id=\"db23793\" data-element_type=\"container\" data-e-type=\"container\">\n\t\t\t\t\t<div class=\"e-con-inner\">\n\t\t<div class=\"elementor-element elementor-element-0924255 e-con-full e-flex e-con e-child\" data-id=\"0924255\" data-element_type=\"container\" data-e-type=\"container\">\n\t\t\t\t<div class=\"elementor-element elementor-element-3d809aa elementor-widget elementor-widget-text-editor\" data-id=\"3d809aa\" data-element_type=\"widget\" data-e-type=\"widget\" data-widget_type=\"text-editor.default\">\n\t\t\t\t<div class=\"elementor-widget-container\">\n\t\t\t\t\t\t\t\t\t<p><span style=\"color: #ffcf23;\"><strong>The International Code of Signals (ICS) <\/strong><\/span>is a globally recognized set of signal flags, lights, and other communication signals used to exchange messages between ships, between ships and shore, and in other maritime situations. This code enables standardized communication at sea, enhancing safety, navigation, and operational efficiency.<\/p><p>Here is a detailed overview of the key elements of the International Code of Signals (ICS):<\/p><ol><li><span style=\"color: #ffcf23;\"><strong>Signal Flags<\/strong><\/span>: The ICS uses a set of 26 internationally recognized signal flags, representing the individual letters of the English alphabet from A to Z. Each flag has a specific meaning when used individually but can also convey different messages when combined with other flags.<\/li><\/ol><p>Signal flags in the International Code of Signals (ICS) represent individual letters of the English alphabet from A to Z, as well as certain numerical and special flags. Each of these flags has its own specific meaning when used individually or in combination with other flags. Here is the list of all signal flags in the ICS:<\/p><p><img fetchpriority=\"high\" decoding=\"async\" class=\"aligncenter wp-image-2367 size-full\" src=\"https:\/\/tempus-agency.com\/wp-content\/uploads\/2024\/10\/flag.jpg\" alt=\"\" width=\"564\" height=\"793\" srcset=\"https:\/\/tempus-agency.com\/wp-content\/uploads\/2024\/10\/flag.jpg 564w, https:\/\/tempus-agency.com\/wp-content\/uploads\/2024\/10\/flag-213x300.jpg 213w, https:\/\/tempus-agency.com\/wp-content\/uploads\/2024\/10\/flag-9x12.jpg 9w\" sizes=\"(max-width: 564px) 100vw, 564px\" \/><\/p><ol start=\"2\"><li><span style=\"color: #ffcf23;\"><strong>Ship Lights<\/strong><\/span>: In addition to signal flags, the ICS includes standards for navigational lights used to identify vessels and signal their movements, particularly at night or in conditions of reduced visibility.<\/li><\/ol><p><strong>\u00a0<\/strong><\/p><p><img decoding=\"async\" class=\"size-medium wp-image-2366 aligncenter\" src=\"https:\/\/tempus-agency.com\/wp-content\/uploads\/2024\/10\/brod-300x157.png\" alt=\"\" width=\"300\" height=\"157\" srcset=\"https:\/\/tempus-agency.com\/wp-content\/uploads\/2024\/10\/brod-300x157.png 300w, https:\/\/tempus-agency.com\/wp-content\/uploads\/2024\/10\/brod-18x9.png 18w, https:\/\/tempus-agency.com\/wp-content\/uploads\/2024\/10\/brod.png 425w\" sizes=\"(max-width: 300px) 100vw, 300px\" \/><\/p><ol start=\"4\"><li><span style=\"color: #ffcf23;\"><strong>Communication with Shore<\/strong><\/span>: The International Code of Signals also includes standards for communication between ships and shore using signal flags, lights, and other means (e.g., radio and modern systems). This facilitates the efficient exchange of information related to safety, port operations, and other important aspects of maritime traffic.<\/li><\/ol><p>The ICS is a crucial tool for enhancing safety at sea as it enables clear and straightforward communication between ships and other maritime entities. Proper use of the International Code of Signals helps prevent accidents, simplifies navigation, and contributes to the efficient management of maritime operations.\u00a0<\/p>\t\t\t\t\t\t\t\t<\/div>\n\t\t\t\t<\/div>\n\t\t\t\t<\/div>\n\t\t\t\t\t<\/div>\n\t\t\t\t<\/div>\n\t\t<div class=\"elementor-element elementor-element-5377348 e-flex e-con-boxed e-con e-parent\" data-id=\"5377348\" data-element_type=\"container\" data-e-type=\"container\">\n\t\t\t\t\t<div class=\"e-con-inner\">\n\t\t\t\t<div class=\"elementor-element elementor-element-e04f3bf elementor-align-center elementor-widget elementor-widget-button\" data-id=\"e04f3bf\" data-element_type=\"widget\" data-e-type=\"widget\" data-widget_type=\"button.default\">\n\t\t\t\t<div class=\"elementor-widget-container\">\n\t\t\t\t\t\t\t\t\t<div class=\"elementor-button-wrapper\">\n\t\t\t\t\t<a class=\"elementor-button elementor-button-link elementor-size-sm elementor-animation-grow\" href=\"https:\/\/tempus-agency.com\/en\/konvencije\/\">\n\t\t\t\t\t\t<span class=\"elementor-button-content-wrapper\">\n\t\t\t\t\t\t<span class=\"elementor-button-icon\">\n\t\t\t\t<svg aria-hidden=\"true\" class=\"e-font-icon-svg e-fas-long-arrow-alt-left\" viewbox=\"0 0 448 512\" xmlns=\"http:\/\/www.w3.org\/2000\/svg\"><path d=\"M134.059 296H436c6.627 0 12-5.373 12-12v-56c0-6.627-5.373-12-12-12H134.059v-46.059c0-21.382-25.851-32.09-40.971-16.971L7.029 239.029c-9.373 9.373-9.373 24.569 0 33.941l86.059 86.059c15.119 15.119 40.971 4.411 40.971-16.971V296z\"><\/path><\/svg>\t\t\t<\/span>\n\t\t\t\t\t\t\t\t\t<span class=\"elementor-button-text\">Back<\/span>\n\t\t\t\t\t<\/span>\n\t\t\t\t\t<\/a>\n\t\t\t\t<\/div>\n\t\t\t\t\t\t\t\t<\/div>\n\t\t\t\t<\/div>\n\t\t\t\t\t<\/div>\n\t\t\t\t<\/div>\n\t\t\t\t<\/div>","protected":false},"excerpt":{"rendered":"<p>ICS &#8211; International Chamber of Shipping Me\u0111unarodni signalni kodeks (ICS) je me\u0111unarodno priznati skup signalnih zastava, svjetala i drugih komunikacijskih signala koji se koriste za razmjenu poruka izme\u0111u brodova, izme\u0111u broda i obale te u drugim pomorskim situacijama. Ovaj kodeks omogu\u0107ava standardizovanu komunikaciju na moru, pobolj\u0161avaju\u0107i sigurnost, navigaciju i operativnu efikasnost. Evo detaljnijeg pregleda klju\u010dnih [&hellip;]<\/p>\n","protected":false},"author":1,"featured_media":0,"parent":0,"menu_order":0,"comment_status":"closed","ping_status":"closed","template":"elementor_header_footer","meta":{"footnotes":""},"class_list":["post-2679","page","type-page","status-publish","hentry"],"_links":{"self":[{"href":"https:\/\/tempus-agency.com\/en\/wp-json\/wp\/v2\/pages\/2679","targetHints":{"allow":["GET"]}}],"collection":[{"href":"https:\/\/tempus-agency.com\/en\/wp-json\/wp\/v2\/pages"}],"about":[{"href":"https:\/\/tempus-agency.com\/en\/wp-json\/wp\/v2\/types\/page"}],"author":[{"embeddable":true,"href":"https:\/\/tempus-agency.com\/en\/wp-json\/wp\/v2\/users\/1"}],"replies":[{"embeddable":true,"href":"https:\/\/tempus-agency.com\/en\/wp-json\/wp\/v2\/comments?post=2679"}],"version-history":[{"count":7,"href":"https:\/\/tempus-agency.com\/en\/wp-json\/wp\/v2\/pages\/2679\/revisions"}],"predecessor-version":[{"id":3850,"href":"https:\/\/tempus-agency.com\/en\/wp-json\/wp\/v2\/pages\/2679\/revisions\/3850"}],"wp:attachment":[{"href":"https:\/\/tempus-agency.com\/en\/wp-json\/wp\/v2\/media?parent=2679"}],"curies":[{"name":"wp","href":"https:\/\/api.w.org\/{rel}","templated":true}]}}