{"id":2670,"date":"2024-10-18T15:23:06","date_gmt":"2024-10-18T15:23:06","guid":{"rendered":"https:\/\/tempus-agency.com\/?page_id=2670"},"modified":"2024-11-23T14:41:39","modified_gmt":"2024-11-23T14:41:39","slug":"colreg-imo","status":"publish","type":"page","link":"https:\/\/tempus-agency.com\/en\/colreg-imo\/","title":{"rendered":"COLREG &#8211; IMO"},"content":{"rendered":"<div data-elementor-type=\"wp-page\" data-elementor-id=\"2670\" class=\"elementor elementor-2670\" data-elementor-post-type=\"page\">\n\t\t\t\t<div class=\"elementor-element elementor-element-f6e0984 e-con-full e-flex e-con e-child\" data-id=\"f6e0984\" data-element_type=\"container\" data-e-type=\"container\">\n\t\t\t\t<div class=\"elementor-element elementor-element-e7b1674 elementor-widget elementor-widget-heading\" data-id=\"e7b1674\" data-element_type=\"widget\" data-e-type=\"widget\" data-widget_type=\"heading.default\">\n\t\t\t\t<div class=\"elementor-widget-container\">\n\t\t\t\t\t<h2 class=\"elementor-heading-title elementor-size-default\">COLREG - IMO<\/h2>\t\t\t\t<\/div>\n\t\t\t\t<\/div>\n\t\t\t\t<div class=\"elementor-element elementor-element-fd9d89d elementor-widget elementor-widget-image\" data-id=\"fd9d89d\" data-element_type=\"widget\" data-e-type=\"widget\" data-widget_type=\"image.default\">\n\t\t\t\t<div class=\"elementor-widget-container\">\n\t\t\t\t\t\t\t\t\t\t\t\t\t\t\t<img decoding=\"async\" src=\"https:\/\/tempus-agency.com\/wp-content\/uploads\/elementor\/thumbs\/logotempus-1-qg30mifo8bytvrui5kj9nirecr5dip3vurbql9f4ag.png\" title=\"logotempus.png\" alt=\"logotempus.png\" loading=\"lazy\" \/>\t\t\t\t\t\t\t\t\t\t\t\t\t\t\t<\/div>\n\t\t\t\t<\/div>\n\t\t\t\t<\/div>\n\t\t<div class=\"elementor-element elementor-element-b8f9e7f e-flex e-con-boxed e-con e-parent\" data-id=\"b8f9e7f\" data-element_type=\"container\" data-e-type=\"container\">\n\t\t\t\t\t<div class=\"e-con-inner\">\n\t\t\t\t<div class=\"elementor-element elementor-element-32586e6 elementor-widget elementor-widget-text-editor\" data-id=\"32586e6\" data-element_type=\"widget\" data-e-type=\"widget\" data-widget_type=\"text-editor.default\">\n\t\t\t\t<div class=\"elementor-widget-container\">\n\t\t\t\t\t\t\t\t\t<p>COLREG, short for the \u201cConvention on the International Regulations for Preventing Collisions at Sea,\u201d is an international agreement that established basic rules and regulations to prevent collisions at sea. This agreement, often referred to as the \"Rules of the Road at Sea,\" aims to ensure safe navigation for all types of vessels, including ships, yachts, fishing boats, and commercial maritime traffic.<\/p><p>\u00a0<\/p><p>COLREG was adopted in 1972 under the auspices of the International Maritime Organization (IMO) and consists of 38 rules that meticulously regulate the behavior of vessels in various situations. These rules cover everything from right-of-way, light signals, and sound signals to navigation in dense fog or limited visibility.<\/p><p>\u00a0<\/p><p>The purpose of COLREG is to maintain safety at sea and prevent collisions between vessels moving in different directions or located near each other. This agreement is vital for international maritime traffic, providing clear instructions and standards that vessels must follow to avoid accidents and collisions.<\/p><p>\u00a0<\/p><p>Below is a list of all 38 COLREG rules:<\/p><p>\u00a0<\/p><ol><li>Rule 1 \u2013 General Provisions: The aim of these rules is to ensure safe navigation at sea.<\/li><\/ol><p>\u00a0<\/p><ol start=\"2\"><li>Rule 2 \u2013 Responsibility of the Captain: The captain is responsible for implementing the rules, but the rules do not exempt the vessel from using all available means to avoid collisions.<\/li><\/ol><p>\u00a0<\/p><ol start=\"3\"><li>Rule 3 \u2013 Use of Verbal Commands: Verbal signals or reasonable actions remain in use when approaching another vessel.<\/li><\/ol><p>\u00a0<\/p><ol start=\"4\"><li>Rule 4 \u2013 Observation and Monitoring: Continuous monitoring of the sea and other vessels is essential.<\/li><\/ol><p>\u00a0<\/p><ol start=\"5\"><li>Rule 5 \u2013 Speed Management: The vessel's speed must allow for safe stopping within a reasonable distance.<\/li><\/ol><p>\u00a0<\/p><ol start=\"6\"><li>Rule 6 \u2013 Adjusting Speed to Conditions: Speed must be adjusted to visibility, traffic density, vessel maneuverability, and navigational restrictions.<\/li><\/ol><p>\u00a0<\/p><ol start=\"7\"><li>Rule 7 \u2013 Vessel Identification at Sea: Specifies methods of identifying vessels, including distinguishing between the starboard (green light) and port side (red light).<\/li><\/ol><p>\u00a0<\/p><ol start=\"8\"><li>Rule 8 \u2013 Sound Signals: Defines sound signals used for communication between vessels.<\/li><\/ol><p>\u00a0<\/p><ol start=\"9\"><li>Rule 9 \u2013 Navigation in Channels or Narrow Waterways: Defines vessel behavior in narrow waterways.<\/li><\/ol><p>\u00a0<\/p><ol start=\"10\"><li>Rule 10 \u2013 Meeting of Vessels: Defines rules for meeting and passing between two vessels.<\/li><\/ol><p>\u00a0<\/p><ol start=\"11\"><li>Rule 11 \u2013 Overtaking: Specifies rules for overtaking other vessels.<\/li><\/ol><p>\u00a0<\/p><ol start=\"12\"><li>Rule 12 \u2013 Lighting: Specifies types and positions of lights on various vessels.<\/li><\/ol><p>\u00a0<\/p><ol start=\"13\"><li>Rule 13 \u2013 Towing Light Signals: Defines light signals used when a vessel is towing.<\/li><\/ol><p>\u00a0<\/p><ol start=\"14\"><li>Rule 14 \u2013 Fishing Vessel Light Signals: Specifies light signals used by fishing vessels.<\/li><\/ol><p>\u00a0<\/p><ol start=\"15\"><li>Rule 15 \u2013 Towing Vessels' Light Signals: Defines light signals for vessels towing or pushing objects.<\/li><\/ol><p>\u00a0<\/p><ol start=\"16\"><li>Rule 16 \u2013 Cargo Vessel Light Signals: Specifies light signals on cargo vessels.<\/li><\/ol><p>\u00a0<\/p><ol start=\"17\"><li>Rule 17 \u2013 Anchored Vessel Light Signals: Specifies light signals for anchored vessels.<\/li><\/ol><p>\u00a0<\/p><ol start=\"18\"><li>Rule 18 \u2013 Buoyancy Object Light Signals: Light signals used for coastal beacons or other buoyancy objects.<\/li><\/ol><p>\u00a0<\/p><ol start=\"19\"><li>Rule 19 \u2013 Light Signals During Port Departure or Arrival: Defines light signals for vessels departing or arriving at port.<\/li><\/ol><p>\u00a0<\/p><ol start=\"20\"><li>Rule 20 \u2013 Light Signals of Motor Vessels on Inland Waters: Light signals used on motor vessels in inland waters.<\/li><\/ol><p>\u00a0<\/p><ol start=\"21\"><li>Rule 21 \u2013 Light Signals for Non-Maneuverable Vessels: Light signals used for vessels unable to maneuver.<\/li><\/ol><p>\u00a0<\/p><ol start=\"22\"><li>Rule 22 \u2013 Light Signals for Disabled Vessels: Light signals used on disabled vessels.<\/li><\/ol><p>\u00a0<\/p><ol start=\"23\"><li>Rule 23 \u2013 Lighting of Lights: Specifies the lighting of lights on vessels.<\/li><\/ol><p>\u00a0<\/p><ol start=\"24\"><li>Rule 24 \u2013 Sound Signals: Specifies sound signals used in various situations at sea.<\/li><\/ol><p>\u00a0<\/p><ol start=\"25\"><li>Rule 25 \u2013 Sound Signals of Fishing Vessels: Defines sound signals used on fishing vessels.<\/li><\/ol><p>\u00a0<\/p><p>26.Rule 26 \u2013 Sound Signals of Vessels with Restricted Maneuverability: Sound signals used by vessels with restricted maneuverability.<\/p><p>\u00a0<\/p><p>27.Rule 27 \u2013 Sound Signals of Natural Force-Driven Vessels: Sound signals used by vessels driven by natural forces.<\/p><p>\u00a0<\/p><ol start=\"28\"><li>Rule 28 \u2013 Sound Signals of Sailing Vessels: Sound signals used by sailing vessels.<\/li><\/ol><p>\u00a0<\/p><ol start=\"29\"><li>Rule 29 \u2013 Sound Signals of Vessels Entering or Exiting Ports: Sound signals used by vessels entering or leaving ports.<\/li><\/ol><p>\u00a0<\/p><ol start=\"30\"><li>Rule 30 \u2013 Sound Signals of Vessels Moving in Reverse: Sound signals used by vessels moving backward.<\/li><\/ol><p>\u00a0<\/p><ol start=\"31\"><li>Rule 31 \u2013 Sound Signals of Vessels Towing Cargo: Sound signals used by vessels towing cargo.<\/li><\/ol><p>\u00a0<\/p><ol start=\"32\"><li>Rule 32 \u2013 Sound Signals of Vessels Working on or Near Waterways: Sound signals used by vessels working on or near waterways.<\/li><\/ol><p>\u00a0<\/p><ol start=\"33\"><li>Rule 33 \u2013 Supplementary Lighting Rules: Sound signals used by vessels working on or near waterways.<\/li><\/ol><p>\u00a0<\/p><ol start=\"34\"><li>Rule 34 \u2013 Behavior of Non-Maneuverable Vessels: Specifies the behavior of vessels unable to maneuver.<\/li><\/ol><p>\u00a0<\/p><ol start=\"35\"><li>Rule 35 \u2013 Sector Light Rules: Rules regarding sector lights used at sea.<\/li><\/ol><p>\u00a0<\/p><ol start=\"36\"><li>Rule 36 \u2013 Vessel Management Means: Specifies rules for handling vessel equipment.<\/li><\/ol><p>\u00a0<\/p><ol start=\"37\"><li>Rule 37 \u2013 Signal Discarding: Associated with the obligation to stop signaling in case of danger.<\/li><\/ol><p>\u00a0<\/p><ol start=\"38\"><li>Rule 38 \u2013 Interaction of Rules: This rule governs situations where different COLREG rules apply.<\/li><\/ol><p>\u00a0<\/p><p>These rules collectively create a detailed framework for vessel behavior at sea, aimed at preventing collisions and ensuring the safety of all vessels in open waters. Familiarity with and adherence to COLREG rules are crucial for every seafarer to ensure safe navigation and avoid potentially dangerous incidents.<\/p>\t\t\t\t\t\t\t\t<\/div>\n\t\t\t\t<\/div>\n\t\t\t\t\t<\/div>\n\t\t\t\t<\/div>\n\t\t<div class=\"elementor-element elementor-element-6c578f5 e-flex e-con-boxed e-con e-parent\" data-id=\"6c578f5\" data-element_type=\"container\" data-e-type=\"container\">\n\t\t\t\t\t<div class=\"e-con-inner\">\n\t\t\t\t<div class=\"elementor-element elementor-element-92e85c1 elementor-align-center elementor-widget elementor-widget-button\" data-id=\"92e85c1\" data-element_type=\"widget\" data-e-type=\"widget\" data-widget_type=\"button.default\">\n\t\t\t\t<div class=\"elementor-widget-container\">\n\t\t\t\t\t\t\t\t\t<div class=\"elementor-button-wrapper\">\n\t\t\t\t\t<a class=\"elementor-button elementor-button-link elementor-size-sm elementor-animation-grow\" href=\"https:\/\/tempus-agency.com\/en\/konvencije\/\">\n\t\t\t\t\t\t<span class=\"elementor-button-content-wrapper\">\n\t\t\t\t\t\t<span class=\"elementor-button-icon\">\n\t\t\t\t<svg aria-hidden=\"true\" class=\"e-font-icon-svg e-fas-long-arrow-alt-left\" viewbox=\"0 0 448 512\" xmlns=\"http:\/\/www.w3.org\/2000\/svg\"><path d=\"M134.059 296H436c6.627 0 12-5.373 12-12v-56c0-6.627-5.373-12-12-12H134.059v-46.059c0-21.382-25.851-32.09-40.971-16.971L7.029 239.029c-9.373 9.373-9.373 24.569 0 33.941l86.059 86.059c15.119 15.119 40.971 4.411 40.971-16.971V296z\"><\/path><\/svg>\t\t\t<\/span>\n\t\t\t\t\t\t\t\t\t<span class=\"elementor-button-text\">Back<\/span>\n\t\t\t\t\t<\/span>\n\t\t\t\t\t<\/a>\n\t\t\t\t<\/div>\n\t\t\t\t\t\t\t\t<\/div>\n\t\t\t\t<\/div>\n\t\t\t\t\t<\/div>\n\t\t\t\t<\/div>\n\t\t\t\t<\/div>","protected":false},"excerpt":{"rendered":"<p>COLREG &#8211; IMO COLREG, \u0161to je skra\u0107enica za &#8220;Convention on the International Regulations for Preventing Collisions at Sea&#8221;, je me\u0111unarodni sporazum koji je uspostavio osnovna pravila i propise kako bi se sprije\u010dile sudare na moru. Ovaj sporazum, \u010desto nazvan &#8220;Pravila o sprije\u010davanju sudara na moru&#8221;, ima za cilj osigurati sigurnu navigaciju svih vrsta plovila, uklju\u010duju\u0107i [&hellip;]<\/p>\n","protected":false},"author":1,"featured_media":0,"parent":0,"menu_order":0,"comment_status":"closed","ping_status":"closed","template":"elementor_header_footer","meta":{"footnotes":""},"class_list":["post-2670","page","type-page","status-publish","hentry"],"_links":{"self":[{"href":"https:\/\/tempus-agency.com\/en\/wp-json\/wp\/v2\/pages\/2670","targetHints":{"allow":["GET"]}}],"collection":[{"href":"https:\/\/tempus-agency.com\/en\/wp-json\/wp\/v2\/pages"}],"about":[{"href":"https:\/\/tempus-agency.com\/en\/wp-json\/wp\/v2\/types\/page"}],"author":[{"embeddable":true,"href":"https:\/\/tempus-agency.com\/en\/wp-json\/wp\/v2\/users\/1"}],"replies":[{"embeddable":true,"href":"https:\/\/tempus-agency.com\/en\/wp-json\/wp\/v2\/comments?post=2670"}],"version-history":[{"count":7,"href":"https:\/\/tempus-agency.com\/en\/wp-json\/wp\/v2\/pages\/2670\/revisions"}],"predecessor-version":[{"id":3847,"href":"https:\/\/tempus-agency.com\/en\/wp-json\/wp\/v2\/pages\/2670\/revisions\/3847"}],"wp:attachment":[{"href":"https:\/\/tempus-agency.com\/en\/wp-json\/wp\/v2\/media?parent=2670"}],"curies":[{"name":"wp","href":"https:\/\/api.w.org\/{rel}","templated":true}]}}