{"id":2582,"date":"2024-10-12T14:56:12","date_gmt":"2024-10-12T14:56:12","guid":{"rendered":"https:\/\/tempus-agency.com\/?page_id=2582"},"modified":"2024-11-17T18:46:50","modified_gmt":"2024-11-17T18:46:50","slug":"plate-na-brodu","status":"publish","type":"page","link":"https:\/\/tempus-agency.com\/en\/plate-na-brodu\/","title":{"rendered":"Plate na brodu"},"content":{"rendered":"<div data-elementor-type=\"wp-page\" data-elementor-id=\"2582\" class=\"elementor elementor-2582\" data-elementor-post-type=\"page\">\n\t\t\t\t<div class=\"elementor-element elementor-element-3afc6a3 e-con-full e-flex e-con e-child\" data-id=\"3afc6a3\" data-element_type=\"container\" data-e-type=\"container\">\n\t\t\t\t<div class=\"elementor-element elementor-element-cc937ab elementor-widget elementor-widget-heading\" data-id=\"cc937ab\" data-element_type=\"widget\" data-e-type=\"widget\" data-widget_type=\"heading.default\">\n\t\t\t\t<div class=\"elementor-widget-container\">\n\t\t\t\t\t<h2 class=\"elementor-heading-title elementor-size-default\">Plate na brodu<\/h2>\t\t\t\t<\/div>\n\t\t\t\t<\/div>\n\t\t\t\t<div class=\"elementor-element elementor-element-ad3f3eb elementor-widget elementor-widget-image\" data-id=\"ad3f3eb\" data-element_type=\"widget\" data-e-type=\"widget\" data-widget_type=\"image.default\">\n\t\t\t\t<div class=\"elementor-widget-container\">\n\t\t\t\t\t\t\t\t\t\t\t\t\t\t\t<img decoding=\"async\" src=\"https:\/\/tempus-agency.com\/wp-content\/uploads\/elementor\/thumbs\/logotempus-1-qg30mifo8bytvrui5kj9nirecr5dip3vurbql9f4ag.png\" title=\"logotempus.png\" alt=\"logotempus.png\" loading=\"lazy\" \/>\t\t\t\t\t\t\t\t\t\t\t\t\t\t\t<\/div>\n\t\t\t\t<\/div>\n\t\t\t\t<\/div>\n\t\t<div class=\"elementor-element elementor-element-db29472 e-flex e-con-boxed e-con e-parent\" data-id=\"db29472\" data-element_type=\"container\" data-e-type=\"container\">\n\t\t\t\t\t<div class=\"e-con-inner\">\n\t\t\t\t<div class=\"elementor-element elementor-element-3d961a0 elementor-widget elementor-widget-text-editor\" data-id=\"3d961a0\" data-element_type=\"widget\" data-e-type=\"widget\" data-widget_type=\"text-editor.default\">\n\t\t\t\t<div class=\"elementor-widget-container\">\n\t\t\t\t\t\t\t\t\t<p style=\"text-align: center;\">Evo procjene prosje\u010dnih plata po rankovima za osoblje na kruzerima:<\/p><p style=\"text-align: center;\"><strong><span style=\"color: #ffcf23;\">1.Kapetan<\/span><\/strong><\/p><p style=\"text-align: center;\">\u00a0\u00a0 &#8211; Prosje\u010dna plata kapetana na kruzerima mo\u017ee varirati izme\u0111u 8000 do 15000 dolara mjese\u010dno, u zavisnosti od veli\u010dine kruzera, iskustva, kompanije i drugih faktora.<\/p><p style=\"text-align: center;\"><strong><span style=\"color: #ffcf23;\">2.Prvi oficir<\/span><\/strong><\/p><p style=\"text-align: center;\">\u00a0\u00a0 &#8211; Plata prvog \u010dasnika na kruzerima obi\u010dno se kre\u0107e izme\u0111u 5000 do 9000 dolara mjese\u010dno.<\/p><p style=\"text-align: center;\"><span style=\"color: #ffcf23;\"><strong>3.Drugi oficir<\/strong><\/span><\/p><p style=\"text-align: center;\">\u00a0\u00a0 &#8211; Drugi \u010dasnik mo\u017ee o\u010dekivati pla\u0107u u rasponu od 3000 do 6000 dolara mjese\u010dno.<\/p><p style=\"text-align: center;\"><strong><span style=\"color: #ffcf23;\">4.Tre\u0107i oficir<\/span><\/strong><\/p><p style=\"text-align: center;\">\u00a0\u00a0 &#8211; Pla\u0107a tre\u0107eg \u010dasnika obi\u010dno je u rasponu od 2000 do 4000 dolara mjese\u010dno.<\/p><p style=\"text-align: center;\"><span style=\"color: #ffcf23;\"><strong>5.Kapo<\/strong><\/span><\/p><p style=\"text-align: center;\">\u00a0\u00a0 &#8211; Glavni in\u017eenjer na kruzerima mo\u017ee zara\u0111ivati izme\u0111u 6000 do 10000 dolara mjese\u010dno.<\/p><p style=\"text-align: center;\"><strong><span style=\"color: #ffcf23;\">6.Drugi oficir makine<\/span><\/strong><\/p><p style=\"text-align: center;\">\u00a0\u00a0 &#8211; Pla\u0107a drugog in\u017eenjera obi\u010dno je izme\u0111u 4000 do 7000 dolara mjese\u010dno.<\/p><p style=\"text-align: center;\"><strong><span style=\"color: #ffcf23;\">7.Tre\u0107i oficir makine<\/span><\/strong><\/p><p style=\"text-align: center;\">\u00a0\u00a0 &#8211; Tre\u0107i in\u017eenjer mo\u017ee o\u010dekivati pla\u0107u u rasponu od 2500 do 5000 dolara mjese\u010dno.<\/p><p style=\"text-align: center;\"><strong><span style=\"color: #ffcf23;\">8.Elektri\u010dar<\/span><\/strong><\/p><p style=\"text-align: center;\">\u00a0\u00a0 &#8211; Elektri\u010dar na kruzerima obi\u010dno zara\u0111uje izme\u0111u 2500 do 4500 dolara mjese\u010dno.<\/p><p style=\"text-align: center;\"><strong><span style=\"color: #ffcf23;\">9.Mornar<\/span><\/strong><\/p><p style=\"text-align: center;\">\u00a0\u00a0 &#8211; Mornari na kruzerima imaju pla\u0107u koja se kre\u0107e u rasponu od 1000 do 3000 dolara mjese\u010dno.<\/p><p style=\"text-align: center;\">Za ni\u017ee pozicije, evo prosje\u010dnih pla\u0107a:<\/p><p style=\"text-align: center;\"><span style=\"color: #ffcf23;\">Konobar<\/span>: 1500 &#8211; 3000 dolara mjese\u010dno<\/p><p style=\"text-align: center;\"><span style=\"color: #ffcf23;\">Kuvar<\/span>: 1500 &#8211; 3000 dolara mjese\u010dno<\/p><p style=\"text-align: center;\"><span style=\"color: #ffcf23;\">Osoblje za \u010di\u0161\u0107enje<\/span>: 1200 &#8211; 2500 dolara mjese\u010dno<\/p><p style=\"text-align: center;\"><span style=\"color: #ffcf23;\">Recepcijsko osoblje<\/span>: 1500 &#8211; 3000 dolara mjese\u010dno<\/p><p style=\"text-align: center;\"><span style=\"color: #ffcf23;\">Tehni\u010dko osoblje<\/span> : 1500 &#8211; 3000 dolara mjese\u010dno<\/p><p style=\"text-align: center;\"><span style=\"color: #ffcf23;\">Animator<\/span>: 1200 &#8211; 2500 dolara mjese\u010dno<\/p><p style=\"text-align: center;\"><span style=\"color: #ffcf23;\">Spa osoblje<\/span> : 1500 &#8211; 3000 dolara mjese\u010dno<\/p><p style=\"text-align: center;\"><span style=\"color: #ffcf23;\">Prodava\u010di<\/span>: 1200 &#8211; 2500 dolara mjese\u010dno<\/p><p style=\"text-align: center;\"><span style=\"color: #ffcf23;\">Napomena<\/span>: Ove cifre su samo procjene i mogu varirati zbog razli\u010ditih faktora kao \u0161to su kompanija, iskustvo, veli\u010dina kruzera, podru\u010dje plovidbe itd. Tako\u0111e, pla\u0107e se obi\u010dno ispla\u0107uju neto, bez obzira na dr\u017eavu.<\/p>\t\t\t\t\t\t\t\t<\/div>\n\t\t\t\t<\/div>\n\t\t\t\t\t<\/div>\n\t\t\t\t<\/div>\n\t\t<div class=\"elementor-element elementor-element-17adb84 e-flex e-con-boxed e-con e-parent\" data-id=\"17adb84\" data-element_type=\"container\" data-e-type=\"container\">\n\t\t\t\t\t<div class=\"e-con-inner\">\n\t\t\t\t<div class=\"elementor-element elementor-element-2c7adf2 elementor-align-center elementor-widget elementor-widget-button\" data-id=\"2c7adf2\" data-element_type=\"widget\" data-e-type=\"widget\" data-widget_type=\"button.default\">\n\t\t\t\t<div class=\"elementor-widget-container\">\n\t\t\t\t\t\t\t\t\t<div class=\"elementor-button-wrapper\">\n\t\t\t\t\t<a class=\"elementor-button elementor-button-link elementor-size-sm elementor-animation-grow\" href=\"https:\/\/tempus-agency.com\/en\/karijera\/\">\n\t\t\t\t\t\t<span class=\"elementor-button-content-wrapper\">\n\t\t\t\t\t\t<span class=\"elementor-button-icon\">\n\t\t\t\t<svg aria-hidden=\"true\" class=\"e-font-icon-svg e-fas-long-arrow-alt-left\" viewbox=\"0 0 448 512\" xmlns=\"http:\/\/www.w3.org\/2000\/svg\"><path d=\"M134.059 296H436c6.627 0 12-5.373 12-12v-56c0-6.627-5.373-12-12-12H134.059v-46.059c0-21.382-25.851-32.09-40.971-16.971L7.029 239.029c-9.373 9.373-9.373 24.569 0 33.941l86.059 86.059c15.119 15.119 40.971 4.411 40.971-16.971V296z\"><\/path><\/svg>\t\t\t<\/span>\n\t\t\t\t\t\t\t\t\t<span class=\"elementor-button-text\">Back<\/span>\n\t\t\t\t\t<\/span>\n\t\t\t\t\t<\/a>\n\t\t\t\t<\/div>\n\t\t\t\t\t\t\t\t<\/div>\n\t\t\t\t<\/div>\n\t\t\t\t\t<\/div>\n\t\t\t\t<\/div>\n\t\t\t\t<\/div>","protected":false},"excerpt":{"rendered":"<p>Plate na brodu Evo procjene prosje\u010dnih plata po rankovima za osoblje na kruzerima: 1.Kapetan \u00a0\u00a0 &#8211; Prosje\u010dna plata kapetana na kruzerima mo\u017ee varirati izme\u0111u 8000 do 15000 dolara mjese\u010dno, u zavisnosti od veli\u010dine kruzera, iskustva, kompanije i drugih faktora. 2.Prvi oficir \u00a0\u00a0 &#8211; Plata prvog \u010dasnika na kruzerima obi\u010dno se kre\u0107e izme\u0111u 5000 do 9000 [&hellip;]<\/p>\n","protected":false},"author":1,"featured_media":0,"parent":0,"menu_order":0,"comment_status":"closed","ping_status":"closed","template":"elementor_header_footer","meta":{"footnotes":""},"class_list":["post-2582","page","type-page","status-publish","hentry"],"_links":{"self":[{"href":"https:\/\/tempus-agency.com\/en\/wp-json\/wp\/v2\/pages\/2582","targetHints":{"allow":["GET"]}}],"collection":[{"href":"https:\/\/tempus-agency.com\/en\/wp-json\/wp\/v2\/pages"}],"about":[{"href":"https:\/\/tempus-agency.com\/en\/wp-json\/wp\/v2\/types\/page"}],"author":[{"embeddable":true,"href":"https:\/\/tempus-agency.com\/en\/wp-json\/wp\/v2\/users\/1"}],"replies":[{"embeddable":true,"href":"https:\/\/tempus-agency.com\/en\/wp-json\/wp\/v2\/comments?post=2582"}],"version-history":[{"count":10,"href":"https:\/\/tempus-agency.com\/en\/wp-json\/wp\/v2\/pages\/2582\/revisions"}],"predecessor-version":[{"id":3681,"href":"https:\/\/tempus-agency.com\/en\/wp-json\/wp\/v2\/pages\/2582\/revisions\/3681"}],"wp:attachment":[{"href":"https:\/\/tempus-agency.com\/en\/wp-json\/wp\/v2\/media?parent=2582"}],"curies":[{"name":"wp","href":"https:\/\/api.w.org\/{rel}","templated":true}]}}