{"id":2573,"date":"2024-10-12T14:49:48","date_gmt":"2024-10-12T14:49:48","guid":{"rendered":"https:\/\/tempus-agency.com\/?page_id=2573"},"modified":"2024-10-12T14:54:23","modified_gmt":"2024-10-12T14:54:23","slug":"internet-na-brodu","status":"publish","type":"page","link":"https:\/\/tempus-agency.com\/en\/internet-na-brodu\/","title":{"rendered":"Internet na brodu"},"content":{"rendered":"<div data-elementor-type=\"wp-page\" data-elementor-id=\"2573\" class=\"elementor elementor-2573\" data-elementor-post-type=\"page\">\n\t\t\t\t<div class=\"elementor-element elementor-element-b7248b3 e-con-full e-flex e-con e-child\" data-id=\"b7248b3\" data-element_type=\"container\" data-e-type=\"container\">\n\t\t\t\t<div class=\"elementor-element elementor-element-f5947e6 elementor-widget elementor-widget-heading\" data-id=\"f5947e6\" data-element_type=\"widget\" data-e-type=\"widget\" data-widget_type=\"heading.default\">\n\t\t\t\t<div class=\"elementor-widget-container\">\n\t\t\t\t\t<h2 class=\"elementor-heading-title elementor-size-default\">Internet na brodu<\/h2>\t\t\t\t<\/div>\n\t\t\t\t<\/div>\n\t\t\t\t<div class=\"elementor-element elementor-element-f969137 elementor-widget elementor-widget-image\" data-id=\"f969137\" data-element_type=\"widget\" data-e-type=\"widget\" data-widget_type=\"image.default\">\n\t\t\t\t<div class=\"elementor-widget-container\">\n\t\t\t\t\t\t\t\t\t\t\t\t\t\t\t<img decoding=\"async\" src=\"https:\/\/tempus-agency.com\/wp-content\/uploads\/elementor\/thumbs\/logotempus-1-qg30mifo8bytvrui5kj9nirecr5dip3vurbql9f4ag.png\" title=\"logotempus.png\" alt=\"logotempus.png\" loading=\"lazy\" \/>\t\t\t\t\t\t\t\t\t\t\t\t\t\t\t<\/div>\n\t\t\t\t<\/div>\n\t\t\t\t<\/div>\n\t\t<div class=\"elementor-element elementor-element-228791d e-flex e-con-boxed e-con e-parent\" data-id=\"228791d\" data-element_type=\"container\" data-e-type=\"container\">\n\t\t\t\t\t<div class=\"e-con-inner\">\n\t\t\t\t<div class=\"elementor-element elementor-element-0840583 elementor-widget elementor-widget-text-editor\" data-id=\"0840583\" data-element_type=\"widget\" data-e-type=\"widget\" data-widget_type=\"text-editor.default\">\n\t\t\t\t<div class=\"elementor-widget-container\">\n\t\t\t\t\t\t\t\t\t<p style=\"text-align: center;\">OP\u0160TE O INTERNETU NA BRODU<\/p><p>Internet na brodu, bez obzira na vrstu plovila poput kruzera ili kontejnerskog broda, funkcionira na temelju satelitskih veza ili drugih tehnologija za povezivanje na udaljene lokacije. Evo op\u0107enitog pregleda kako internet funkcionira za zaposlene na tim brodovima:<\/p><p>\u00a0<\/p><ol><li>Satelitske veze: Ve\u0107ina brodova koristi satelitske veze za povezivanje s internetom. Satelitska oprema na brodu uspostavlja komunikaciju s geostacionarnim satelitima koji prenose podatke izme\u0111u broda i zemaljske infrastrukture.<\/li><\/ol><p>\u00a0\u00a0<\/p><ol start=\"2\"><li>Pomorski pru\u017eatelji usluga: Postoje specijalizirane tvrtke koje pru\u017eaju usluge interneta na moru. Te tvrtke imaju infrastrukturu za upravljanje satelitskim vezama i pru\u017eaju povezivost na brodu.<\/li><\/ol><p>\u00a0<\/p><ol start=\"3\"><li>Pla\u0107eni pristup: Zaposlenici na brodu obi\u010dno imaju mogu\u0107nost koristiti internet, ali \u010desto to mo\u017ee biti pla\u0107ena usluga. Cijena interneta na kompaniji MSC iznosi 100 dolara po 1GB, dok na primjer, kruzerske kompanije poput Carnivala nude najbolji paket za posadu po cijeni od 2,5 dolara dnevno, s neograni\u010denim kori\u0161tenjem.<\/li><\/ol><p>\u00a0<\/p><ol start=\"4\"><li>Ograni\u010denja brzine i propusnosti: Internet veza na brodu mo\u017ee biti ograni\u010dena po brzini i propusnosti zbog tehni\u010dkih ograni\u010denja satelitskih veza i pravila pru\u017eatelja usluga. To mo\u017ee rezultirati sporijim i manje pouzdanim internetom u usporedbi s kopnenim vezama.<\/li><\/ol><p>\u00a0<\/p><ol start=\"5\"><li>Prioritetna upotreba: Na ve\u0107im brodovima poput kruzera, prioritet za kori\u0161tenje interneta obi\u010dno imaju putnici. Zaposlenici \u010desto mogu koristiti internet u posebnim prostorijama ili na odre\u0111enim vremenima kako bi se osiguralo da putnici imaju stabilnu vezu.<\/li><\/ol><p>\u00a0<\/p><ol start=\"6\"><li>Sigurnosni aspekti: S obzirom na prirodu pomorskog poslovanja, internetska veza na brodu \u010desto mora biti sigurna i za\u0161ti\u0107ena od potencijalnih cyber prijetnji. Stoga se mogu primjenjivati posebne sigurnosne mjere kako bi se osigurala privatnost i sigurnost podataka.<\/li><\/ol><p>\u00a0<\/p><p>S obzirom na tehnolo\u0161ki napredak i rastu\u0107u potra\u017enju za internetskim pristupom, mnoge brodske tvrtke kontinuirano pobolj\u0161avaju svoje sustave kako bi osigurale bolju povezivost i iskustvo za svoje zaposlenike na moru.<\/p>\t\t\t\t\t\t\t\t<\/div>\n\t\t\t\t<\/div>\n\t\t\t\t\t<\/div>\n\t\t\t\t<\/div>\n\t\t<div class=\"elementor-element elementor-element-933a6d0 e-flex e-con-boxed e-con e-parent\" data-id=\"933a6d0\" data-element_type=\"container\" data-e-type=\"container\">\n\t\t\t\t\t<div class=\"e-con-inner\">\n\t\t\t\t<div class=\"elementor-element elementor-element-615f913 elementor-align-center elementor-widget elementor-widget-button\" data-id=\"615f913\" data-element_type=\"widget\" data-e-type=\"widget\" data-widget_type=\"button.default\">\n\t\t\t\t<div class=\"elementor-widget-container\">\n\t\t\t\t\t\t\t\t\t<div class=\"elementor-button-wrapper\">\n\t\t\t\t\t<a class=\"elementor-button elementor-button-link elementor-size-sm elementor-animation-grow\" href=\"https:\/\/tempus-agency.com\/en\/karijera\/\">\n\t\t\t\t\t\t<span class=\"elementor-button-content-wrapper\">\n\t\t\t\t\t\t<span class=\"elementor-button-icon\">\n\t\t\t\t<svg aria-hidden=\"true\" class=\"e-font-icon-svg e-fas-long-arrow-alt-left\" viewbox=\"0 0 448 512\" xmlns=\"http:\/\/www.w3.org\/2000\/svg\"><path d=\"M134.059 296H436c6.627 0 12-5.373 12-12v-56c0-6.627-5.373-12-12-12H134.059v-46.059c0-21.382-25.851-32.09-40.971-16.971L7.029 239.029c-9.373 9.373-9.373 24.569 0 33.941l86.059 86.059c15.119 15.119 40.971 4.411 40.971-16.971V296z\"><\/path><\/svg>\t\t\t<\/span>\n\t\t\t\t\t\t\t\t\t<span class=\"elementor-button-text\">Back<\/span>\n\t\t\t\t\t<\/span>\n\t\t\t\t\t<\/a>\n\t\t\t\t<\/div>\n\t\t\t\t\t\t\t\t<\/div>\n\t\t\t\t<\/div>\n\t\t\t\t\t<\/div>\n\t\t\t\t<\/div>\n\t\t\t\t<\/div>","protected":false},"excerpt":{"rendered":"<p>Internet na brodu OP\u0160TE O INTERNETU NA BRODU Internet na brodu, bez obzira na vrstu plovila poput kruzera ili kontejnerskog broda, funkcionira na temelju satelitskih veza ili drugih tehnologija za povezivanje na udaljene lokacije. Evo op\u0107enitog pregleda kako internet funkcionira za zaposlene na tim brodovima: \u00a0 Satelitske veze: Ve\u0107ina brodova koristi satelitske veze za povezivanje [&hellip;]<\/p>\n","protected":false},"author":1,"featured_media":0,"parent":0,"menu_order":0,"comment_status":"closed","ping_status":"closed","template":"elementor_header_footer","meta":{"footnotes":""},"class_list":["post-2573","page","type-page","status-publish","hentry"],"_links":{"self":[{"href":"https:\/\/tempus-agency.com\/en\/wp-json\/wp\/v2\/pages\/2573","targetHints":{"allow":["GET"]}}],"collection":[{"href":"https:\/\/tempus-agency.com\/en\/wp-json\/wp\/v2\/pages"}],"about":[{"href":"https:\/\/tempus-agency.com\/en\/wp-json\/wp\/v2\/types\/page"}],"author":[{"embeddable":true,"href":"https:\/\/tempus-agency.com\/en\/wp-json\/wp\/v2\/users\/1"}],"replies":[{"embeddable":true,"href":"https:\/\/tempus-agency.com\/en\/wp-json\/wp\/v2\/comments?post=2573"}],"version-history":[{"count":4,"href":"https:\/\/tempus-agency.com\/en\/wp-json\/wp\/v2\/pages\/2573\/revisions"}],"predecessor-version":[{"id":2578,"href":"https:\/\/tempus-agency.com\/en\/wp-json\/wp\/v2\/pages\/2573\/revisions\/2578"}],"wp:attachment":[{"href":"https:\/\/tempus-agency.com\/en\/wp-json\/wp\/v2\/media?parent=2573"}],"curies":[{"name":"wp","href":"https:\/\/api.w.org\/{rel}","templated":true}]}}