{"id":2467,"date":"2024-10-10T19:51:52","date_gmt":"2024-10-10T19:51:52","guid":{"rendered":"https:\/\/tempus-agency.com\/?page_id=2467"},"modified":"2024-10-31T14:33:37","modified_gmt":"2024-10-31T14:33:37","slug":"siguran-rad","status":"publish","type":"page","link":"https:\/\/tempus-agency.com\/en\/siguran-rad\/","title":{"rendered":"Safe Work"},"content":{"rendered":"<div data-elementor-type=\"wp-page\" data-elementor-id=\"2467\" class=\"elementor elementor-2467\" data-elementor-post-type=\"page\">\n\t\t\t\t<div class=\"elementor-element elementor-element-611b64e e-con-full e-flex e-con e-child\" data-id=\"611b64e\" data-element_type=\"container\" data-e-type=\"container\">\n\t\t\t\t<div class=\"elementor-element elementor-element-a631fd2 elementor-widget elementor-widget-heading\" data-id=\"a631fd2\" data-element_type=\"widget\" data-e-type=\"widget\" data-widget_type=\"heading.default\">\n\t\t\t\t<div class=\"elementor-widget-container\">\n\t\t\t\t\t<h2 class=\"elementor-heading-title elementor-size-default\">Safe Work<\/h2>\t\t\t\t<\/div>\n\t\t\t\t<\/div>\n\t\t\t\t<div class=\"elementor-element elementor-element-e3b1b64 elementor-widget elementor-widget-image\" data-id=\"e3b1b64\" data-element_type=\"widget\" data-e-type=\"widget\" data-widget_type=\"image.default\">\n\t\t\t\t<div class=\"elementor-widget-container\">\n\t\t\t\t\t\t\t\t\t\t\t\t\t\t\t<img decoding=\"async\" src=\"https:\/\/tempus-agency.com\/wp-content\/uploads\/elementor\/thumbs\/logotempus-1-qg30mifo8bytvrui5kj9nirecr5dip3vurbql9f4ag.png\" title=\"logotempus.png\" alt=\"logotempus.png\" loading=\"lazy\" \/>\t\t\t\t\t\t\t\t\t\t\t\t\t\t\t<\/div>\n\t\t\t\t<\/div>\n\t\t\t\t<\/div>\n\t\t<div class=\"elementor-element elementor-element-89bba6b e-flex e-con-boxed e-con e-parent\" data-id=\"89bba6b\" data-element_type=\"container\" data-e-type=\"container\">\n\t\t\t\t\t<div class=\"e-con-inner\">\n\t\t\t\t<div class=\"elementor-element elementor-element-ecfdbc5 elementor-widget elementor-widget-text-editor\" data-id=\"ecfdbc5\" data-element_type=\"widget\" data-e-type=\"widget\" data-widget_type=\"text-editor.default\">\n\t\t\t\t<div class=\"elementor-widget-container\">\n\t\t\t\t\t\t\t\t\t<ol><li><span style=\"color: #ffcf23;\">Use of Personal Protective Equipment (PPE)<\/span>:<\/li><\/ol><p>\u00a0\u00a0 An electrician must wear appropriate PPE, which includes:<\/p><p>\u00a0\u00a0\u00a0\u00a0 - Protective Helmet: Protects the head from potential injuries when working at heights or from falling objects.<\/p><p>\u00a0\u00a0\u00a0\u00a0 - Safety Glasses: Shields the eyes from sparks, dust, and other hazards.<\/p><p>\u00a0\u00a0\u00a0\u00a0 - Protective Gloves: Provides insulation and protects hands from electrical shock.<\/p><p>\u00a0\u00a0\u00a0\u00a0 - Safety Footwear: Non-slip shoes with protective toe caps to shield the feet.<\/p><p>\u00a0\u00a0\u00a0\u00a0 - Protective Clothing: Covers the body and protects against potential injuries.<\/p><p>\u00a0<\/p><ol start=\"2\"><li><span style=\"color: #ffcf23;\">Isolation of the Work Area<\/span>:<\/li><\/ol><p>\u00a0\u00a0 - Before starting work, the electrician must isolate the work area and mark it to prevent unauthorized personnel from accessing the electrical systems.<\/p><p>\u00a0<\/p><ol start=\"3\"><li><span style=\"color: #ffcf23;\">Equipment Inspection<\/span>:<\/li><\/ol><p>\u00a0\u00a0 - Before using tools and equipment, the electrician must carefully inspect them to ensure they are in good condition and free of damage.<\/p><p>\u00a0<\/p><ol start=\"4\"><li><span style=\"color: #ffcf23;\">Power Shutdown<\/span>:<\/li><\/ol><p>\u00a0\u00a0 - Before performing any work on electrical systems, the electrician must ensure all devices are turned off, and the power is completely disconnected. This is particularly critical when working on high-voltage systems.<\/p><p>\u00a0<\/p><ol start=\"5\"><li><span style=\"color: #ffcf23;\">Working Under Supervision<\/span>:<\/li><\/ol><p>\u00a0\u00a0 - The electrician should perform tasks under the supervision of a qualified supervisor or engineer to ensure safety and proper execution of the work.<\/p><p>\u00a0<\/p><p>By implementing these safety measures, an electrician can work effectively on a ship with minimal risk of injuries or accidents. This practice not only ensures safe operations but also helps maintain the integrity of the ship's electrical systems.<\/p>\t\t\t\t\t\t\t\t<\/div>\n\t\t\t\t<\/div>\n\t\t\t\t\t<\/div>\n\t\t\t\t<\/div>\n\t\t<div class=\"elementor-element elementor-element-3f1bfaa e-flex e-con-boxed e-con e-parent\" data-id=\"3f1bfaa\" data-element_type=\"container\" data-e-type=\"container\">\n\t\t\t\t\t<div class=\"e-con-inner\">\n\t\t\t\t<div class=\"elementor-element elementor-element-e3e0547 elementor-align-center elementor-widget elementor-widget-button\" data-id=\"e3e0547\" data-element_type=\"widget\" data-e-type=\"widget\" data-widget_type=\"button.default\">\n\t\t\t\t<div class=\"elementor-widget-container\">\n\t\t\t\t\t\t\t\t\t<div class=\"elementor-button-wrapper\">\n\t\t\t\t\t<a class=\"elementor-button elementor-button-link elementor-size-sm elementor-animation-grow\" href=\"https:\/\/tempus-agency.com\/en\/obuka-elektricar\/\">\n\t\t\t\t\t\t<span class=\"elementor-button-content-wrapper\">\n\t\t\t\t\t\t<span class=\"elementor-button-icon\">\n\t\t\t\t<svg aria-hidden=\"true\" class=\"e-font-icon-svg e-fas-long-arrow-alt-left\" viewbox=\"0 0 448 512\" xmlns=\"http:\/\/www.w3.org\/2000\/svg\"><path d=\"M134.059 296H436c6.627 0 12-5.373 12-12v-56c0-6.627-5.373-12-12-12H134.059v-46.059c0-21.382-25.851-32.09-40.971-16.971L7.029 239.029c-9.373 9.373-9.373 24.569 0 33.941l86.059 86.059c15.119 15.119 40.971 4.411 40.971-16.971V296z\"><\/path><\/svg>\t\t\t<\/span>\n\t\t\t\t\t\t\t\t\t<span class=\"elementor-button-text\">Back<\/span>\n\t\t\t\t\t<\/span>\n\t\t\t\t\t<\/a>\n\t\t\t\t<\/div>\n\t\t\t\t\t\t\t\t<\/div>\n\t\t\t\t<\/div>\n\t\t\t\t\t<\/div>\n\t\t\t\t<\/div>\n\t\t\t\t<\/div>","protected":false},"excerpt":{"rendered":"<p>Siguran rad Upotreba li\u010dne za\u0161titne opreme (LZO): \u00a0\u00a0 &#8211; Elektri\u010dar treba da nosi odgovaraju\u0107u LZO koja uklju\u010duje: \u00a0\u00a0\u00a0\u00a0 &#8211; Za\u0161titnu kacigu: \u0160titi glavu od mogu\u0107ih povreda prilikom rada na visini ili od pada predmeta. \u00a0\u00a0\u00a0\u00a0 &#8211; Za\u0161titne nao\u010dare: Pru\u017eaju za\u0161titu o\u010dima od iskrica, pra\u0161ine i drugih opasnosti. \u00a0\u00a0\u00a0\u00a0 &#8211; Za\u0161titne rukavice: Obezbe\u0111uju izolaciju i za\u0161titu [&hellip;]<\/p>\n","protected":false},"author":1,"featured_media":0,"parent":0,"menu_order":0,"comment_status":"closed","ping_status":"closed","template":"elementor_header_footer","meta":{"footnotes":""},"class_list":["post-2467","page","type-page","status-publish","hentry"],"_links":{"self":[{"href":"https:\/\/tempus-agency.com\/en\/wp-json\/wp\/v2\/pages\/2467","targetHints":{"allow":["GET"]}}],"collection":[{"href":"https:\/\/tempus-agency.com\/en\/wp-json\/wp\/v2\/pages"}],"about":[{"href":"https:\/\/tempus-agency.com\/en\/wp-json\/wp\/v2\/types\/page"}],"author":[{"embeddable":true,"href":"https:\/\/tempus-agency.com\/en\/wp-json\/wp\/v2\/users\/1"}],"replies":[{"embeddable":true,"href":"https:\/\/tempus-agency.com\/en\/wp-json\/wp\/v2\/comments?post=2467"}],"version-history":[{"count":7,"href":"https:\/\/tempus-agency.com\/en\/wp-json\/wp\/v2\/pages\/2467\/revisions"}],"predecessor-version":[{"id":3430,"href":"https:\/\/tempus-agency.com\/en\/wp-json\/wp\/v2\/pages\/2467\/revisions\/3430"}],"wp:attachment":[{"href":"https:\/\/tempus-agency.com\/en\/wp-json\/wp\/v2\/media?parent=2467"}],"curies":[{"name":"wp","href":"https:\/\/api.w.org\/{rel}","templated":true}]}}