{"id":2462,"date":"2024-10-10T19:48:30","date_gmt":"2024-10-10T19:48:30","guid":{"rendered":"https:\/\/tempus-agency.com\/?page_id=2462"},"modified":"2024-10-31T14:32:10","modified_gmt":"2024-10-31T14:32:10","slug":"emergency-generator-i-blackout","status":"publish","type":"page","link":"https:\/\/tempus-agency.com\/en\/emergency-generator-i-blackout\/","title":{"rendered":"Emergency generator and blackout"},"content":{"rendered":"<div data-elementor-type=\"wp-page\" data-elementor-id=\"2462\" class=\"elementor elementor-2462\" data-elementor-post-type=\"page\">\n\t\t\t\t<div class=\"elementor-element elementor-element-efd8c9d e-con-full e-flex e-con e-child\" data-id=\"efd8c9d\" data-element_type=\"container\" data-e-type=\"container\">\n\t\t\t\t<div class=\"elementor-element elementor-element-9104e2f elementor-widget elementor-widget-heading\" data-id=\"9104e2f\" data-element_type=\"widget\" data-e-type=\"widget\" data-widget_type=\"heading.default\">\n\t\t\t\t<div class=\"elementor-widget-container\">\n\t\t\t\t\t<h2 class=\"elementor-heading-title elementor-size-default\">Emergency generator and blackout<\/h2>\t\t\t\t<\/div>\n\t\t\t\t<\/div>\n\t\t\t\t<div class=\"elementor-element elementor-element-294616a elementor-widget elementor-widget-image\" data-id=\"294616a\" data-element_type=\"widget\" data-e-type=\"widget\" data-widget_type=\"image.default\">\n\t\t\t\t<div class=\"elementor-widget-container\">\n\t\t\t\t\t\t\t\t\t\t\t\t\t\t\t<img decoding=\"async\" src=\"https:\/\/tempus-agency.com\/wp-content\/uploads\/elementor\/thumbs\/logotempus-1-qg30mifo8bytvrui5kj9nirecr5dip3vurbql9f4ag.png\" title=\"logotempus.png\" alt=\"logotempus.png\" loading=\"lazy\" \/>\t\t\t\t\t\t\t\t\t\t\t\t\t\t\t<\/div>\n\t\t\t\t<\/div>\n\t\t\t\t<\/div>\n\t\t<div class=\"elementor-element elementor-element-836b558 e-flex e-con-boxed e-con e-parent\" data-id=\"836b558\" data-element_type=\"container\" data-e-type=\"container\">\n\t\t\t\t\t<div class=\"e-con-inner\">\n\t\t\t\t<div class=\"elementor-element elementor-element-a0c9e59 elementor-widget elementor-widget-text-editor\" data-id=\"a0c9e59\" data-element_type=\"widget\" data-e-type=\"widget\" data-widget_type=\"text-editor.default\">\n\t\t\t\t<div class=\"elementor-widget-container\">\n\t\t\t\t\t\t\t\t\t<p>The emergency generator serves as a backup power source on a ship, activated in the event of a blackout or main power failure. Below are details about the emergency generator and the blackout procedure:<\/p><p>\u00a0<\/p><ol><li>**Emergency generator:**<\/li><\/ol><p>\u00a0\u00a0 \u2013Function: The emergency generator provides backup electrical power to maintain vital ship functions in the event of a main power failure.<\/p><p>\u00a0\u00a0 -Characteristics: It is typically a diesel-electric generator, meaning it uses a diesel engine to drive the generator, producing electrical energy.<\/p><p>\u00a0\u00a0 -Location: The emergency generator is often located in a specially designed area of the ship to protect it from external factors such as flooding or fire.<\/p><p>\u00a0\u00a0 -Automatic Start: Many modern ships are equipped with automatic start systems for the emergency generator, enabling quick response and minimal interruption of power.<\/p><p>\u00a0<\/p><ol start=\"2\"><li>**Black out:**<\/li><\/ol><p>\u00a0\u00a0 -Definition: A blackout is a situation where the ship experiences a total loss of electrical power. This may result from generator failure, fuel supply interruption, system overload, or other factors.<\/p><p>\u00a0\u00a0 -Consequences: A blackout can have severe implications for the ship's safety and functionality, especially in critical situations such as navigating in dense fog, heavy storms, or near hazardous areas.<\/p><p>\u00a0\u00a0 -Procedure<\/p><p>\u00a0\u00a0\u00a0\u00a0 - When a blackout occurs, the emergency generator is activated to restore electrical power.<\/p><p>\u00a0\u00a0\u00a0\u00a0 - The crew must act swiftly and efficiently to identify the cause of the blackout and take necessary steps to resolve it.<\/p><p>\u00a0\u00a0\u00a0\u00a0 - System Check: After identifying and resolving the cause of the blackout, all electrical systems must be inspected to determine which devices need to be restarted.<\/p><p>\u00a0\u00a0\u00a0\u00a0 - Proper Shutdown of Devices: Before reactivating systems, it is essential to disconnect all devices to avoid system overload during the restart process.<\/p><p>\u00a0\u00a0\u00a0\u00a0 - Gradual Restart of Devices: Devices are restarted gradually, beginning with essential systems such as navigation, safety, and communication systems, followed by less critical equipment.<\/p><p>\u00a0\u00a0\u00a0\u00a0 - Monitoring the System: During the reactivation process, personnel should closely monitor the performance of electrical systems and devices to promptly identify any issues or malfunctions.<\/p><p>\u00a0\u00a0\u00a0\u00a0 - Functional Check: Once all devices are back online, a thorough check of their functionality should be conducted to ensure they are operating correctly and safely.<\/p><p>\u00a0\u00a0\u00a0\u00a0 - Record-Keeping: Detailed records of all steps taken during the reactivation process must be maintained for future reference and analysis.<\/p><p>This procedure may vary depending on the specific conditions onboard and the type of blackout, but the overall goal is to ensure a safe and efficient return of electrical systems to normal operation following a power outage.<\/p>\t\t\t\t\t\t\t\t<\/div>\n\t\t\t\t<\/div>\n\t\t\t\t\t<\/div>\n\t\t\t\t<\/div>\n\t\t<div class=\"elementor-element elementor-element-97c143b e-flex e-con-boxed e-con e-parent\" data-id=\"97c143b\" data-element_type=\"container\" data-e-type=\"container\">\n\t\t\t\t\t<div class=\"e-con-inner\">\n\t\t\t\t<div class=\"elementor-element elementor-element-af86302 elementor-align-center elementor-widget elementor-widget-button\" data-id=\"af86302\" data-element_type=\"widget\" data-e-type=\"widget\" data-widget_type=\"button.default\">\n\t\t\t\t<div class=\"elementor-widget-container\">\n\t\t\t\t\t\t\t\t\t<div class=\"elementor-button-wrapper\">\n\t\t\t\t\t<a class=\"elementor-button elementor-button-link elementor-size-sm elementor-animation-grow\" href=\"https:\/\/tempus-agency.com\/en\/obuka-elektricar\/\">\n\t\t\t\t\t\t<span class=\"elementor-button-content-wrapper\">\n\t\t\t\t\t\t<span class=\"elementor-button-icon\">\n\t\t\t\t<svg aria-hidden=\"true\" class=\"e-font-icon-svg e-fas-long-arrow-alt-left\" viewbox=\"0 0 448 512\" xmlns=\"http:\/\/www.w3.org\/2000\/svg\"><path d=\"M134.059 296H436c6.627 0 12-5.373 12-12v-56c0-6.627-5.373-12-12-12H134.059v-46.059c0-21.382-25.851-32.09-40.971-16.971L7.029 239.029c-9.373 9.373-9.373 24.569 0 33.941l86.059 86.059c15.119 15.119 40.971 4.411 40.971-16.971V296z\"><\/path><\/svg>\t\t\t<\/span>\n\t\t\t\t\t\t\t\t\t<span class=\"elementor-button-text\">Back<\/span>\n\t\t\t\t\t<\/span>\n\t\t\t\t\t<\/a>\n\t\t\t\t<\/div>\n\t\t\t\t\t\t\t\t<\/div>\n\t\t\t\t<\/div>\n\t\t\t\t\t<\/div>\n\t\t\t\t<\/div>\n\t\t\t\t<\/div>","protected":false},"excerpt":{"rendered":"<p>Emergency generator i blackout Emergency generator (hitni generator) je rezervni izvor elektri\u010dne energije na brodu koji se aktivira u slu\u010daju black out-a ili prestanka rada glavnog napajanja. Evo detalja o emergency generatoru i black out-u: \u00a0 **Emergency generator:** \u00a0\u00a0 &#8211; **Funkcija:** Emergency generator slu\u017ei kao rezervni izvor elektri\u010dne energije kako bi se odr\u017eala vitalna funkcija [&hellip;]<\/p>\n","protected":false},"author":1,"featured_media":0,"parent":0,"menu_order":0,"comment_status":"closed","ping_status":"closed","template":"elementor_header_footer","meta":{"footnotes":""},"class_list":["post-2462","page","type-page","status-publish","hentry"],"_links":{"self":[{"href":"https:\/\/tempus-agency.com\/en\/wp-json\/wp\/v2\/pages\/2462","targetHints":{"allow":["GET"]}}],"collection":[{"href":"https:\/\/tempus-agency.com\/en\/wp-json\/wp\/v2\/pages"}],"about":[{"href":"https:\/\/tempus-agency.com\/en\/wp-json\/wp\/v2\/types\/page"}],"author":[{"embeddable":true,"href":"https:\/\/tempus-agency.com\/en\/wp-json\/wp\/v2\/users\/1"}],"replies":[{"embeddable":true,"href":"https:\/\/tempus-agency.com\/en\/wp-json\/wp\/v2\/comments?post=2462"}],"version-history":[{"count":7,"href":"https:\/\/tempus-agency.com\/en\/wp-json\/wp\/v2\/pages\/2462\/revisions"}],"predecessor-version":[{"id":3427,"href":"https:\/\/tempus-agency.com\/en\/wp-json\/wp\/v2\/pages\/2462\/revisions\/3427"}],"wp:attachment":[{"href":"https:\/\/tempus-agency.com\/en\/wp-json\/wp\/v2\/media?parent=2462"}],"curies":[{"name":"wp","href":"https:\/\/api.w.org\/{rel}","templated":true}]}}