{"id":2457,"date":"2024-10-10T19:44:24","date_gmt":"2024-10-10T19:44:24","guid":{"rendered":"https:\/\/tempus-agency.com\/?page_id=2457"},"modified":"2024-10-31T14:30:54","modified_gmt":"2024-10-31T14:30:54","slug":"vjezbe","status":"publish","type":"page","link":"https:\/\/tempus-agency.com\/en\/vjezbe\/","title":{"rendered":"Exercises"},"content":{"rendered":"<div data-elementor-type=\"wp-page\" data-elementor-id=\"2457\" class=\"elementor elementor-2457\" data-elementor-post-type=\"page\">\n\t\t\t\t<div class=\"elementor-element elementor-element-b5bdfe3 e-con-full e-flex e-con e-child\" data-id=\"b5bdfe3\" data-element_type=\"container\" data-e-type=\"container\">\n\t\t\t\t<div class=\"elementor-element elementor-element-c4d9ee5 elementor-widget elementor-widget-heading\" data-id=\"c4d9ee5\" data-element_type=\"widget\" data-e-type=\"widget\" data-widget_type=\"heading.default\">\n\t\t\t\t<div class=\"elementor-widget-container\">\n\t\t\t\t\t<h2 class=\"elementor-heading-title elementor-size-default\">Exercises<\/h2>\t\t\t\t<\/div>\n\t\t\t\t<\/div>\n\t\t\t\t<div class=\"elementor-element elementor-element-6892cc3 elementor-widget elementor-widget-image\" data-id=\"6892cc3\" data-element_type=\"widget\" data-e-type=\"widget\" data-widget_type=\"image.default\">\n\t\t\t\t<div class=\"elementor-widget-container\">\n\t\t\t\t\t\t\t\t\t\t\t\t\t\t\t<img decoding=\"async\" src=\"https:\/\/tempus-agency.com\/wp-content\/uploads\/elementor\/thumbs\/logotempus-1-qg30mifo8bytvrui5kj9nirecr5dip3vurbql9f4ag.png\" title=\"logotempus.png\" alt=\"logotempus.png\" loading=\"lazy\" \/>\t\t\t\t\t\t\t\t\t\t\t\t\t\t\t<\/div>\n\t\t\t\t<\/div>\n\t\t\t\t<\/div>\n\t\t<div class=\"elementor-element elementor-element-5f24923 e-flex e-con-boxed e-con e-parent\" data-id=\"5f24923\" data-element_type=\"container\" data-e-type=\"container\">\n\t\t\t\t\t<div class=\"e-con-inner\">\n\t\t\t\t<div class=\"elementor-element elementor-element-ba70dbb elementor-widget elementor-widget-text-editor\" data-id=\"ba70dbb\" data-element_type=\"widget\" data-e-type=\"widget\" data-widget_type=\"text-editor.default\">\n\t\t\t\t<div class=\"elementor-widget-container\">\n\t\t\t\t\t\t\t\t\t<p>Here are some questions and answers for a theoretical test on the basics of electrical systems on ships:<\/p><p>\u00a0<\/p><p>Question 1: <span style=\"color: #ffcf23;\">What are the basic components of electrical systems on ships?<\/span>?<\/p><p>Answer: The basic components of electrical systems on ships include generators, distribution panels, cables, breakers, fuses, busbars, electric motors, and other electrical devices.<\/p><p>\u00a0<\/p><p>Question 2: <span style=\"color: #ffcf23;\">How do essential and non-essential electrical consumers differ on a ship?<\/span>?<\/p><p>Answer: Essential consumers are devices whose failure would jeopardize the safety of the crew and navigation, such as navigation equipment, communication devices, and main propulsion systems. Non-essential consumers are devices whose failure does not compromise the safety of the crew and navigation, such as air conditioning systems, lighting, and other comfort-related devices.<\/p><p>\u00a0<\/p><p>Question 3: <span style=\"color: #ffcf23;\">What are the most common hazards associated with electrical systems on ships, and how can they be prevented?<\/span>?<\/p><p>Answer: The most common hazards associated with electrical systems on ships include electric shocks, short circuits, fires, and power outages. These hazards can be prevented by implementing safety measures, conducting regular system maintenance, using tools and equipment properly, and training the crew on safe handling of electrical equipment.<\/p><p>\u00a0<\/p><p>Question 4: <span style=\"color: #ffcf23;\">How are problems in electrical systems on ships identified and resolved?<\/span>?<\/p><p>Answer: Problems in electrical systems on ships are identified through regular maintenance, system testing, and performance monitoring. Once problems are identified, appropriate tools and techniques are used to resolve them, including repairs, replacement of damaged components, and system updates in accordance with regulations.<\/p>\t\t\t\t\t\t\t\t<\/div>\n\t\t\t\t<\/div>\n\t\t\t\t\t<\/div>\n\t\t\t\t<\/div>\n\t\t<div class=\"elementor-element elementor-element-25cb514 e-flex e-con-boxed e-con e-parent\" data-id=\"25cb514\" data-element_type=\"container\" data-e-type=\"container\">\n\t\t\t\t\t<div class=\"e-con-inner\">\n\t\t\t\t<div class=\"elementor-element elementor-element-b3b766b elementor-align-center elementor-widget elementor-widget-button\" data-id=\"b3b766b\" data-element_type=\"widget\" data-e-type=\"widget\" data-widget_type=\"button.default\">\n\t\t\t\t<div class=\"elementor-widget-container\">\n\t\t\t\t\t\t\t\t\t<div class=\"elementor-button-wrapper\">\n\t\t\t\t\t<a class=\"elementor-button elementor-button-link elementor-size-sm elementor-animation-grow\" href=\"https:\/\/tempus-agency.com\/en\/obuka-elektricar\/\">\n\t\t\t\t\t\t<span class=\"elementor-button-content-wrapper\">\n\t\t\t\t\t\t<span class=\"elementor-button-icon\">\n\t\t\t\t<svg aria-hidden=\"true\" class=\"e-font-icon-svg e-fas-long-arrow-alt-left\" viewbox=\"0 0 448 512\" xmlns=\"http:\/\/www.w3.org\/2000\/svg\"><path d=\"M134.059 296H436c6.627 0 12-5.373 12-12v-56c0-6.627-5.373-12-12-12H134.059v-46.059c0-21.382-25.851-32.09-40.971-16.971L7.029 239.029c-9.373 9.373-9.373 24.569 0 33.941l86.059 86.059c15.119 15.119 40.971 4.411 40.971-16.971V296z\"><\/path><\/svg>\t\t\t<\/span>\n\t\t\t\t\t\t\t\t\t<span class=\"elementor-button-text\">Back<\/span>\n\t\t\t\t\t<\/span>\n\t\t\t\t\t<\/a>\n\t\t\t\t<\/div>\n\t\t\t\t\t\t\t\t<\/div>\n\t\t\t\t<\/div>\n\t\t\t\t\t<\/div>\n\t\t\t\t<\/div>\n\t\t\t\t<\/div>","protected":false},"excerpt":{"rendered":"<p>Vje\u017ebe Evo nekoliko pitanja i odgovora za teorijski test o osnovama elektri\u010dnih sistema na brodu: \u00a0 Pitanje 1: Koje su osnovne komponente elektri\u010dnih sistema na brodu? Odgovor: Osnovne komponente elektri\u010dnih sistema na brodu obuhvataju generatore, distributivne panele, kablove, prekida\u010de, osigura\u010de, sabirnice, elektromotore i ostale elektri\u010dne ure\u0111aje. \u00a0 Pitanje 2: Kako se razlikuju bitni i nebitni [&hellip;]<\/p>\n","protected":false},"author":1,"featured_media":0,"parent":0,"menu_order":0,"comment_status":"closed","ping_status":"closed","template":"elementor_header_footer","meta":{"footnotes":""},"class_list":["post-2457","page","type-page","status-publish","hentry"],"_links":{"self":[{"href":"https:\/\/tempus-agency.com\/en\/wp-json\/wp\/v2\/pages\/2457","targetHints":{"allow":["GET"]}}],"collection":[{"href":"https:\/\/tempus-agency.com\/en\/wp-json\/wp\/v2\/pages"}],"about":[{"href":"https:\/\/tempus-agency.com\/en\/wp-json\/wp\/v2\/types\/page"}],"author":[{"embeddable":true,"href":"https:\/\/tempus-agency.com\/en\/wp-json\/wp\/v2\/users\/1"}],"replies":[{"embeddable":true,"href":"https:\/\/tempus-agency.com\/en\/wp-json\/wp\/v2\/comments?post=2457"}],"version-history":[{"count":7,"href":"https:\/\/tempus-agency.com\/en\/wp-json\/wp\/v2\/pages\/2457\/revisions"}],"predecessor-version":[{"id":3424,"href":"https:\/\/tempus-agency.com\/en\/wp-json\/wp\/v2\/pages\/2457\/revisions\/3424"}],"wp:attachment":[{"href":"https:\/\/tempus-agency.com\/en\/wp-json\/wp\/v2\/media?parent=2457"}],"curies":[{"name":"wp","href":"https:\/\/api.w.org\/{rel}","templated":true}]}}