{"id":2428,"date":"2024-10-10T19:31:34","date_gmt":"2024-10-10T19:31:34","guid":{"rendered":"https:\/\/tempus-agency.com\/?page_id=2428"},"modified":"2024-10-31T14:19:02","modified_gmt":"2024-10-31T14:19:02","slug":"primjeri-kvarova-na-sistemu","status":"publish","type":"page","link":"https:\/\/tempus-agency.com\/en\/primjeri-kvarova-na-sistemu\/","title":{"rendered":"Examples of System Failures"},"content":{"rendered":"<div data-elementor-type=\"wp-page\" data-elementor-id=\"2428\" class=\"elementor elementor-2428\" data-elementor-post-type=\"page\">\n\t\t\t\t<div class=\"elementor-element elementor-element-c1cf8e2 e-con-full e-flex e-con e-child\" data-id=\"c1cf8e2\" data-element_type=\"container\" data-e-type=\"container\">\n\t\t\t\t<div class=\"elementor-element elementor-element-25c5ba3 elementor-widget elementor-widget-heading\" data-id=\"25c5ba3\" data-element_type=\"widget\" data-e-type=\"widget\" data-widget_type=\"heading.default\">\n\t\t\t\t<div class=\"elementor-widget-container\">\n\t\t\t\t\t<h2 class=\"elementor-heading-title elementor-size-default\">Examples of System Failures<\/h2>\t\t\t\t<\/div>\n\t\t\t\t<\/div>\n\t\t\t\t<div class=\"elementor-element elementor-element-b11746a elementor-widget elementor-widget-image\" data-id=\"b11746a\" data-element_type=\"widget\" data-e-type=\"widget\" data-widget_type=\"image.default\">\n\t\t\t\t<div class=\"elementor-widget-container\">\n\t\t\t\t\t\t\t\t\t\t\t\t\t\t\t<img decoding=\"async\" src=\"https:\/\/tempus-agency.com\/wp-content\/uploads\/elementor\/thumbs\/logotempus-1-qg30mifo8bytvrui5kj9nirecr5dip3vurbql9f4ag.png\" title=\"logotempus.png\" alt=\"logotempus.png\" loading=\"lazy\" \/>\t\t\t\t\t\t\t\t\t\t\t\t\t\t\t<\/div>\n\t\t\t\t<\/div>\n\t\t\t\t<\/div>\n\t\t<div class=\"elementor-element elementor-element-5992f8b e-flex e-con-boxed e-con e-parent\" data-id=\"5992f8b\" data-element_type=\"container\" data-e-type=\"container\">\n\t\t\t\t\t<div class=\"e-con-inner\">\n\t\t\t\t<div class=\"elementor-element elementor-element-abe529a elementor-widget elementor-widget-text-editor\" data-id=\"abe529a\" data-element_type=\"widget\" data-e-type=\"widget\" data-widget_type=\"text-editor.default\">\n\t\t\t\t<div class=\"elementor-widget-container\">\n\t\t\t\t\t\t\t\t\t<p><span style=\"color: #ffcf23;\">Examples of Electrical Failures on Ships<\/span>:<\/p><p>The most common failures of electrical equipment on ships can be caused by various factors, including wear and tear, damage, vibrations, moisture, or component malfunction. Here are some common failures and how they are typically resolved:<\/p><p>\u00a0<\/p><ol><li><span style=\"color: #ffcf23;\">Short Circuit<\/span>:<\/li><\/ol><p>\u00a0\u00a0 \u2013 Cause: A short circuit occurs when there is direct contact between two conductors of different potentials, which can lead to excessive current and system damage.<\/p><p>\u00a0\u00a0 \u2013 Solution: The short circuit is resolved by locating and isolating the contact point, repairing the damage, and replacing any damaged components if necessary.<\/p><p>\u00a0<\/p><ol start=\"2\"><li><span style=\"color: #ffcf23;\">Overload<\/span>:<\/li><\/ol><p>\u00a0\u00a0 \u2013 Cause: Overload happens when a device or circuit receives more electrical energy than it can handle, which can result in burned-out components or system failure.<\/p><p>\u00a0\u00a0 \u2013 Solution: Overload is addressed by adjusting the load on the device or circuit, replacing fuses or breakers with appropriate ones, or splitting the load across multiple circuits.<\/p><p>\u00a0<\/p><ol start=\"3\"><li><span style=\"color: #ffcf23;\">Insulation Damage<\/span>:<\/li><\/ol><p>\u00a0\u00a0 \u2013 Cause: Insulation damage can be caused by wear and tear, mechanical damage, or external factors like moisture or corrosion.<\/p><p>\u00a0\u00a0 \u2013 Solution: Damaged parts should be insulated or replaced. Preventive measures, such as avoiding cable exposure to external factors, can help prevent insulation damage.<\/p><p>\u00a0<\/p><ol start=\"4\"><li><span style=\"color: #ffcf23;\">Faulty Connectors<\/span>:<\/li><\/ol><p>\u00a0\u00a0 \u2013 Cause: Faulty connectors can cause poor contact and interruptions in the current, leading to power loss or system downtime.<\/p><p>\u00a0\u00a0 \u2013 Solution: Faulty connectors should be identified and replaced. Regular cleaning of connectors and ensuring a secure contact can help prevent connector-related problems.<\/p><p>\u00a0<\/p><ol start=\"5\"><li><span style=\"color: #ffcf23;\">Burned-Out Components<\/span>:<\/li><\/ol><p>\u00a0\u00a0 \u2013 Cause: Burned-out components may result from overload, short circuits, or inherent defects in the component itself.<\/p><p>\u00a0\u00a0 \u2013 Solution: Burned-out components should be identified and replaced. Analyzing the cause of the burnout can help prevent the issue from recurring.<\/p><p>\u00a0<\/p><p>When dealing with any of these failures on a ship, it is essential to act quickly to prevent potential risks to the ship's safety and functionality. Regular maintenance, inspections, and prompt responses to identified issues are critical for maintaining the operational capability of electrical systems onboard.<\/p>\t\t\t\t\t\t\t\t<\/div>\n\t\t\t\t<\/div>\n\t\t\t\t\t<\/div>\n\t\t\t\t<\/div>\n\t\t<div class=\"elementor-element elementor-element-dc4c66a e-flex e-con-boxed e-con e-parent\" data-id=\"dc4c66a\" data-element_type=\"container\" data-e-type=\"container\">\n\t\t\t\t\t<div class=\"e-con-inner\">\n\t\t\t\t<div class=\"elementor-element elementor-element-48b73ad elementor-align-center elementor-widget elementor-widget-button\" data-id=\"48b73ad\" data-element_type=\"widget\" data-e-type=\"widget\" data-widget_type=\"button.default\">\n\t\t\t\t<div class=\"elementor-widget-container\">\n\t\t\t\t\t\t\t\t\t<div class=\"elementor-button-wrapper\">\n\t\t\t\t\t<a class=\"elementor-button elementor-button-link elementor-size-sm elementor-animation-grow\" href=\"https:\/\/tempus-agency.com\/en\/obuka-elektricar\/\">\n\t\t\t\t\t\t<span class=\"elementor-button-content-wrapper\">\n\t\t\t\t\t\t<span class=\"elementor-button-icon\">\n\t\t\t\t<svg aria-hidden=\"true\" class=\"e-font-icon-svg e-fas-long-arrow-alt-left\" viewbox=\"0 0 448 512\" xmlns=\"http:\/\/www.w3.org\/2000\/svg\"><path d=\"M134.059 296H436c6.627 0 12-5.373 12-12v-56c0-6.627-5.373-12-12-12H134.059v-46.059c0-21.382-25.851-32.09-40.971-16.971L7.029 239.029c-9.373 9.373-9.373 24.569 0 33.941l86.059 86.059c15.119 15.119 40.971 4.411 40.971-16.971V296z\"><\/path><\/svg>\t\t\t<\/span>\n\t\t\t\t\t\t\t\t\t<span class=\"elementor-button-text\">Back<\/span>\n\t\t\t\t\t<\/span>\n\t\t\t\t\t<\/a>\n\t\t\t\t<\/div>\n\t\t\t\t\t\t\t\t<\/div>\n\t\t\t\t<\/div>\n\t\t\t\t\t<\/div>\n\t\t\t\t<\/div>\n\t\t\t\t<\/div>","protected":false},"excerpt":{"rendered":"<p>Primjeri kvarova na sistemu Primjeri elektri\u010dnih kvarova na brodu: Naj\u010de\u0161\u0107i kvarovi elektri\u010dnih ure\u0111aja na brodu mogu biti izazvani razli\u010ditim faktorima, uklju\u010duju\u0107i habanje, o\u0161te\u0107enja, vibracije, vlagu ili neispravnost komponenti. Evo nekoliko naj\u010de\u0161\u0107ih kvarova i kako se obi\u010dno re\u0161avaju: \u00a0 Kratkospoj: \u00a0\u00a0 &#8211; Uzrok: Kratkospoj se doga\u0111a kada do\u0111e do neposrednog kontakta izme\u0111u dva provodnika razli\u010ditog potencijala, [&hellip;]<\/p>\n","protected":false},"author":1,"featured_media":0,"parent":0,"menu_order":0,"comment_status":"closed","ping_status":"closed","template":"elementor_header_footer","meta":{"footnotes":""},"class_list":["post-2428","page","type-page","status-publish","hentry"],"_links":{"self":[{"href":"https:\/\/tempus-agency.com\/en\/wp-json\/wp\/v2\/pages\/2428","targetHints":{"allow":["GET"]}}],"collection":[{"href":"https:\/\/tempus-agency.com\/en\/wp-json\/wp\/v2\/pages"}],"about":[{"href":"https:\/\/tempus-agency.com\/en\/wp-json\/wp\/v2\/types\/page"}],"author":[{"embeddable":true,"href":"https:\/\/tempus-agency.com\/en\/wp-json\/wp\/v2\/users\/1"}],"replies":[{"embeddable":true,"href":"https:\/\/tempus-agency.com\/en\/wp-json\/wp\/v2\/comments?post=2428"}],"version-history":[{"count":7,"href":"https:\/\/tempus-agency.com\/en\/wp-json\/wp\/v2\/pages\/2428\/revisions"}],"predecessor-version":[{"id":3412,"href":"https:\/\/tempus-agency.com\/en\/wp-json\/wp\/v2\/pages\/2428\/revisions\/3412"}],"wp:attachment":[{"href":"https:\/\/tempus-agency.com\/en\/wp-json\/wp\/v2\/media?parent=2428"}],"curies":[{"name":"wp","href":"https:\/\/api.w.org\/{rel}","templated":true}]}}