{"id":2423,"date":"2024-10-10T19:28:00","date_gmt":"2024-10-10T19:28:00","guid":{"rendered":"https:\/\/tempus-agency.com\/?page_id=2423"},"modified":"2024-10-31T14:18:23","modified_gmt":"2024-10-31T14:18:23","slug":"komponente-i-funkcija","status":"publish","type":"page","link":"https:\/\/tempus-agency.com\/en\/komponente-i-funkcija\/","title":{"rendered":"Components and Function"},"content":{"rendered":"<div data-elementor-type=\"wp-page\" data-elementor-id=\"2423\" class=\"elementor elementor-2423\" data-elementor-post-type=\"page\">\n\t\t\t\t<div class=\"elementor-element elementor-element-7dd07da e-con-full e-flex e-con e-child\" data-id=\"7dd07da\" data-element_type=\"container\" data-e-type=\"container\">\n\t\t\t\t<div class=\"elementor-element elementor-element-76c153b elementor-widget elementor-widget-heading\" data-id=\"76c153b\" data-element_type=\"widget\" data-e-type=\"widget\" data-widget_type=\"heading.default\">\n\t\t\t\t<div class=\"elementor-widget-container\">\n\t\t\t\t\t<h2 class=\"elementor-heading-title elementor-size-default\">Components and Function<\/h2>\t\t\t\t<\/div>\n\t\t\t\t<\/div>\n\t\t\t\t<div class=\"elementor-element elementor-element-3921e86 elementor-widget elementor-widget-image\" data-id=\"3921e86\" data-element_type=\"widget\" data-e-type=\"widget\" data-widget_type=\"image.default\">\n\t\t\t\t<div class=\"elementor-widget-container\">\n\t\t\t\t\t\t\t\t\t\t\t\t\t\t\t<img decoding=\"async\" src=\"https:\/\/tempus-agency.com\/wp-content\/uploads\/elementor\/thumbs\/logotempus-1-qg30mifo8bytvrui5kj9nirecr5dip3vurbql9f4ag.png\" title=\"logotempus.png\" alt=\"logotempus.png\" loading=\"lazy\" \/>\t\t\t\t\t\t\t\t\t\t\t\t\t\t\t<\/div>\n\t\t\t\t<\/div>\n\t\t\t\t<\/div>\n\t\t<div class=\"elementor-element elementor-element-d435ad7 e-flex e-con-boxed e-con e-parent\" data-id=\"d435ad7\" data-element_type=\"container\" data-e-type=\"container\">\n\t\t\t\t\t<div class=\"e-con-inner\">\n\t\t\t\t<div class=\"elementor-element elementor-element-8bfc06c elementor-widget elementor-widget-text-editor\" data-id=\"8bfc06c\" data-element_type=\"widget\" data-e-type=\"widget\" data-widget_type=\"text-editor.default\">\n\t\t\t\t<div class=\"elementor-widget-container\">\n\t\t\t\t\t\t\t\t\t<p><span style=\"color: #ffcf23;\">Components of Electrical Systems on Ships<\/span>:<\/p><p>Electrical systems on ships with high voltage include various components that enable the distribution of high-voltage electrical energy throughout the ship. Here are some of the key parts of these systems:<\/p><p>\u00a0<\/p><ol><li><span style=\"color: #ffcf23;\">Main Generators<\/span>: These are devices that generate electrical energy from mechanical energy. Generators are usually powered by diesel engines or gas turbines and serve as the main sources of power for the electrical systems on the ship.<\/li><\/ol><p>\u00a0<\/p><ol start=\"2\"><li><span style=\"color: #ffcf23;\">Transformers<\/span>: Transformers are crucial for regulating voltage in the electrical system. They transform the high voltage generated by the main generators to a voltage level suitable for distributing electrical energy throughout the ship.<\/li><\/ol><p>\u00a0<\/p><ol start=\"3\"><li><span style=\"color: #ffcf23;\">Main Breakers and Fuses<\/span>: These elements are used to control and protect electrical systems from overloads and short circuits. Main breakers allow for the disconnection of power when maintenance is required or in emergency situations.<\/li><\/ol><p>\u00a0<\/p><ol start=\"4\"><li><span style=\"color: #ffcf23;\">Main Distribution Panels<\/span>: Distribution panels are central points where electrical energy is distributed to different parts of the ship. They contain switches, fuses, and voltage control devices that allow precise distribution of electrical energy.<\/li><\/ol><p>\u00a0<\/p><p>\u00a0<\/p><p>These components form the basic infrastructure of electrical systems on ships with high voltage and play a key role in ensuring safe and reliable power supply throughout the ship.<\/p><p>\u00a0<\/p><ol start=\"3\"><li><span style=\"color: #ffcf23;\">Functions of Electrical Systems on Ships:<\/span>:<\/li><\/ol><p>\u00a0\u00a0 \u2013 Propulsion: Electrical systems power the ship\u2019s propulsion systems, enabling its movement through water.<\/p><p>\u00a0\u00a0 \u2013 Navigation and Communication: Electrical systems power navigation equipment such as radars, GPS devices, and radio stations.<\/p><p>\u00a0\u00a0 \u2013 Climate Control and Lighting: Electrical systems enable climate control and lighting on the ship, improving the comfort of crew and passengers.<\/p><p>\u00a0\u00a0 \u2013 Safety: Electrical systems power safety devices such as fire detectors, alarm systems, and firefighting systems.<\/p><p>Electrical networks on ships are complex systems that enable the distribution of electrical energy to different parts of the ship. These networks provide power to various electrical devices, from basic navigation equipment to critical safety systems.<\/p>\t\t\t\t\t\t\t\t<\/div>\n\t\t\t\t<\/div>\n\t\t\t\t\t<\/div>\n\t\t\t\t<\/div>\n\t\t<div class=\"elementor-element elementor-element-56834fd e-flex e-con-boxed e-con e-parent\" data-id=\"56834fd\" data-element_type=\"container\" data-e-type=\"container\">\n\t\t\t\t\t<div class=\"e-con-inner\">\n\t\t\t\t<div class=\"elementor-element elementor-element-3863583 elementor-align-center elementor-widget elementor-widget-button\" data-id=\"3863583\" data-element_type=\"widget\" data-e-type=\"widget\" data-widget_type=\"button.default\">\n\t\t\t\t<div class=\"elementor-widget-container\">\n\t\t\t\t\t\t\t\t\t<div class=\"elementor-button-wrapper\">\n\t\t\t\t\t<a class=\"elementor-button elementor-button-link elementor-size-sm elementor-animation-grow\" href=\"https:\/\/tempus-agency.com\/en\/obuka-elektricar\/\">\n\t\t\t\t\t\t<span class=\"elementor-button-content-wrapper\">\n\t\t\t\t\t\t<span class=\"elementor-button-icon\">\n\t\t\t\t<svg aria-hidden=\"true\" class=\"e-font-icon-svg e-fas-long-arrow-alt-left\" viewbox=\"0 0 448 512\" xmlns=\"http:\/\/www.w3.org\/2000\/svg\"><path d=\"M134.059 296H436c6.627 0 12-5.373 12-12v-56c0-6.627-5.373-12-12-12H134.059v-46.059c0-21.382-25.851-32.09-40.971-16.971L7.029 239.029c-9.373 9.373-9.373 24.569 0 33.941l86.059 86.059c15.119 15.119 40.971 4.411 40.971-16.971V296z\"><\/path><\/svg>\t\t\t<\/span>\n\t\t\t\t\t\t\t\t\t<span class=\"elementor-button-text\">Back<\/span>\n\t\t\t\t\t<\/span>\n\t\t\t\t\t<\/a>\n\t\t\t\t<\/div>\n\t\t\t\t\t\t\t\t<\/div>\n\t\t\t\t<\/div>\n\t\t\t\t\t<\/div>\n\t\t\t\t<\/div>\n\t\t\t\t<\/div>","protected":false},"excerpt":{"rendered":"<p>Komponente i funkcija Komponente elektri\u010dnih sistema na brodu: Elektri\u010dni sistemi na brodovima s visokim naponom obuhvataju razli\u010dite komponente koje omogu\u0107avaju distribuciju elektri\u010dne energije visokog napona du\u017e broda. Evo nekih od klju\u010dnih dijelova ovih sistema: \u00a0 Glavni generatori: Ovo su ure\u0111aji koji proizvode elektri\u010dnu energiju iz mehani\u010dke energije. Generatori se obi\u010dno pokre\u0107u dizel motorima ili gasnim [&hellip;]<\/p>\n","protected":false},"author":1,"featured_media":0,"parent":0,"menu_order":0,"comment_status":"closed","ping_status":"closed","template":"elementor_header_footer","meta":{"footnotes":""},"class_list":["post-2423","page","type-page","status-publish","hentry"],"_links":{"self":[{"href":"https:\/\/tempus-agency.com\/en\/wp-json\/wp\/v2\/pages\/2423","targetHints":{"allow":["GET"]}}],"collection":[{"href":"https:\/\/tempus-agency.com\/en\/wp-json\/wp\/v2\/pages"}],"about":[{"href":"https:\/\/tempus-agency.com\/en\/wp-json\/wp\/v2\/types\/page"}],"author":[{"embeddable":true,"href":"https:\/\/tempus-agency.com\/en\/wp-json\/wp\/v2\/users\/1"}],"replies":[{"embeddable":true,"href":"https:\/\/tempus-agency.com\/en\/wp-json\/wp\/v2\/comments?post=2423"}],"version-history":[{"count":7,"href":"https:\/\/tempus-agency.com\/en\/wp-json\/wp\/v2\/pages\/2423\/revisions"}],"predecessor-version":[{"id":3409,"href":"https:\/\/tempus-agency.com\/en\/wp-json\/wp\/v2\/pages\/2423\/revisions\/3409"}],"wp:attachment":[{"href":"https:\/\/tempus-agency.com\/en\/wp-json\/wp\/v2\/media?parent=2423"}],"curies":[{"name":"wp","href":"https:\/\/api.w.org\/{rel}","templated":true}]}}