{"id":2327,"date":"2024-10-09T17:32:28","date_gmt":"2024-10-09T17:32:28","guid":{"rendered":"https:\/\/tempus-agency.com\/?page_id=2327"},"modified":"2024-10-31T13:48:51","modified_gmt":"2024-10-31T13:48:51","slug":"rijecnik-englesko-crnogorski","status":"publish","type":"page","link":"https:\/\/tempus-agency.com\/en\/rijecnik-englesko-crnogorski\/","title":{"rendered":"English-Montenegrin Dictionary"},"content":{"rendered":"<div data-elementor-type=\"wp-page\" data-elementor-id=\"2327\" class=\"elementor elementor-2327\" data-elementor-post-type=\"page\">\n\t\t\t\t<div class=\"elementor-element elementor-element-8561d3a e-con-full e-flex e-con e-child\" data-id=\"8561d3a\" data-element_type=\"container\" data-e-type=\"container\">\n\t\t\t\t<div class=\"elementor-element elementor-element-a10577f elementor-widget elementor-widget-heading\" data-id=\"a10577f\" data-element_type=\"widget\" data-e-type=\"widget\" data-widget_type=\"heading.default\">\n\t\t\t\t<div class=\"elementor-widget-container\">\n\t\t\t\t\t<h2 class=\"elementor-heading-title elementor-size-default\">English-Montenegrin Dictionary<\/h2>\t\t\t\t<\/div>\n\t\t\t\t<\/div>\n\t\t\t\t<div class=\"elementor-element elementor-element-7e2966b elementor-widget elementor-widget-image\" data-id=\"7e2966b\" data-element_type=\"widget\" data-e-type=\"widget\" data-widget_type=\"image.default\">\n\t\t\t\t<div class=\"elementor-widget-container\">\n\t\t\t\t\t\t\t\t\t\t\t\t\t\t\t<img decoding=\"async\" src=\"https:\/\/tempus-agency.com\/wp-content\/uploads\/elementor\/thumbs\/logotempus-1-qg30mifo8bytvrui5kj9nirecr5dip3vurbql9f4ag.png\" title=\"logotempus.png\" alt=\"logotempus.png\" loading=\"lazy\" \/>\t\t\t\t\t\t\t\t\t\t\t\t\t\t\t<\/div>\n\t\t\t\t<\/div>\n\t\t\t\t<\/div>\n\t\t<div class=\"elementor-element elementor-element-c7ff418 e-flex e-con-boxed e-con e-parent\" data-id=\"c7ff418\" data-element_type=\"container\" data-e-type=\"container\">\n\t\t\t\t\t<div class=\"e-con-inner\">\n\t\t\t\t<div class=\"elementor-element elementor-element-af651d1 elementor-widget elementor-widget-heading\" data-id=\"af651d1\" data-element_type=\"widget\" data-e-type=\"widget\" data-widget_type=\"heading.default\">\n\t\t\t\t<div class=\"elementor-widget-container\">\n\t\t\t\t\t<h2 class=\"elementor-heading-title elementor-size-default\">Deck Department<\/h2>\t\t\t\t<\/div>\n\t\t\t\t<\/div>\n\t\t\t\t<div class=\"elementor-element elementor-element-412b6df elementor-widget elementor-widget-text-editor\" data-id=\"412b6df\" data-element_type=\"widget\" data-e-type=\"widget\" data-widget_type=\"text-editor.default\">\n\t\t\t\t<div class=\"elementor-widget-container\">\n\t\t\t\t\t\t\t\t\t<ol><li><span style=\"color: #ffcf23;\"><strong>Accommodation Ladder<\/strong><\/span> &#8211; Pokretne stepenice<\/li><li><span style=\"color: #ffcf23;\"><strong>Aft Peak Tank<\/strong><\/span> &#8211; Krmeni vr\u0161ni tank<\/li><li><span style=\"color: #ffcf23;\"><strong>Anchor Chain<\/strong><\/span> &#8211; Sidreni lanac<\/li><li><span style=\"color: #ffcf23;\"><strong>Ballast Water<\/strong><\/span> &#8211; Balastna voda<\/li><li><span style=\"color: #ffcf23;\"><strong>Barge<\/strong> <\/span>&#8211; Teglenica<\/li><li><span style=\"color: #ffcf23;\"><strong>Batten Down<\/strong><\/span> &#8211; Zaklju\u010dati palubu<\/li><li><span style=\"color: #ffcf23;\"><strong>Bosun<\/strong><\/span> &#8211; \u010casnik palube (Bosan)<\/li><li><span style=\"color: #ffcf23;\"><strong>Bulbous Bow<\/strong><\/span> &#8211; Luk s bulbusom<\/li><li><span style=\"color: #ffcf23;\"><strong>Cargo Hold<\/strong><\/span> &#8211; Skladi\u0161te tereta<\/li><li><span style=\"color: #ffcf23;\"><strong>Chart Table<\/strong><\/span> &#8211; Stol za karte<\/li><li><span style=\"color: #ffcf23;\"><strong>Cleat<\/strong> <\/span>&#8211; U\u017ee za privezivanje<\/li><li><span style=\"color: #ffcf23;\"><strong>Davits<\/strong> <\/span>&#8211; Dizalice za \u010damce<\/li><li><span style=\"color: #ffcf23;\"><strong>Deadweight<\/strong> <\/span>&#8211; Mrtva te\u017eina<\/li><li><span style=\"color: #ffcf23;\"><strong>Deck Cargo<\/strong><\/span>&#8211; Teret na palubi<\/li><li><span style=\"color: #ffcf23;\"><strong>Deck Crane<\/strong><\/span> &#8211; Palubna dizalica<\/li><li><span style=\"color: #ffcf23;\"><strong>Displacement<\/strong> <\/span>&#8211; Istisnina<\/li><li><span style=\"color: #ffcf23;\"><strong>Double Bottom<\/strong><\/span> &#8211; Dvostruko dno<\/li><li><span style=\"color: #ffcf23;\"><strong>Draft<\/strong> <\/span>&#8211; Gaz<\/li><li><span style=\"color: #ffcf23;\"><strong>Dunnage<\/strong> <\/span>&#8211; Ogradni materijal<\/li><li><span style=\"color: #ffcf23;\"><strong>Fathom<\/strong> <\/span>&#8211; Fatom (jedinica za dubinu)<\/li><li><span style=\"color: #ffcf23;\"><strong>Fore Peak Tank<\/strong><\/span> &#8211; Provr\u0161ni tank<\/li><li><span style=\"color: #ffcf23;\"><strong>Forward<\/strong> <\/span>&#8211; Pram\u010dani<\/li><li><span style=\"color: #ffcf23;\"><strong>Freeboard<\/strong> <\/span>&#8211; Slobodna visina<\/li><li><span style=\"color: #ffcf23;\"><strong>Gantry<\/strong> <\/span>&#8211; Portalni okvir<\/li><li><span style=\"color: #ffcf23;\"><strong>Hawsepipe<\/strong> <\/span>&#8211; Prolaz za sidreni lanac<\/li><li><span style=\"color: #ffcf23;\"><strong>Helm<\/strong> <\/span>&#8211; Kormilo<\/li><li><span style=\"color: #ffcf23;\"><strong>Hull<\/strong> <\/span>&#8211; Trup broda<\/li><li><span style=\"color: #ffcf23;\"><strong>Jib<\/strong> <\/span>&#8211; Pomo\u0107no jedro<\/li><li><span style=\"color: #ffcf23;\"><strong>Kedge<\/strong> <\/span>&#8211; Manje sidro<\/li><li><span style=\"color: #ffcf23;\"><strong>Manifold<\/strong> <\/span>&#8211; Razvodnik<\/li><li><span style=\"color: #ffcf23;\"><strong>Latitude<\/strong> <\/span>&#8211; Geografska \u0161irina<\/li><li><span style=\"color: #ffcf23;\"><strong>Longitude<\/strong> <\/span>&#8211; Geografska du\u017eina<\/li><li><span style=\"color: #ffcf23;\"><strong>Lifebuoy<\/strong> <\/span>&#8211; Bova za spa\u0161avanje<\/li><li><span style=\"color: #ffcf23;\"><strong>Liferaft<\/strong> <\/span>&#8211; Splav za spa\u0161avanje<\/li><li><span style=\"color: #ffcf23;\"><strong>Line<\/strong> <\/span>&#8211; Konop<\/li><li><span style=\"color: #ffcf23;\"><strong>Mast<\/strong> <\/span>&#8211; Jarbol<\/li><li><span style=\"color: #ffcf23;\"><strong>Mooring<\/strong> <\/span>&#8211; Privezivanje<\/li><li><span style=\"color: #ffcf23;\"><strong>Nautical<\/strong> <strong>Mile<\/strong><\/span> &#8211; Nauti\u010dka milja<\/li><li><span style=\"color: #ffcf23;\"><strong>Navigation<\/strong> <\/span>&#8211; Navigacija<\/li><li><span style=\"color: #ffcf23;\"><strong>Port<\/strong> <\/span>&#8211; Luka<\/li><li><span style=\"color: #ffcf23;\"><strong>Portside<\/strong> <\/span>&#8211; Lijeva strana broda<\/li><li><span style=\"color: #ffcf23;\"><strong>Propeller<\/strong> <\/span>&#8211; Propeler<\/li><li><span style=\"color: #ffcf23;\"><strong>Radar<\/strong> <\/span>&#8211; Radar<\/li><li><span style=\"color: #ffcf23;\"><strong>Rudder<\/strong> <\/span>&#8211; Kormilo<\/li><li><span style=\"color: #ffcf23;\"><strong>Sextant<\/strong> <\/span>&#8211; Sekstant<\/li><li><span style=\"color: #ffcf23;\"><strong>Stern<\/strong> <\/span>&#8211; Krma<\/li><li><span style=\"color: #ffcf23;\"><strong>Starboard<\/strong> <\/span>&#8211; Desna strana broda<\/li><li><span style=\"color: #ffcf23;\"><strong>Tide<\/strong> <\/span>&#8211; Plima i osijeka<\/li><li><span style=\"color: #ffcf23;\"><strong>Transom<\/strong> <\/span>&#8211; Popre\u010dni dio krme<\/li><li><span style=\"color: #ffcf23;\"><strong>Vessel<\/strong> <\/span>&#8211; Plovilo<\/li><li><span style=\"color: #ffcf23;\"><strong>Voyage<\/strong> <\/span>&#8211; Putovanje<\/li><li><span style=\"color: #ffcf23;\"><strong>Windlass<\/strong> <\/span>&#8211; Vitlo za sidro<\/li><li><span style=\"color: #ffcf23;\"><strong>Winch<\/strong> <\/span>&#8211; Vitlo<\/li><li><span style=\"color: #ffcf23;\"><strong>Anchor<\/strong> <\/span>&#8211; Sidro<\/li><li><span style=\"color: #ffcf23;\"><strong>Bridge<\/strong> <\/span>&#8211; Most (komandni most)<\/li><li><span style=\"color: #ffcf23;\"><strong>Buoy<\/strong> <\/span>&#8211; Bova<\/li><li><span style=\"color: #ffcf23;\"><strong>Deckhouse<\/strong> <\/span>&#8211; Nadgra\u0111e na palubi<\/li><li><span style=\"color: #ffcf23;\"><strong>Draft Marks<\/strong> <\/span>&#8211; Oznake gaza<\/li><li><span style=\"color: #ffcf23;\"><strong>Fairlead<\/strong> <\/span>&#8211; Vodilica za konop<\/li><li><span style=\"color: #ffcf23;\"><strong>Gangplank<\/strong> <\/span>&#8211; Ukrcajna daska<\/li><li><span style=\"color: #ffcf23;\"><strong>Gantry<\/strong> <strong>Crane<\/strong><\/span> &#8211; Portalna dizalica<\/li><li><span style=\"color: #ffcf23;\"><strong>Handrail<\/strong> <\/span>&#8211; Ogradna \u0161ipka<\/li><li><span style=\"color: #ffcf23;\"><strong>Jackstay<\/strong> <\/span>&#8211; Sidrena uzica<\/li><li><span style=\"color: #ffcf23;\"><strong>Jettison<\/strong> <\/span>&#8211; Izbacivanje tereta<\/li><li><span style=\"color: #ffcf23;\"><strong>Lifejacket<\/strong> <\/span>&#8211; Prsluk za spa\u0161avanje<\/li><li><span style=\"color: #ffcf23;\"><strong>Pilot<\/strong> <\/span>&#8211; Pilot<\/li><li><span style=\"color: #ffcf23;\"><strong>Quarterdeck<\/strong> <\/span>&#8211; Po\u010dasna paluba<\/li><li><span style=\"color: #ffcf23;\"><strong>Ship&#8217;s Log<\/strong><\/span> &#8211; Brodski dnevnik<\/li><li><span style=\"color: #ffcf23;\"><strong>Sounding<\/strong> <strong>Line<\/strong><\/span> &#8211; Linija za mjerenje dubine<\/li><li><span style=\"color: #ffcf23;\"><strong>Spinnaker<\/strong> <\/span>&#8211; Veliko jedro<\/li><li><span style=\"color: #ffcf23;\"><strong>Superstructure<\/strong> <\/span>&#8211; Nadgra\u0111e<\/li><li><span style=\"color: #ffcf23;\"><strong>Tugboat<\/strong> <\/span>&#8211; Remorker<\/li><li><span style=\"color: #ffcf23;\"><strong>Watertight<\/strong> <strong>Door<\/strong><\/span> &#8211; Vodonepropusna vrata<\/li><li><span style=\"color: #ffcf23;\"><strong>Wheelhouse<\/strong> <\/span>&#8211; Kormilarnica<\/li><\/ol>\t\t\t\t\t\t\t\t<\/div>\n\t\t\t\t<\/div>\n\t\t\t\t\t<\/div>\n\t\t\t\t<\/div>\n\t\t<div class=\"elementor-element elementor-element-bbce0ee e-flex e-con-boxed e-con e-parent\" data-id=\"bbce0ee\" data-element_type=\"container\" data-e-type=\"container\">\n\t\t\t\t\t<div class=\"e-con-inner\">\n\t\t\t\t<div class=\"elementor-element elementor-element-b2fed63 elementor-align-center elementor-widget elementor-widget-button\" data-id=\"b2fed63\" data-element_type=\"widget\" data-e-type=\"widget\" data-widget_type=\"button.default\">\n\t\t\t\t<div class=\"elementor-widget-container\">\n\t\t\t\t\t\t\t\t\t<div class=\"elementor-button-wrapper\">\n\t\t\t\t\t<a class=\"elementor-button elementor-button-link elementor-size-sm elementor-animation-grow\" href=\"https:\/\/tempus-agency.com\/en\/obuka-paluba\/\">\n\t\t\t\t\t\t<span class=\"elementor-button-content-wrapper\">\n\t\t\t\t\t\t<span class=\"elementor-button-icon\">\n\t\t\t\t<svg aria-hidden=\"true\" class=\"e-font-icon-svg e-fas-long-arrow-alt-left\" viewbox=\"0 0 448 512\" xmlns=\"http:\/\/www.w3.org\/2000\/svg\"><path d=\"M134.059 296H436c6.627 0 12-5.373 12-12v-56c0-6.627-5.373-12-12-12H134.059v-46.059c0-21.382-25.851-32.09-40.971-16.971L7.029 239.029c-9.373 9.373-9.373 24.569 0 33.941l86.059 86.059c15.119 15.119 40.971 4.411 40.971-16.971V296z\"><\/path><\/svg>\t\t\t<\/span>\n\t\t\t\t\t\t\t\t\t<span class=\"elementor-button-text\">Back<\/span>\n\t\t\t\t\t<\/span>\n\t\t\t\t\t<\/a>\n\t\t\t\t<\/div>\n\t\t\t\t\t\t\t\t<\/div>\n\t\t\t\t<\/div>\n\t\t\t\t\t<\/div>\n\t\t\t\t<\/div>\n\t\t\t\t<\/div>","protected":false},"excerpt":{"rendered":"<p>Rije\u010dnik Englesko-Crnogorski Deck Department Accommodation Ladder &#8211; Pokretne stepenice Aft Peak Tank &#8211; Krmeni vr\u0161ni tank Anchor Chain &#8211; Sidreni lanac Ballast Water &#8211; Balastna voda Barge &#8211; Teglenica Batten Down &#8211; Zaklju\u010dati palubu Bosun &#8211; \u010casnik palube (Bosan) Bulbous Bow &#8211; Luk s bulbusom Cargo Hold &#8211; Skladi\u0161te tereta Chart Table &#8211; Stol za [&hellip;]<\/p>\n","protected":false},"author":1,"featured_media":0,"parent":0,"menu_order":0,"comment_status":"closed","ping_status":"closed","template":"elementor_header_footer","meta":{"footnotes":""},"class_list":["post-2327","page","type-page","status-publish","hentry"],"_links":{"self":[{"href":"https:\/\/tempus-agency.com\/en\/wp-json\/wp\/v2\/pages\/2327","targetHints":{"allow":["GET"]}}],"collection":[{"href":"https:\/\/tempus-agency.com\/en\/wp-json\/wp\/v2\/pages"}],"about":[{"href":"https:\/\/tempus-agency.com\/en\/wp-json\/wp\/v2\/types\/page"}],"author":[{"embeddable":true,"href":"https:\/\/tempus-agency.com\/en\/wp-json\/wp\/v2\/users\/1"}],"replies":[{"embeddable":true,"href":"https:\/\/tempus-agency.com\/en\/wp-json\/wp\/v2\/comments?post=2327"}],"version-history":[{"count":13,"href":"https:\/\/tempus-agency.com\/en\/wp-json\/wp\/v2\/pages\/2327\/revisions"}],"predecessor-version":[{"id":3367,"href":"https:\/\/tempus-agency.com\/en\/wp-json\/wp\/v2\/pages\/2327\/revisions\/3367"}],"wp:attachment":[{"href":"https:\/\/tempus-agency.com\/en\/wp-json\/wp\/v2\/media?parent=2327"}],"curies":[{"name":"wp","href":"https:\/\/api.w.org\/{rel}","templated":true}]}}