{"id":2286,"date":"2024-10-09T16:19:53","date_gmt":"2024-10-09T16:19:53","guid":{"rendered":"https:\/\/tempus-agency.com\/?page_id=2286"},"modified":"2025-01-15T22:04:13","modified_gmt":"2025-01-15T22:04:13","slug":"karijera","status":"publish","type":"page","link":"https:\/\/tempus-agency.com\/en\/karijera\/","title":{"rendered":"Carrer"},"content":{"rendered":"<div data-elementor-type=\"wp-page\" data-elementor-id=\"2286\" class=\"elementor elementor-2286\" data-elementor-post-type=\"page\">\n\t\t\t\t<div class=\"elementor-element elementor-element-cc6d58b e-flex e-con-boxed e-con e-parent\" data-id=\"cc6d58b\" data-element_type=\"container\" data-e-type=\"container\">\n\t\t\t\t\t<div class=\"e-con-inner\">\n\t\t<div class=\"elementor-element elementor-element-d041940 e-con-full e-flex e-con e-child\" data-id=\"d041940\" data-element_type=\"container\" data-e-type=\"container\" data-settings=\"{&quot;background_background&quot;:&quot;classic&quot;}\">\n\t\t\t\t<div class=\"elementor-element elementor-element-c934787 elementor-widget elementor-widget-heading\" data-id=\"c934787\" data-element_type=\"widget\" data-e-type=\"widget\" data-widget_type=\"heading.default\">\n\t\t\t\t<div class=\"elementor-widget-container\">\n\t\t\t\t\t<h2 class=\"elementor-heading-title elementor-size-default\">Guide<\/h2>\t\t\t\t<\/div>\n\t\t\t\t<\/div>\n\t\t\t\t<div class=\"elementor-element elementor-element-065abfb elementor-widget elementor-widget-heading\" data-id=\"065abfb\" data-element_type=\"widget\" data-e-type=\"widget\" data-widget_type=\"heading.default\">\n\t\t\t\t<div class=\"elementor-widget-container\">\n\t\t\t\t\t<h2 class=\"elementor-heading-title elementor-size-default\">Career<\/h2>\t\t\t\t<\/div>\n\t\t\t\t<\/div>\n\t\t\t\t<\/div>\n\t\t\t\t\t<\/div>\n\t\t\t\t<\/div>\n\t\t<div class=\"elementor-element elementor-element-2fba2fb e-flex e-con-boxed e-con e-parent\" data-id=\"2fba2fb\" data-element_type=\"container\" data-e-type=\"container\">\n\t\t\t\t\t<div class=\"e-con-inner\">\n\t\t\t\t<div class=\"elementor-element elementor-element-7552c08 elementor-widget elementor-widget-text-editor\" data-id=\"7552c08\" data-element_type=\"widget\" data-e-type=\"widget\" data-widget_type=\"text-editor.default\">\n\t\t\t\t<div class=\"elementor-widget-container\">\n\t\t\t\t\t\t\t\t\t<p style=\"text-align: center;\">The Career Guide is here to prepare you for your journey on board and provide you with all the necessary information for a successful start. Whether you are just beginning as a cadet or already have experience, this guide will navigate you through the key aspects of a career at sea.<br \/><br \/>Onboard, you will have the opportunity to work in a dynamic and challenging environment, where teamwork, responsibility, and quick decision-making are expected. We will help you understand how life on board operates, what to expect in terms of working conditions, internet access, meals, and accommodation.<br \/><br \/>Here, you will also learn which certificates and authorizations are required, such as STCW certificates, and how to obtain them. This guide provides an overview of various onboard positions, advancement opportunities, and average salaries, as well as tips on how to best prepare for this unique career path. Your success on board begins with good preparation, and this guide is your first step toward achieving it!<\/p>\t\t\t\t\t\t\t\t<\/div>\n\t\t\t\t<\/div>\n\t\t\t\t\t<\/div>\n\t\t\t\t<\/div>\n\t\t<div class=\"elementor-element elementor-element-bbced03 e-flex e-con-boxed e-con e-parent\" data-id=\"bbced03\" data-element_type=\"container\" data-e-type=\"container\">\n\t\t\t\t\t<div class=\"e-con-inner\">\n\t\t<div class=\"elementor-element elementor-element-7e24fcc e-con-full e-flex e-con e-child\" data-id=\"7e24fcc\" data-element_type=\"container\" data-e-type=\"container\" data-settings=\"{&quot;background_background&quot;:&quot;classic&quot;}\">\n\t\t\t\t<div class=\"elementor-element elementor-element-fb33f5a elementor-align-justify elementor-widget elementor-widget-button\" data-id=\"fb33f5a\" data-element_type=\"widget\" data-e-type=\"widget\" data-widget_type=\"button.default\">\n\t\t\t\t<div class=\"elementor-widget-container\">\n\t\t\t\t\t\t\t\t\t<div class=\"elementor-button-wrapper\">\n\t\t\t\t\t<a class=\"elementor-button elementor-button-link elementor-size-sm\" href=\"https:\/\/tempus-agency.com\/en\/interview\/\">\n\t\t\t\t\t\t<span class=\"elementor-button-content-wrapper\">\n\t\t\t\t\t\t\t\t\t<span class=\"elementor-button-text\">Interview<\/span>\n\t\t\t\t\t<\/span>\n\t\t\t\t\t<\/a>\n\t\t\t\t<\/div>\n\t\t\t\t\t\t\t\t<\/div>\n\t\t\t\t<\/div>\n\t\t\t\t<div class=\"elementor-element elementor-element-283295b elementor-align-justify elementor-widget elementor-widget-button\" data-id=\"283295b\" data-element_type=\"widget\" data-e-type=\"widget\" data-widget_type=\"button.default\">\n\t\t\t\t<div class=\"elementor-widget-container\">\n\t\t\t\t\t\t\t\t\t<div class=\"elementor-button-wrapper\">\n\t\t\t\t\t<a class=\"elementor-button elementor-button-link elementor-size-sm\" href=\"https:\/\/tempus-agency.com\/en\/tehnologija-na-brodu\/\">\n\t\t\t\t\t\t<span class=\"elementor-button-content-wrapper\">\n\t\t\t\t\t\t\t\t\t<span class=\"elementor-button-text\">Technology on board<\/span>\n\t\t\t\t\t<\/span>\n\t\t\t\t\t<\/a>\n\t\t\t\t<\/div>\n\t\t\t\t\t\t\t\t<\/div>\n\t\t\t\t<\/div>\n\t\t\t\t<div class=\"elementor-element elementor-element-97780f9 elementor-align-justify elementor-widget elementor-widget-button\" data-id=\"97780f9\" data-element_type=\"widget\" data-e-type=\"widget\" data-widget_type=\"button.default\">\n\t\t\t\t<div class=\"elementor-widget-container\">\n\t\t\t\t\t\t\t\t\t<div class=\"elementor-button-wrapper\">\n\t\t\t\t\t<a class=\"elementor-button elementor-button-link elementor-size-sm\" href=\"https:\/\/tempus-agency.com\/en\/novac-na-brodu\/\">\n\t\t\t\t\t\t<span class=\"elementor-button-content-wrapper\">\n\t\t\t\t\t\t\t\t\t<span class=\"elementor-button-text\">Money on ship<\/span>\n\t\t\t\t\t<\/span>\n\t\t\t\t\t<\/a>\n\t\t\t\t<\/div>\n\t\t\t\t\t\t\t\t<\/div>\n\t\t\t\t<\/div>\n\t\t\t\t<div class=\"elementor-element elementor-element-6e1c96a elementor-align-justify elementor-widget elementor-widget-button\" data-id=\"6e1c96a\" data-element_type=\"widget\" data-e-type=\"widget\" data-widget_type=\"button.default\">\n\t\t\t\t<div class=\"elementor-widget-container\">\n\t\t\t\t\t\t\t\t\t<div class=\"elementor-button-wrapper\">\n\t\t\t\t\t<a class=\"elementor-button elementor-button-link elementor-size-sm\" href=\"https:\/\/tempus-agency.com\/en\/stvari-za-brod-kruzer\/\">\n\t\t\t\t\t\t<span class=\"elementor-button-content-wrapper\">\n\t\t\t\t\t\t\t\t\t<span class=\"elementor-button-text\">Packing list<\/span>\n\t\t\t\t\t<\/span>\n\t\t\t\t\t<\/a>\n\t\t\t\t<\/div>\n\t\t\t\t\t\t\t\t<\/div>\n\t\t\t\t<\/div>\n\t\t\t\t<div class=\"elementor-element elementor-element-74ab287 elementor-align-justify elementor-widget elementor-widget-button\" data-id=\"74ab287\" data-element_type=\"widget\" data-e-type=\"widget\" data-widget_type=\"button.default\">\n\t\t\t\t<div class=\"elementor-widget-container\">\n\t\t\t\t\t\t\t\t\t<div class=\"elementor-button-wrapper\">\n\t\t\t\t\t<a class=\"elementor-button elementor-button-link elementor-size-sm\" href=\"https:\/\/tempus-agency.com\/en\/pravila-za-cimere\/\">\n\t\t\t\t\t\t<span class=\"elementor-button-content-wrapper\">\n\t\t\t\t\t\t\t\t\t<span class=\"elementor-button-text\">Roomate guidelines<\/span>\n\t\t\t\t\t<\/span>\n\t\t\t\t\t<\/a>\n\t\t\t\t<\/div>\n\t\t\t\t\t\t\t\t<\/div>\n\t\t\t\t<\/div>\n\t\t\t\t<div class=\"elementor-element elementor-element-c2a3d70 elementor-align-justify elementor-widget elementor-widget-button\" data-id=\"c2a3d70\" data-element_type=\"widget\" data-e-type=\"widget\" data-widget_type=\"button.default\">\n\t\t\t\t<div class=\"elementor-widget-container\">\n\t\t\t\t\t\t\t\t\t<div class=\"elementor-button-wrapper\">\n\t\t\t\t\t<a class=\"elementor-button elementor-button-link elementor-size-sm\" href=\"https:\/\/tempus-agency.com\/en\/osnove-na-brodu\/\">\n\t\t\t\t\t\t<span class=\"elementor-button-content-wrapper\">\n\t\t\t\t\t\t\t\t\t<span class=\"elementor-button-text\">The onboard basics<\/span>\n\t\t\t\t\t<\/span>\n\t\t\t\t\t<\/a>\n\t\t\t\t<\/div>\n\t\t\t\t\t\t\t\t<\/div>\n\t\t\t\t<\/div>\n\t\t\t\t<div class=\"elementor-element elementor-element-558b44f elementor-align-justify elementor-widget elementor-widget-button\" data-id=\"558b44f\" data-element_type=\"widget\" data-e-type=\"widget\" data-widget_type=\"button.default\">\n\t\t\t\t<div class=\"elementor-widget-container\">\n\t\t\t\t\t\t\t\t\t<div class=\"elementor-button-wrapper\">\n\t\t\t\t\t<a class=\"elementor-button elementor-button-link elementor-size-sm\" href=\"https:\/\/tempus-agency.com\/en\/neizgovorena-pravila\/\">\n\t\t\t\t\t\t<span class=\"elementor-button-content-wrapper\">\n\t\t\t\t\t\t\t\t\t<span class=\"elementor-button-text\">Unspoken rules on cruises<\/span>\n\t\t\t\t\t<\/span>\n\t\t\t\t\t<\/a>\n\t\t\t\t<\/div>\n\t\t\t\t\t\t\t\t<\/div>\n\t\t\t\t<\/div>\n\t\t\t\t<\/div>\n\t\t\t\t\t<\/div>\n\t\t\t\t<\/div>\n\t\t\t\t<\/div>","protected":false},"excerpt":{"rendered":"<p>Kroz Karijeru Vodi\u010d Vodi\u010d kroz karijeru je tu da vas pripremi za va\u0161e putovanje na brodu i pru\u017ei vam sve potrebne informacije za uspe\u0161an po\u010detak. Bilo da ste tek na po\u010detku kao kadet ili ve\u0107 imate iskustva, ovaj vodi\u010d \u0107e vas usmjeriti kroz klju\u010dne aspekte karijere na moru. Na brodu \u0107ete imati priliku da radite [&hellip;]<\/p>\n","protected":false},"author":1,"featured_media":0,"parent":0,"menu_order":0,"comment_status":"closed","ping_status":"closed","template":"elementor_header_footer","meta":{"footnotes":""},"class_list":["post-2286","page","type-page","status-publish","hentry"],"_links":{"self":[{"href":"https:\/\/tempus-agency.com\/en\/wp-json\/wp\/v2\/pages\/2286","targetHints":{"allow":["GET"]}}],"collection":[{"href":"https:\/\/tempus-agency.com\/en\/wp-json\/wp\/v2\/pages"}],"about":[{"href":"https:\/\/tempus-agency.com\/en\/wp-json\/wp\/v2\/types\/page"}],"author":[{"embeddable":true,"href":"https:\/\/tempus-agency.com\/en\/wp-json\/wp\/v2\/users\/1"}],"replies":[{"embeddable":true,"href":"https:\/\/tempus-agency.com\/en\/wp-json\/wp\/v2\/comments?post=2286"}],"version-history":[{"count":52,"href":"https:\/\/tempus-agency.com\/en\/wp-json\/wp\/v2\/pages\/2286\/revisions"}],"predecessor-version":[{"id":4763,"href":"https:\/\/tempus-agency.com\/en\/wp-json\/wp\/v2\/pages\/2286\/revisions\/4763"}],"wp:attachment":[{"href":"https:\/\/tempus-agency.com\/en\/wp-json\/wp\/v2\/media?parent=2286"}],"curies":[{"name":"wp","href":"https:\/\/api.w.org\/{rel}","templated":true}]}}