{"id":2024,"date":"2024-03-28T17:01:38","date_gmt":"2024-03-28T17:01:38","guid":{"rendered":"https:\/\/tempus-agency.com\/?page_id=2024"},"modified":"2024-03-29T20:09:29","modified_gmt":"2024-03-29T20:09:29","slug":"nikola-popovic","status":"publish","type":"page","link":"https:\/\/tempus-agency.com\/en\/nikola-popovic\/","title":{"rendered":"Nikola Popovi\u0107"},"content":{"rendered":"\t\t<div data-elementor-type=\"wp-page\" data-elementor-id=\"2024\" class=\"elementor elementor-2024\" data-elementor-post-type=\"page\">\n\t\t\t\t<div class=\"elementor-element elementor-element-d030065 e-flex e-con-boxed e-con e-parent\" data-id=\"d030065\" data-element_type=\"container\" data-e-type=\"container\" data-settings=\"{&quot;background_background&quot;:&quot;classic&quot;}\">\n\t\t\t\t\t<div class=\"e-con-inner\">\n\t\t\t\t<div class=\"elementor-element elementor-element-7e252e5 elementor-widget elementor-widget-heading\" data-id=\"7e252e5\" data-element_type=\"widget\" data-e-type=\"widget\" data-widget_type=\"heading.default\">\n\t\t\t\t<div class=\"elementor-widget-container\">\n\t\t\t\t\t<h2 class=\"elementor-heading-title elementor-size-default\">Nikola Popovi\u0107<\/h2>\t\t\t\t<\/div>\n\t\t\t\t<\/div>\n\t\t\t\t<div class=\"elementor-element elementor-element-8a002a4 elementor-widget-divider--view-line elementor-widget elementor-widget-divider\" data-id=\"8a002a4\" data-element_type=\"widget\" data-e-type=\"widget\" data-widget_type=\"divider.default\">\n\t\t\t\t<div class=\"elementor-widget-container\">\n\t\t\t\t\t\t\t<div class=\"elementor-divider\">\n\t\t\t<span class=\"elementor-divider-separator\">\n\t\t\t\t\t\t<\/span>\n\t\t<\/div>\n\t\t\t\t\t\t<\/div>\n\t\t\t\t<\/div>\n\t\t\t\t<div class=\"elementor-element elementor-element-89aa0af elementor-widget elementor-widget-heading\" data-id=\"89aa0af\" data-element_type=\"widget\" data-e-type=\"widget\" data-widget_type=\"heading.default\">\n\t\t\t\t<div class=\"elementor-widget-container\">\n\t\t\t\t\t<h2 class=\"elementor-heading-title elementor-size-default\">Predstavnik Za<br>Tankersku Plovidbu<br>I Nauti\u010dare<\/h2>\t\t\t\t<\/div>\n\t\t\t\t<\/div>\n\t\t\t\t\t<\/div>\n\t\t\t\t<\/div>\n\t\t<div class=\"elementor-element elementor-element-ff0eb62 e-flex e-con-boxed e-con e-parent\" data-id=\"ff0eb62\" data-element_type=\"container\" data-e-type=\"container\">\n\t\t\t\t\t<div class=\"e-con-inner\">\n\t\t<div class=\"elementor-element elementor-element-e8c0d17 e-con-full e-flex elementor-invisible e-con e-child\" data-id=\"e8c0d17\" data-element_type=\"container\" data-e-type=\"container\" data-settings=\"{&quot;background_background&quot;:&quot;classic&quot;,&quot;animation&quot;:&quot;fadeInLeft&quot;}\">\n\t\t\t\t<div class=\"elementor-element elementor-element-889e0d3 elementor-widget elementor-widget-image\" data-id=\"889e0d3\" data-element_type=\"widget\" data-e-type=\"widget\" data-widget_type=\"image.default\">\n\t\t\t\t<div class=\"elementor-widget-container\">\n\t\t\t\t\t\t\t\t\t\t\t\t\t\t\t<img decoding=\"async\" src=\"https:\/\/tempus-agency.com\/wp-content\/uploads\/elementor\/thumbs\/nikola-qlvwbhvn5h62k6by64xze553wwvd70x7o7kdq2dmku.png\" title=\"nikola\" alt=\"nikola\" loading=\"lazy\" \/>\t\t\t\t\t\t\t\t\t\t\t\t\t\t\t<\/div>\n\t\t\t\t<\/div>\n\t\t\t\t<\/div>\n\t\t<div class=\"elementor-element elementor-element-b41741a e-con-full e-flex e-con e-child\" data-id=\"b41741a\" data-element_type=\"container\" data-e-type=\"container\">\n\t\t\t\t<div class=\"elementor-element elementor-element-8533097 elementor-invisible elementor-widget elementor-widget-heading\" data-id=\"8533097\" data-element_type=\"widget\" data-e-type=\"widget\" data-settings=\"{&quot;_animation&quot;:&quot;fadeInRight&quot;}\" data-widget_type=\"heading.default\">\n\t\t\t\t<div class=\"elementor-widget-container\">\n\t\t\t\t\t<h2 class=\"elementor-heading-title elementor-size-default\">O nikoli<\/h2>\t\t\t\t<\/div>\n\t\t\t\t<\/div>\n\t\t\t\t<div class=\"elementor-element elementor-element-566c098 elementor-widget-divider--view-line elementor-widget elementor-widget-divider\" data-id=\"566c098\" data-element_type=\"widget\" data-e-type=\"widget\" data-widget_type=\"divider.default\">\n\t\t\t\t<div class=\"elementor-widget-container\">\n\t\t\t\t\t\t\t<div class=\"elementor-divider\">\n\t\t\t<span class=\"elementor-divider-separator\">\n\t\t\t\t\t\t<\/span>\n\t\t<\/div>\n\t\t\t\t\t\t<\/div>\n\t\t\t\t<\/div>\n\t\t\t\t<div class=\"elementor-element elementor-element-5bf079f elementor-invisible elementor-widget elementor-widget-text-editor\" data-id=\"5bf079f\" data-element_type=\"widget\" data-e-type=\"widget\" data-settings=\"{&quot;_animation&quot;:&quot;fadeInUp&quot;}\" data-widget_type=\"text-editor.default\">\n\t\t\t\t<div class=\"elementor-widget-container\">\n\t\t\t\t\t\t\t\t\t<p>Nikola Popovi\u0107, iskusni prvi oficir palube u MOL LNG kompaniji, donosi sa sobom impresivnu karijeru i duboko ukorenjeno znanje ste\u010deno tokom 11 godina rada kao oficir palube. Prije nego \u0161to je zapo\u010deo svoje plovidbe na LNG tankerima, Nikola je vlasni\u0161tvo imao malu radnju za popravku brodova, \u0161to mu je pomoglo da stekne pojedine vje\u0161tine koje su mu pomogle u toku njegove karijere.\u2028\u2028<\/p><p>Tokom ve\u0107eg dijela svoje karijere, Nikola je proveo vrijeme u polarnim vodama, sti\u010du\u0107i neprocjenjivo iskustvo u navigaciji i operacijama u izazovnim uslovima. Njegova posve\u0107enost i vje\u0161tina su bile klju\u010dne za sigurnu plovidbu u ovim zahtjevnim regionima.\u2028\u2028<\/p><p>Nikola se nedavno pridru\u017eio Tempus Support Agency kako bi iskoristio priliku da pru\u017ei podr\u0161ku svojim kolegama, uklju\u010duju\u0107i i one najmla\u0111e. Njegova odluka da se pridru\u017ei agenciji proizilazi iz \u017eelje da svoje bogato iskustvo i znanje prenese na druge i doprinese njihovom razvoju i napredovanju u svojim karijerama.\u2028<\/p>\t\t\t\t\t\t\t\t<\/div>\n\t\t\t\t<\/div>\n\t\t\t\t<\/div>\n\t\t\t\t\t<\/div>\n\t\t\t\t<\/div>\n\t\t<div class=\"elementor-element elementor-element-84a216b e-flex e-con-boxed e-con e-parent\" data-id=\"84a216b\" data-element_type=\"container\" data-e-type=\"container\">\n\t\t\t\t\t<div class=\"e-con-inner\">\n\t\t\t\t<div class=\"elementor-element elementor-element-a1aad93 elementor-widget elementor-widget-heading\" data-id=\"a1aad93\" data-element_type=\"widget\" data-e-type=\"widget\" data-widget_type=\"heading.default\">\n\t\t\t\t<div class=\"elementor-widget-container\">\n\t\t\t\t\t<h2 class=\"elementor-heading-title elementor-size-xl\">Kontaktirajte nas<\/h2>\t\t\t\t<\/div>\n\t\t\t\t<\/div>\n\t\t\t\t<div class=\"elementor-element elementor-element-d4ee6de elementor-widget elementor-widget-heading\" data-id=\"d4ee6de\" data-element_type=\"widget\" data-e-type=\"widget\" data-widget_type=\"heading.default\">\n\t\t\t\t<div class=\"elementor-widget-container\">\n\t\t\t\t\t<h2 class=\"elementor-heading-title elementor-size-small\">Na\u0161 tim je dostupan 24\/7 u vezi svih pitanja.<\/h2>\t\t\t\t<\/div>\n\t\t\t\t<\/div>\n\t\t\t\t\t<\/div>\n\t\t\t\t<\/div>\n\t\t<div class=\"elementor-element elementor-element-a78c3fb e-flex e-con-boxed e-con e-parent\" data-id=\"a78c3fb\" data-element_type=\"container\" data-e-type=\"container\">\n\t\t\t\t\t<div class=\"e-con-inner\">\n\t\t<div class=\"elementor-element elementor-element-ede919c e-con-full e-flex e-con e-child\" data-id=\"ede919c\" data-element_type=\"container\" data-e-type=\"container\">\n\t\t\t\t<div class=\"elementor-element elementor-element-dadc332 elementor-widget__width-initial elementor-button-align-stretch elementor-widget elementor-widget-form\" data-id=\"dadc332\" data-element_type=\"widget\" data-e-type=\"widget\" data-settings=\"{&quot;step_next_label&quot;:&quot;Next&quot;,&quot;step_previous_label&quot;:&quot;Previous&quot;,&quot;button_width&quot;:&quot;100&quot;,&quot;step_type&quot;:&quot;number_text&quot;,&quot;step_icon_shape&quot;:&quot;circle&quot;}\" data-widget_type=\"form.default\">\n\t\t\t\t<div class=\"elementor-widget-container\">\n\t\t\t\t\t\t\t<form class=\"elementor-form\" method=\"post\" name=\"Kontakt forma\" aria-label=\"Kontakt forma\">\n\t\t\t<input type=\"hidden\" name=\"post_id\" value=\"2024\"\/>\n\t\t\t<input type=\"hidden\" name=\"form_id\" value=\"dadc332\"\/>\n\t\t\t<input type=\"hidden\" name=\"referer_title\" value=\"Nikola Popovi\u0107\" \/>\n\n\t\t\t\t\t\t\t<input type=\"hidden\" name=\"queried_id\" value=\"2024\"\/>\n\t\t\t\n\t\t\t<div class=\"elementor-form-fields-wrapper elementor-labels-above\">\n\t\t\t\t\t\t\t\t<div class=\"elementor-field-type-text elementor-field-group elementor-column elementor-field-group-name elementor-col-50 elementor-field-required\">\n\t\t\t\t\t\t\t\t\t\t\t\t<label for=\"form-field-name\" class=\"elementor-field-label\">\n\t\t\t\t\t\t\t\tVa\u0161e Ime\t\t\t\t\t\t\t<\/label>\n\t\t\t\t\t\t\t\t\t\t\t\t\t\t<input size=\"1\" type=\"text\" name=\"form_fields[name]\" id=\"form-field-name\" class=\"elementor-field elementor-size-sm  elementor-field-textual\" required=\"required\">\n\t\t\t\t\t\t\t\t\t\t\t<\/div>\n\t\t\t\t\t\t\t\t<div class=\"elementor-field-type-email elementor-field-group elementor-column elementor-field-group-email elementor-col-50 elementor-field-required\">\n\t\t\t\t\t\t\t\t\t\t\t\t<label for=\"form-field-email\" class=\"elementor-field-label\">\n\t\t\t\t\t\t\t\tVa\u0161 Email\t\t\t\t\t\t\t<\/label>\n\t\t\t\t\t\t\t\t\t\t\t\t\t\t<input size=\"1\" type=\"email\" name=\"form_fields[email]\" id=\"form-field-email\" class=\"elementor-field elementor-size-sm  elementor-field-textual\" required=\"required\">\n\t\t\t\t\t\t\t\t\t\t\t<\/div>\n\t\t\t\t\t\t\t\t<div class=\"elementor-field-type-text elementor-field-group elementor-column elementor-field-group-field_503faf0 elementor-col-100 elementor-field-required\">\n\t\t\t\t\t\t\t\t\t\t\t\t<label for=\"form-field-field_503faf0\" class=\"elementor-field-label\">\n\t\t\t\t\t\t\t\tNaslov\t\t\t\t\t\t\t<\/label>\n\t\t\t\t\t\t\t\t\t\t\t\t\t\t<input size=\"1\" type=\"text\" name=\"form_fields[field_503faf0]\" id=\"form-field-field_503faf0\" class=\"elementor-field elementor-size-sm  elementor-field-textual\" required=\"required\">\n\t\t\t\t\t\t\t\t\t\t\t<\/div>\n\t\t\t\t\t\t\t\t<div class=\"elementor-field-type-textarea elementor-field-group elementor-column elementor-field-group-message elementor-col-100 elementor-field-required\">\n\t\t\t\t\t\t\t\t\t\t\t\t<label for=\"form-field-message\" class=\"elementor-field-label\">\n\t\t\t\t\t\t\t\tVa\u0161a Poruka\t\t\t\t\t\t\t<\/label>\n\t\t\t\t\t\t<textarea class=\"elementor-field-textual elementor-field  elementor-size-sm\" name=\"form_fields[message]\" id=\"form-field-message\" rows=\"4\" required=\"required\"><\/textarea>\t\t\t\t<\/div>\n\t\t\t\t\t\t\t\t<div class=\"elementor-field-group elementor-column elementor-field-type-submit elementor-col-100 e-form__buttons\">\n\t\t\t\t\t<button class=\"elementor-button elementor-size-sm\" type=\"submit\">\n\t\t\t\t\t\t<span class=\"elementor-button-content-wrapper\">\n\t\t\t\t\t\t\t\t\t\t\t\t\t\t\t\t\t\t\t\t\t\t<span class=\"elementor-button-text\">Po\u0161alji<\/span>\n\t\t\t\t\t\t\t\t\t\t\t\t\t<\/span>\n\t\t\t\t\t<\/button>\n\t\t\t\t<\/div>\n\t\t\t<\/div>\n\t\t<\/form>\n\t\t\t\t\t\t<\/div>\n\t\t\t\t<\/div>\n\t\t\t\t<\/div>\n\t\t<div class=\"elementor-element elementor-element-ade7e13 e-con-full e-flex e-con e-child\" data-id=\"ade7e13\" data-element_type=\"container\" data-e-type=\"container\">\n\t\t\t\t<div class=\"elementor-element elementor-element-e8009d3 elementor-widget elementor-widget-image\" data-id=\"e8009d3\" data-element_type=\"widget\" data-e-type=\"widget\" data-widget_type=\"image.default\">\n\t\t\t\t<div class=\"elementor-widget-container\">\n\t\t\t\t\t\t\t\t\t\t\t\t\t\t\t<img decoding=\"async\" src=\"https:\/\/tempus-agency.com\/wp-content\/uploads\/elementor\/thumbs\/pin1-removebg-preview-qg304ni1l5b04oyqu9wf1rh9y43103yj3hr4h3hrbk.png\" title=\"pin1-removebg-preview\" alt=\"pin1-removebg-preview\" loading=\"lazy\" \/>\t\t\t\t\t\t\t\t\t\t\t\t\t\t\t<\/div>\n\t\t\t\t<\/div>\n\t\t\t\t<div class=\"elementor-element elementor-element-cdfb191 elementor-widget elementor-widget-image\" data-id=\"cdfb191\" data-element_type=\"widget\" data-e-type=\"widget\" data-widget_type=\"image.default\">\n\t\t\t\t<div class=\"elementor-widget-container\">\n\t\t\t\t\t\t\t\t\t\t\t\t\t\t\t<img decoding=\"async\" src=\"https:\/\/tempus-agency.com\/wp-content\/uploads\/elementor\/thumbs\/telefon1-removebg-preview-qg3045n3zamk03ooqk6i8dzinsj1xuzmp1cwcu88ls.png\" title=\"telefon1-removebg-preview\" alt=\"telefon1-removebg-preview\" loading=\"lazy\" \/>\t\t\t\t\t\t\t\t\t\t\t\t\t\t\t<\/div>\n\t\t\t\t<\/div>\n\t\t\t\t<div class=\"elementor-element elementor-element-7ccbbeb elementor-widget elementor-widget-heading\" data-id=\"7ccbbeb\" data-element_type=\"widget\" data-e-type=\"widget\" data-widget_type=\"heading.default\">\n\t\t\t\t<div class=\"elementor-widget-container\">\n\t\t\t\t\t<h2 class=\"elementor-heading-title elementor-size-default\">Telefon<\/h2>\t\t\t\t<\/div>\n\t\t\t\t<\/div>\n\t\t\t\t<div class=\"elementor-element elementor-element-aa47ee3 elementor-widget elementor-widget-heading\" data-id=\"aa47ee3\" data-element_type=\"widget\" data-e-type=\"widget\" data-widget_type=\"heading.default\">\n\t\t\t\t<div class=\"elementor-widget-container\">\n\t\t\t\t\t<h2 class=\"elementor-heading-title elementor-size-small\">+382 69 169 555<\/h2>\t\t\t\t<\/div>\n\t\t\t\t<\/div>\n\t\t\t\t<div class=\"elementor-element elementor-element-611c456 elementor-widget elementor-widget-image\" data-id=\"611c456\" data-element_type=\"widget\" data-e-type=\"widget\" data-widget_type=\"image.default\">\n\t\t\t\t<div class=\"elementor-widget-container\">\n\t\t\t\t\t\t\t\t\t\t\t\t\t\t\t<img decoding=\"async\" src=\"https:\/\/tempus-agency.com\/wp-content\/uploads\/elementor\/thumbs\/kuverta1-removebg-preview-qg30buxhzf6552hwre1g5y0hwgkc0kkg35t4xgt3m8.png\" title=\"kuverta1-removebg-preview\" alt=\"kuverta1-removebg-preview\" loading=\"lazy\" \/>\t\t\t\t\t\t\t\t\t\t\t\t\t\t\t<\/div>\n\t\t\t\t<\/div>\n\t\t\t\t<div class=\"elementor-element elementor-element-ac2512c elementor-widget elementor-widget-heading\" data-id=\"ac2512c\" data-element_type=\"widget\" data-e-type=\"widget\" data-widget_type=\"heading.default\">\n\t\t\t\t<div class=\"elementor-widget-container\">\n\t\t\t\t\t<h2 class=\"elementor-heading-title elementor-size-default\">Adresa<\/h2>\t\t\t\t<\/div>\n\t\t\t\t<\/div>\n\t\t\t\t<div class=\"elementor-element elementor-element-f1b9347 elementor-widget elementor-widget-heading\" data-id=\"f1b9347\" data-element_type=\"widget\" data-e-type=\"widget\" data-widget_type=\"heading.default\">\n\t\t\t\t<div class=\"elementor-widget-container\">\n\t\t\t\t\t<h2 class=\"elementor-heading-title elementor-size-default\">Email<\/h2>\t\t\t\t<\/div>\n\t\t\t\t<\/div>\n\t\t\t\t<div class=\"elementor-element elementor-element-2cd3a6e elementor-widget elementor-widget-heading\" data-id=\"2cd3a6e\" data-element_type=\"widget\" data-e-type=\"widget\" data-widget_type=\"heading.default\">\n\t\t\t\t<div class=\"elementor-widget-container\">\n\t\t\t\t\t<h2 class=\"elementor-heading-title elementor-size-small\">Tivat bb<\/h2>\t\t\t\t<\/div>\n\t\t\t\t<\/div>\n\t\t\t\t<div class=\"elementor-element elementor-element-ff3e6a4 elementor-widget elementor-widget-heading\" data-id=\"ff3e6a4\" data-element_type=\"widget\" data-e-type=\"widget\" data-widget_type=\"heading.default\">\n\t\t\t\t<div class=\"elementor-widget-container\">\n\t\t\t\t\t<h2 class=\"elementor-heading-title elementor-size-small\">info@tempus-agency.com\u200b<\/h2>\t\t\t\t<\/div>\n\t\t\t\t<\/div>\n\t\t\t\t<\/div>\n\t\t\t\t\t<\/div>\n\t\t\t\t<\/div>\n\t\t\t\t<\/div>\n\t\t","protected":false},"excerpt":{"rendered":"<p>Nikola Popovi\u0107 Predstavnik ZaTankersku PlovidbuI Nauti\u010dare O nikoli Nikola Popovi\u0107, iskusni prvi oficir palube u MOL LNG kompaniji, donosi sa sobom impresivnu karijeru i duboko ukorenjeno znanje ste\u010deno tokom 11 godina rada kao oficir palube. Prije nego \u0161to je zapo\u010deo svoje plovidbe na LNG tankerima, Nikola je vlasni\u0161tvo imao malu radnju za popravku brodova, \u0161to [&hellip;]<\/p>\n","protected":false},"author":1,"featured_media":0,"parent":0,"menu_order":0,"comment_status":"closed","ping_status":"closed","template":"elementor_header_footer","meta":{"footnotes":""},"class_list":["post-2024","page","type-page","status-publish","hentry"],"_links":{"self":[{"href":"https:\/\/tempus-agency.com\/en\/wp-json\/wp\/v2\/pages\/2024","targetHints":{"allow":["GET"]}}],"collection":[{"href":"https:\/\/tempus-agency.com\/en\/wp-json\/wp\/v2\/pages"}],"about":[{"href":"https:\/\/tempus-agency.com\/en\/wp-json\/wp\/v2\/types\/page"}],"author":[{"embeddable":true,"href":"https:\/\/tempus-agency.com\/en\/wp-json\/wp\/v2\/users\/1"}],"replies":[{"embeddable":true,"href":"https:\/\/tempus-agency.com\/en\/wp-json\/wp\/v2\/comments?post=2024"}],"version-history":[{"count":13,"href":"https:\/\/tempus-agency.com\/en\/wp-json\/wp\/v2\/pages\/2024\/revisions"}],"predecessor-version":[{"id":2116,"href":"https:\/\/tempus-agency.com\/en\/wp-json\/wp\/v2\/pages\/2024\/revisions\/2116"}],"wp:attachment":[{"href":"https:\/\/tempus-agency.com\/en\/wp-json\/wp\/v2\/media?parent=2024"}],"curies":[{"name":"wp","href":"https:\/\/api.w.org\/{rel}","templated":true}]}}