{"id":2016,"date":"2024-03-28T16:53:54","date_gmt":"2024-03-28T16:53:54","guid":{"rendered":"https:\/\/tempus-agency.com\/?page_id=2016"},"modified":"2024-03-29T20:04:57","modified_gmt":"2024-03-29T20:04:57","slug":"vasilije-micanovic","status":"publish","type":"page","link":"https:\/\/tempus-agency.com\/en\/vasilije-micanovic\/","title":{"rendered":"Vasilije Mi\u0107anovi\u0107"},"content":{"rendered":"\t\t<div data-elementor-type=\"wp-page\" data-elementor-id=\"2016\" class=\"elementor elementor-2016\" data-elementor-post-type=\"page\">\n\t\t\t\t<div class=\"elementor-element elementor-element-246e8b5 e-flex e-con-boxed e-con e-parent\" data-id=\"246e8b5\" data-element_type=\"container\" data-e-type=\"container\" data-settings=\"{&quot;background_background&quot;:&quot;classic&quot;}\">\n\t\t\t\t\t<div class=\"e-con-inner\">\n\t\t\t\t<div class=\"elementor-element elementor-element-8386925 elementor-widget elementor-widget-heading\" data-id=\"8386925\" data-element_type=\"widget\" data-e-type=\"widget\" data-widget_type=\"heading.default\">\n\t\t\t\t<div class=\"elementor-widget-container\">\n\t\t\t\t\t<h2 class=\"elementor-heading-title elementor-size-default\">Vasilije Mi\u0107anovi\u0107<\/h2>\t\t\t\t<\/div>\n\t\t\t\t<\/div>\n\t\t\t\t<div class=\"elementor-element elementor-element-f3076ea elementor-widget-divider--view-line elementor-widget elementor-widget-divider\" data-id=\"f3076ea\" data-element_type=\"widget\" data-e-type=\"widget\" data-widget_type=\"divider.default\">\n\t\t\t\t<div class=\"elementor-widget-container\">\n\t\t\t\t\t\t\t<div class=\"elementor-divider\">\n\t\t\t<span class=\"elementor-divider-separator\">\n\t\t\t\t\t\t<\/span>\n\t\t<\/div>\n\t\t\t\t\t\t<\/div>\n\t\t\t\t<\/div>\n\t\t\t\t<div class=\"elementor-element elementor-element-9fdc03d elementor-widget elementor-widget-heading\" data-id=\"9fdc03d\" data-element_type=\"widget\" data-e-type=\"widget\" data-widget_type=\"heading.default\">\n\t\t\t\t<div class=\"elementor-widget-container\">\n\t\t\t\t\t<h2 class=\"elementor-heading-title elementor-size-default\">Predstavnik Za Brodoma\u0161ince <br>I Osniva\u010d<\/h2>\t\t\t\t<\/div>\n\t\t\t\t<\/div>\n\t\t\t\t\t<\/div>\n\t\t\t\t<\/div>\n\t\t<div class=\"elementor-element elementor-element-c9b7f55 e-flex e-con-boxed e-con e-parent\" data-id=\"c9b7f55\" data-element_type=\"container\" data-e-type=\"container\">\n\t\t\t\t\t<div class=\"e-con-inner\">\n\t\t<div class=\"elementor-element elementor-element-a9b2db3 e-con-full e-flex elementor-invisible e-con e-child\" data-id=\"a9b2db3\" data-element_type=\"container\" data-e-type=\"container\" data-settings=\"{&quot;animation&quot;:&quot;fadeInLeft&quot;}\">\n\t\t\t\t<div class=\"elementor-element elementor-element-997f27f elementor-widget elementor-widget-image\" data-id=\"997f27f\" data-element_type=\"widget\" data-e-type=\"widget\" data-widget_type=\"image.default\">\n\t\t\t\t<div class=\"elementor-widget-container\">\n\t\t\t\t\t\t\t\t\t\t\t\t\t\t\t<img decoding=\"async\" src=\"https:\/\/tempus-agency.com\/wp-content\/uploads\/elementor\/thumbs\/PHOTO-2024-03-12-21-11-12-qlvvt37fb9yx732inoi02ad549llgeug53n2dzo6fi.jpg\" title=\"PHOTO-2024-03-12-21-11-12\" alt=\"PHOTO-2024-03-12-21-11-12\" loading=\"lazy\" \/>\t\t\t\t\t\t\t\t\t\t\t\t\t\t\t<\/div>\n\t\t\t\t<\/div>\n\t\t\t\t<\/div>\n\t\t<div class=\"elementor-element elementor-element-49a418f e-con-full e-flex e-con e-child\" data-id=\"49a418f\" data-element_type=\"container\" data-e-type=\"container\">\n\t\t\t\t<div class=\"elementor-element elementor-element-fbb50e5 elementor-invisible elementor-widget elementor-widget-heading\" data-id=\"fbb50e5\" data-element_type=\"widget\" data-e-type=\"widget\" data-settings=\"{&quot;_animation&quot;:&quot;fadeInRight&quot;}\" data-widget_type=\"heading.default\">\n\t\t\t\t<div class=\"elementor-widget-container\">\n\t\t\t\t\t<h2 class=\"elementor-heading-title elementor-size-default\">O vasiliju<\/h2>\t\t\t\t<\/div>\n\t\t\t\t<\/div>\n\t\t\t\t<div class=\"elementor-element elementor-element-7e082f9 elementor-widget-divider--view-line elementor-widget elementor-widget-divider\" data-id=\"7e082f9\" data-element_type=\"widget\" data-e-type=\"widget\" data-widget_type=\"divider.default\">\n\t\t\t\t<div class=\"elementor-widget-container\">\n\t\t\t\t\t\t\t<div class=\"elementor-divider\">\n\t\t\t<span class=\"elementor-divider-separator\">\n\t\t\t\t\t\t<\/span>\n\t\t<\/div>\n\t\t\t\t\t\t<\/div>\n\t\t\t\t<\/div>\n\t\t\t\t<div class=\"elementor-element elementor-element-91c81c2 elementor-invisible elementor-widget elementor-widget-text-editor\" data-id=\"91c81c2\" data-element_type=\"widget\" data-e-type=\"widget\" data-settings=\"{&quot;_animation&quot;:&quot;fadeInUp&quot;}\" data-widget_type=\"text-editor.default\">\n\t\t\t\t<div class=\"elementor-widget-container\">\n\t\t\t\t\t\t\t\t\t<p>Moje vrijeme na brodu definitivno je bilo vi\u0161e edukativno nego svo moja \u0161kolovanje. Vasilije Mi\u0107anovi\u0107, osniva\u010d Tempus Support Agency, mladi pomorac s obiljem prakti\u010dnog iskustva. Prepoznav\u0161i izazove s kojima se pomorci suo\u010davaju, odlu\u010dio je osnovati agenciju kao centralno mjesto podr\u0161ke, gdje svaki pomorac mo\u017ee prona\u0107i podr\u0161ku i resurse potrebne za uspjeh u njihovim karijerama.\u2028\u2028<\/p><p>Vasilije vjeruje da je uz timski rad i me\u0111usobno povjerenje sve mogu\u0107e ostvariti.<\/p>\t\t\t\t\t\t\t\t<\/div>\n\t\t\t\t<\/div>\n\t\t\t\t<\/div>\n\t\t\t\t\t<\/div>\n\t\t\t\t<\/div>\n\t\t<div class=\"elementor-element elementor-element-c7d0479 e-flex e-con-boxed e-con e-parent\" data-id=\"c7d0479\" data-element_type=\"container\" data-e-type=\"container\">\n\t\t\t\t\t<div class=\"e-con-inner\">\n\t\t\t\t<div class=\"elementor-element elementor-element-8232501 elementor-widget elementor-widget-heading\" data-id=\"8232501\" data-element_type=\"widget\" data-e-type=\"widget\" data-widget_type=\"heading.default\">\n\t\t\t\t<div class=\"elementor-widget-container\">\n\t\t\t\t\t<h2 class=\"elementor-heading-title elementor-size-xl\">Kontaktirajte nas<\/h2>\t\t\t\t<\/div>\n\t\t\t\t<\/div>\n\t\t\t\t<div class=\"elementor-element elementor-element-a7b04bc elementor-widget elementor-widget-heading\" data-id=\"a7b04bc\" data-element_type=\"widget\" data-e-type=\"widget\" data-widget_type=\"heading.default\">\n\t\t\t\t<div class=\"elementor-widget-container\">\n\t\t\t\t\t<h2 class=\"elementor-heading-title elementor-size-small\">Na\u0161 tim je dostupan 24\/7 u vezi svih pitanja.<\/h2>\t\t\t\t<\/div>\n\t\t\t\t<\/div>\n\t\t\t\t\t<\/div>\n\t\t\t\t<\/div>\n\t\t<div class=\"elementor-element elementor-element-f48eabf e-flex e-con-boxed e-con e-parent\" data-id=\"f48eabf\" data-element_type=\"container\" data-e-type=\"container\">\n\t\t\t\t\t<div class=\"e-con-inner\">\n\t\t<div class=\"elementor-element elementor-element-321826d e-con-full e-flex e-con e-child\" data-id=\"321826d\" data-element_type=\"container\" data-e-type=\"container\">\n\t\t\t\t<div class=\"elementor-element elementor-element-4775350 elementor-widget__width-initial elementor-button-align-stretch elementor-widget elementor-widget-form\" data-id=\"4775350\" data-element_type=\"widget\" data-e-type=\"widget\" data-settings=\"{&quot;step_next_label&quot;:&quot;Next&quot;,&quot;step_previous_label&quot;:&quot;Previous&quot;,&quot;button_width&quot;:&quot;100&quot;,&quot;step_type&quot;:&quot;number_text&quot;,&quot;step_icon_shape&quot;:&quot;circle&quot;}\" data-widget_type=\"form.default\">\n\t\t\t\t<div class=\"elementor-widget-container\">\n\t\t\t\t\t\t\t<form class=\"elementor-form\" method=\"post\" name=\"Kontakt forma\" aria-label=\"Kontakt forma\">\n\t\t\t<input type=\"hidden\" name=\"post_id\" value=\"2016\"\/>\n\t\t\t<input type=\"hidden\" name=\"form_id\" value=\"4775350\"\/>\n\t\t\t<input type=\"hidden\" name=\"referer_title\" value=\"Vasilije Mi\u0107anovi\u0107\" \/>\n\n\t\t\t\t\t\t\t<input type=\"hidden\" name=\"queried_id\" value=\"2016\"\/>\n\t\t\t\n\t\t\t<div class=\"elementor-form-fields-wrapper elementor-labels-above\">\n\t\t\t\t\t\t\t\t<div class=\"elementor-field-type-text elementor-field-group elementor-column elementor-field-group-name elementor-col-50 elementor-field-required\">\n\t\t\t\t\t\t\t\t\t\t\t\t<label for=\"form-field-name\" class=\"elementor-field-label\">\n\t\t\t\t\t\t\t\tVa\u0161e Ime\t\t\t\t\t\t\t<\/label>\n\t\t\t\t\t\t\t\t\t\t\t\t\t\t<input size=\"1\" type=\"text\" name=\"form_fields[name]\" id=\"form-field-name\" class=\"elementor-field elementor-size-sm  elementor-field-textual\" required=\"required\">\n\t\t\t\t\t\t\t\t\t\t\t<\/div>\n\t\t\t\t\t\t\t\t<div class=\"elementor-field-type-email elementor-field-group elementor-column elementor-field-group-email elementor-col-50 elementor-field-required\">\n\t\t\t\t\t\t\t\t\t\t\t\t<label for=\"form-field-email\" class=\"elementor-field-label\">\n\t\t\t\t\t\t\t\tVa\u0161 Email\t\t\t\t\t\t\t<\/label>\n\t\t\t\t\t\t\t\t\t\t\t\t\t\t<input size=\"1\" type=\"email\" name=\"form_fields[email]\" id=\"form-field-email\" class=\"elementor-field elementor-size-sm  elementor-field-textual\" required=\"required\">\n\t\t\t\t\t\t\t\t\t\t\t<\/div>\n\t\t\t\t\t\t\t\t<div class=\"elementor-field-type-text elementor-field-group elementor-column elementor-field-group-field_503faf0 elementor-col-100 elementor-field-required\">\n\t\t\t\t\t\t\t\t\t\t\t\t<label for=\"form-field-field_503faf0\" class=\"elementor-field-label\">\n\t\t\t\t\t\t\t\tNaslov\t\t\t\t\t\t\t<\/label>\n\t\t\t\t\t\t\t\t\t\t\t\t\t\t<input size=\"1\" type=\"text\" name=\"form_fields[field_503faf0]\" id=\"form-field-field_503faf0\" class=\"elementor-field elementor-size-sm  elementor-field-textual\" required=\"required\">\n\t\t\t\t\t\t\t\t\t\t\t<\/div>\n\t\t\t\t\t\t\t\t<div class=\"elementor-field-type-textarea elementor-field-group elementor-column elementor-field-group-message elementor-col-100 elementor-field-required\">\n\t\t\t\t\t\t\t\t\t\t\t\t<label for=\"form-field-message\" class=\"elementor-field-label\">\n\t\t\t\t\t\t\t\tVa\u0161a Poruka\t\t\t\t\t\t\t<\/label>\n\t\t\t\t\t\t<textarea class=\"elementor-field-textual elementor-field  elementor-size-sm\" name=\"form_fields[message]\" id=\"form-field-message\" rows=\"4\" required=\"required\"><\/textarea>\t\t\t\t<\/div>\n\t\t\t\t\t\t\t\t<div class=\"elementor-field-group elementor-column elementor-field-type-submit elementor-col-100 e-form__buttons\">\n\t\t\t\t\t<button class=\"elementor-button elementor-size-sm\" type=\"submit\">\n\t\t\t\t\t\t<span class=\"elementor-button-content-wrapper\">\n\t\t\t\t\t\t\t\t\t\t\t\t\t\t\t\t\t\t\t\t\t\t<span class=\"elementor-button-text\">Po\u0161alji<\/span>\n\t\t\t\t\t\t\t\t\t\t\t\t\t<\/span>\n\t\t\t\t\t<\/button>\n\t\t\t\t<\/div>\n\t\t\t<\/div>\n\t\t<\/form>\n\t\t\t\t\t\t<\/div>\n\t\t\t\t<\/div>\n\t\t\t\t<\/div>\n\t\t<div class=\"elementor-element elementor-element-3f49c29 e-con-full e-flex e-con e-child\" data-id=\"3f49c29\" data-element_type=\"container\" data-e-type=\"container\">\n\t\t\t\t<div class=\"elementor-element elementor-element-12a8e2d elementor-widget elementor-widget-image\" data-id=\"12a8e2d\" data-element_type=\"widget\" data-e-type=\"widget\" data-widget_type=\"image.default\">\n\t\t\t\t<div class=\"elementor-widget-container\">\n\t\t\t\t\t\t\t\t\t\t\t\t\t\t\t<img decoding=\"async\" src=\"https:\/\/tempus-agency.com\/wp-content\/uploads\/elementor\/thumbs\/pin1-removebg-preview-qg304ni1l5b04oyqu9wf1rh9y43103yj3hr4h3hrbk.png\" title=\"pin1-removebg-preview\" alt=\"pin1-removebg-preview\" loading=\"lazy\" \/>\t\t\t\t\t\t\t\t\t\t\t\t\t\t\t<\/div>\n\t\t\t\t<\/div>\n\t\t\t\t<div class=\"elementor-element elementor-element-a9cac50 elementor-widget elementor-widget-image\" data-id=\"a9cac50\" data-element_type=\"widget\" data-e-type=\"widget\" data-widget_type=\"image.default\">\n\t\t\t\t<div class=\"elementor-widget-container\">\n\t\t\t\t\t\t\t\t\t\t\t\t\t\t\t<img decoding=\"async\" src=\"https:\/\/tempus-agency.com\/wp-content\/uploads\/elementor\/thumbs\/telefon1-removebg-preview-qg3045n3zamk03ooqk6i8dzinsj1xuzmp1cwcu88ls.png\" title=\"telefon1-removebg-preview\" alt=\"telefon1-removebg-preview\" loading=\"lazy\" \/>\t\t\t\t\t\t\t\t\t\t\t\t\t\t\t<\/div>\n\t\t\t\t<\/div>\n\t\t\t\t<div class=\"elementor-element elementor-element-79f0a98 elementor-widget elementor-widget-heading\" data-id=\"79f0a98\" data-element_type=\"widget\" data-e-type=\"widget\" data-widget_type=\"heading.default\">\n\t\t\t\t<div class=\"elementor-widget-container\">\n\t\t\t\t\t<h2 class=\"elementor-heading-title elementor-size-default\">Telefon<\/h2>\t\t\t\t<\/div>\n\t\t\t\t<\/div>\n\t\t\t\t<div class=\"elementor-element elementor-element-f1e2924 elementor-widget elementor-widget-heading\" data-id=\"f1e2924\" data-element_type=\"widget\" data-e-type=\"widget\" data-widget_type=\"heading.default\">\n\t\t\t\t<div class=\"elementor-widget-container\">\n\t\t\t\t\t<h2 class=\"elementor-heading-title elementor-size-small\">+382 69 169 555<\/h2>\t\t\t\t<\/div>\n\t\t\t\t<\/div>\n\t\t\t\t<div class=\"elementor-element elementor-element-a8ee144 elementor-widget elementor-widget-image\" data-id=\"a8ee144\" data-element_type=\"widget\" data-e-type=\"widget\" data-widget_type=\"image.default\">\n\t\t\t\t<div class=\"elementor-widget-container\">\n\t\t\t\t\t\t\t\t\t\t\t\t\t\t\t<img decoding=\"async\" src=\"https:\/\/tempus-agency.com\/wp-content\/uploads\/elementor\/thumbs\/kuverta1-removebg-preview-qg30buxhzf6552hwre1g5y0hwgkc0kkg35t4xgt3m8.png\" title=\"kuverta1-removebg-preview\" alt=\"kuverta1-removebg-preview\" loading=\"lazy\" \/>\t\t\t\t\t\t\t\t\t\t\t\t\t\t\t<\/div>\n\t\t\t\t<\/div>\n\t\t\t\t<div class=\"elementor-element elementor-element-312ebed elementor-widget elementor-widget-heading\" data-id=\"312ebed\" data-element_type=\"widget\" data-e-type=\"widget\" data-widget_type=\"heading.default\">\n\t\t\t\t<div class=\"elementor-widget-container\">\n\t\t\t\t\t<h2 class=\"elementor-heading-title elementor-size-default\">Adresa<\/h2>\t\t\t\t<\/div>\n\t\t\t\t<\/div>\n\t\t\t\t<div class=\"elementor-element elementor-element-f70e022 elementor-widget elementor-widget-heading\" data-id=\"f70e022\" data-element_type=\"widget\" data-e-type=\"widget\" data-widget_type=\"heading.default\">\n\t\t\t\t<div class=\"elementor-widget-container\">\n\t\t\t\t\t<h2 class=\"elementor-heading-title elementor-size-default\">Email<\/h2>\t\t\t\t<\/div>\n\t\t\t\t<\/div>\n\t\t\t\t<div class=\"elementor-element elementor-element-608eca4 elementor-widget elementor-widget-heading\" data-id=\"608eca4\" data-element_type=\"widget\" data-e-type=\"widget\" data-widget_type=\"heading.default\">\n\t\t\t\t<div class=\"elementor-widget-container\">\n\t\t\t\t\t<h2 class=\"elementor-heading-title elementor-size-small\">Tivat bb<\/h2>\t\t\t\t<\/div>\n\t\t\t\t<\/div>\n\t\t\t\t<div class=\"elementor-element elementor-element-31b79b4 elementor-widget elementor-widget-heading\" data-id=\"31b79b4\" data-element_type=\"widget\" data-e-type=\"widget\" data-widget_type=\"heading.default\">\n\t\t\t\t<div class=\"elementor-widget-container\">\n\t\t\t\t\t<h2 class=\"elementor-heading-title elementor-size-small\">info@tempus-agency.com\u200b<\/h2>\t\t\t\t<\/div>\n\t\t\t\t<\/div>\n\t\t\t\t<\/div>\n\t\t\t\t\t<\/div>\n\t\t\t\t<\/div>\n\t\t\t\t<\/div>\n\t\t","protected":false},"excerpt":{"rendered":"<p>Vasilije Mi\u0107anovi\u0107 Predstavnik Za Brodoma\u0161ince I Osniva\u010d O vasiliju Moje vrijeme na brodu definitivno je bilo vi\u0161e edukativno nego svo moja \u0161kolovanje. Vasilije Mi\u0107anovi\u0107, osniva\u010d Tempus Support Agency, mladi pomorac s obiljem prakti\u010dnog iskustva. Prepoznav\u0161i izazove s kojima se pomorci suo\u010davaju, odlu\u010dio je osnovati agenciju kao centralno mjesto podr\u0161ke, gdje svaki pomorac mo\u017ee prona\u0107i podr\u0161ku [&hellip;]<\/p>\n","protected":false},"author":1,"featured_media":0,"parent":0,"menu_order":0,"comment_status":"closed","ping_status":"closed","template":"elementor_header_footer","meta":{"footnotes":""},"class_list":["post-2016","page","type-page","status-publish","hentry"],"_links":{"self":[{"href":"https:\/\/tempus-agency.com\/en\/wp-json\/wp\/v2\/pages\/2016","targetHints":{"allow":["GET"]}}],"collection":[{"href":"https:\/\/tempus-agency.com\/en\/wp-json\/wp\/v2\/pages"}],"about":[{"href":"https:\/\/tempus-agency.com\/en\/wp-json\/wp\/v2\/types\/page"}],"author":[{"embeddable":true,"href":"https:\/\/tempus-agency.com\/en\/wp-json\/wp\/v2\/users\/1"}],"replies":[{"embeddable":true,"href":"https:\/\/tempus-agency.com\/en\/wp-json\/wp\/v2\/comments?post=2016"}],"version-history":[{"count":10,"href":"https:\/\/tempus-agency.com\/en\/wp-json\/wp\/v2\/pages\/2016\/revisions"}],"predecessor-version":[{"id":2110,"href":"https:\/\/tempus-agency.com\/en\/wp-json\/wp\/v2\/pages\/2016\/revisions\/2110"}],"wp:attachment":[{"href":"https:\/\/tempus-agency.com\/en\/wp-json\/wp\/v2\/media?parent=2016"}],"curies":[{"name":"wp","href":"https:\/\/api.w.org\/{rel}","templated":true}]}}